{"id":105399,"date":"2021-02-21T23:07:53","date_gmt":"2021-02-21T23:07:53","guid":{"rendered":"https:\/\/www.autonvaraosahaku.fi\/?product=osram-9006-01b-lamput-hehkulamppu"},"modified":"2021-02-21T23:07:56","modified_gmt":"2021-02-21T23:07:56","slug":"osram-9006-01b-lamput-hehkulamppu","status":"publish","type":"product","link":"https:\/\/www.autonvaraosahaku.fi\/?product=osram-9006-01b-lamput-hehkulamppu","title":{"rendered":"Osram 9006-01B Lamput (hehkulamppu)"},"content":{"rendered":"<p>Lamppumalli: HB4; J\u00e4nnite (V): 12; Nimellisteho (W): 51; Kantamalli: P22d; M\u00e4\u00e4r\u00e4: 1; Tuotelinja: ORIGINAL; VW: GOLF V 1K1,TOURAN 1T1, 1T2,GOLF VI 5K1,PASSAT Variant 3C5,GOLF PLUS 5M1, 521,PASSAT 3C2,POLO 6R, 6C,TIGUAN 5N_,CADDY III Kombi 2KB, 2KJ, 2CB, 2CJ,TRANSPORTER V Bus 7HB, 7HJ, 7EB, 7EJ, 7EF,TOURAN 1T3,GOLF VI Variant AJ5,MULTIVAN V 7HM, 7HN, 7HF, 7EF, 7EM, 7EN,UP,CADDY III Kasten 2KA, 2KH, 2CA, 2CH,EOS 1F7, 1F8,SCIROCCO 137, 138,TRANSPORTER V Kasten 7HA, 7HH, 7EA, 7EH,TOUAREG 7P5,JETTA III 1K2,AMAROK 2H_, S1B,GOLF VI Cabriolet 517,BEETLE 5C1,JETTA IV 162, 163,POLO Stufenheck,TRANSPORTER V Pritsche\/Fahrgestell 7JD, 7JE, 7JL, 7JY, 7JZ,,BEETLE Cabriolet 5C7,GOL,POLO Van 6R,AMAROK Pritsche\/Fahrgestell S1B,LOAD UP; MAZDA: 3 BK,MX-5 II NB,2 DY,6 Kombi GH,3 BL,6 Schr\u00e4gheck GH,RX 8 SE17,3 Stufenheck BK,6 GH,MPV II LW,3 Stufenheck BL,XEDOS 9 TA,CX-9 TB; NISSAN: MICRA II K11,ALMERA TINO V10,TERRANO II R20,MAXIMA QX A33,MAXIMA QX A32; JEEP: COMMANDER XK; SKODA: OCTAVIA Combi 1Z5,ROOMSTER 5J,OCTAVIA 1Z3,CITIGO,ROOMSTER Praktik 5J; SEAT: LEON 1P1,IBIZA V 6J5, 6P5,ALTEA XL 5P5, 5P8,IBIZA V ST 6J8, 6P8,ALHAMBRA 710, 711,Mii KF1_,IBIZA V SPORTCOUPE 6J1, 6P1,TOLEDO III 5P2; CHEVROLET: CORVETTE C5,TRAILBLAZER KC_,CAMARO F,CORVETTE Convertible,CAMARO Convertible F,TAHOE GMT400; MERCEDES-BENZ: C-CLASS W203,E-CLASS W211,C-CLASS T-Model S203,E-CLASS T-Model S211,SLK R170,C-CLASS Coupe CL203,SLK R171,CLK C209,CLK Cabriolet A209,S-CLASS Coupe C215; KIA: RIO III UB,CEE&#8217;D JD,CERATO LD,SPORTAGE QL,SOUL II PS,RIO IV YB,CEE&#8217;D Combi Van JD,PICANTO JA,STONIC YB; HONDA: CR-V II RD_,ACCORD VI CG, CK,CIVIC VII Coupe EM2,CIVIC VIII Stufenheck FD, FA,INTEGRA Coupe DC2, DC4,CIVIC VII Stufenheck ES<\/p>\n","protected":false},"excerpt":{"rendered":"<p>OSRAM Polttimo, Kaukovalo 9006-01B  VW,MAZDA,NISSAN,GOLF V 1K1,TOURAN 1T1, 1T2,GOLF VI 5K1,PASSAT Variant 3C5,GOLF PLUS 5M1, 521,PASSAT 3C2<\/p>\n","protected":false},"featured_media":0,"template":"","meta":{"site-sidebar-layout":"default","site-content-layout":"default","ast-global-header-display":"","ast-main-header-display":"","ast-hfb-above-header-display":"","ast-hfb-below-header-display":"","ast-hfb-mobile-header-display":"","site-post-title":"","ast-breadcrumbs-content":"","ast-featured-img":"","footer-sml-layout":"","theme-transparent-header-meta":"","adv-header-id-meta":"","stick-header-meta":"","header-above-stick-meta":"","header-main-stick-meta":"","header-below-stick-meta":""},"pwb-brand":[549],"product_cat":[151],"product_tag":[],"class_list":{"0":"post-105399","1":"product","2":"type-product","3":"status-publish","5":"pwb-brand-osram","6":"product_cat-lamput-hehkulamppu","7":"desktop-align-left","8":"tablet-align-left","9":"mobile-align-left","11":"first","12":"instock","13":"product-type-external"},"brands":[{"id":549,"name":"Osram","slug":"osram"}],"_links":{"self":[{"href":"https:\/\/www.autonvaraosahaku.fi\/index.php?rest_route=\/wp\/v2\/product\/105399","targetHints":{"allow":["GET"]}}],"collection":[{"href":"https:\/\/www.autonvaraosahaku.fi\/index.php?rest_route=\/wp\/v2\/product"}],"about":[{"href":"https:\/\/www.autonvaraosahaku.fi\/index.php?rest_route=\/wp\/v2\/types\/product"}],"wp:attachment":[{"href":"https:\/\/www.autonvaraosahaku.fi\/index.php?rest_route=%2Fwp%2Fv2%2Fmedia&parent=105399"}],"wp:term":[{"taxonomy":"pwb-brand","embeddable":true,"href":"https:\/\/www.autonvaraosahaku.fi\/index.php?rest_route=%2Fwp%2Fv2%2Fpwb-brand&post=105399"},{"taxonomy":"product_cat","embeddable":true,"href":"https:\/\/www.autonvaraosahaku.fi\/index.php?rest_route=%2Fwp%2Fv2%2Fproduct_cat&post=105399"},{"taxonomy":"product_tag","embeddable":true,"href":"https:\/\/www.autonvaraosahaku.fi\/index.php?rest_route=%2Fwp%2Fv2%2Fproduct_tag&post=105399"}],"curies":[{"name":"wp","href":"https:\/\/api.w.org\/{rel}","templated":true}]}}