{"id":105453,"date":"2021-02-21T23:08:12","date_gmt":"2021-02-21T23:08:12","guid":{"rendered":"https:\/\/www.autonvaraosahaku.fi\/?product=osram-7511tsp-lamput-hehkulamppu"},"modified":"2021-02-21T23:08:13","modified_gmt":"2021-02-21T23:08:13","slug":"osram-7511tsp-lamput-hehkulamppu","status":"publish","type":"product","link":"https:\/\/www.autonvaraosahaku.fi\/?product=osram-7511tsp-lamput-hehkulamppu","title":{"rendered":"Osram 7511TSP Lamput (hehkulamppu)"},"content":{"rendered":"<p>Lamppumalli: P21W; J\u00e4nnite (V): 24; Nimellisteho (W): 21; Kantamalli: BA15s; Tuotelinja: TRUCKSTAR PRO; Asennuspuoli: vorne und hinten; VW: L 80; IVECO: DAILY II Pritsche\/Fahrgestell,DAILY II Kasten\/Kombi,DAILY I Pritsche\/Fahrgestell,DAILY II Bus,DAILY I Kasten\/Kombi,DAILY II Kipper,EUROCARGO I-III,EuroCargo V,EUROSTAR,EUROTECH MH,EUROTECH MP,EUROTECH MT,EUROTRAKKER,MAGELYS,STRALIS,STRATOR,TECTOR,TRAKKER,TURBOSTAR,TURBOTECH; VOLVO: 7700,9700,9900,B12,F10,F12,F16,FE,FE II,FH,FH II,FH12,FH16,FH16 II,FL,FL II,FL III,FL10,FL12,FL6,FL7,FLC,FM,FM II,FM10,FM12,FM7,FM9,FMX,FMX II,FS7,NH12; MERCEDES-BENZ: T2\/LN1 Kasten\/Kombi,VARIO Kasten\/Kombi,VARIO Pritsche\/Fahrgestell,VARIO Kipper,T2\/LN1 Pritsche\/Fahrgestell,VARIO Bus,T2\/LN1 Kipper,T2\/LN1 Bus,VARIO Triebkopf,T2\/LN1 Triebkopf,ACTROS,ACTROS MP2 \/ MP3,ACTROS MP4 \/ MP5,ANTOS,AROCS,ATEGO,ATEGO 2,ATEGO 3,AXOR,AXOR 2,CAPACITY,CITARO (O 530),CITO (O 520),CONECTO (O 345),ECONIC,ECONIC 2,INTEGRO (O 550),INTOURO,LK\/LN2,MK,NG,O 100,O 302,O 317,O 340,O 404,O 405,O 407,O 408,SK,TOURINO (O 510),TOURISMO (O 350),TOURO (O 500),TRAVEGO (O 580),UNIMOG,ZETROS; SETRA: Series 400; SCANIA: 3 &#8211; series,3 &#8211; series bus,4 &#8211; series,L,P,G,R,S &#8211; series,P,G,R,T &#8211; series; RENAULT TRUCKS: B Pritsche\/Fahrgestell,B Kasten\/Kombi,MESSENGER Kasten\/Kombi,MESSENGER Pritsche\/Fahrgestell,MESSENGER Kipper,C,D,D ACCESS,K,KERAX,MAGNUM,MAJOR,MANAGER,MAXITY,MAXTER,MIDLINER,MIDLUM,PREMIUM,PREMIUM 2,T; NEOPLAN: Centroliner,Cityliner,Euroliner,Jetliner,Skyliner,Spaceliner,Starliner,Tourliner,Transliner,Trendliner; MAN: CLA,E2000,EL,EM,F2000,F90,F90 Unterflur,G90,L2000,LION\u00b4S CITY,LION\u00b4S COACH,LION\u00b4S COMFORT,LION\u00b4S STAR,M 2000 L,M 2000 M,M90,NG,NL,NM,N\u00dc,SD,SG,SL II,SM,SR,S\u00dc,TGA,TGL,TGM,TGS,TGX,\u00dcL; IRISBUS: AGORA,ARWAY,CITELIS,CROSSWAY,DOMINO,MAGELYS,PROWAY<\/p>\n","protected":false},"excerpt":{"rendered":"<p>OSRAM Polttimo, Vilkkuvalo 7511TSP  VW,IVECO,VOLVO,L 80,DAILY II Pritsche\/Fahrgestell,DAILY II Kasten\/Kombi,DAILY I Pritsche\/Fahrgestell,DAILY II Bus<\/p>\n","protected":false},"featured_media":0,"template":"","meta":{"site-sidebar-layout":"default","site-content-layout":"default","ast-global-header-display":"","ast-main-header-display":"","ast-hfb-above-header-display":"","ast-hfb-below-header-display":"","ast-hfb-mobile-header-display":"","site-post-title":"","ast-breadcrumbs-content":"","ast-featured-img":"","footer-sml-layout":"","theme-transparent-header-meta":"","adv-header-id-meta":"","stick-header-meta":"","header-above-stick-meta":"","header-main-stick-meta":"","header-below-stick-meta":""},"pwb-brand":[549],"product_cat":[151],"product_tag":[],"class_list":{"0":"post-105453","1":"product","2":"type-product","3":"status-publish","5":"pwb-brand-osram","6":"product_cat-lamput-hehkulamppu","7":"desktop-align-left","8":"tablet-align-left","9":"mobile-align-left","11":"first","12":"instock","13":"product-type-external"},"brands":[{"id":549,"name":"Osram","slug":"osram"}],"_links":{"self":[{"href":"https:\/\/www.autonvaraosahaku.fi\/index.php?rest_route=\/wp\/v2\/product\/105453","targetHints":{"allow":["GET"]}}],"collection":[{"href":"https:\/\/www.autonvaraosahaku.fi\/index.php?rest_route=\/wp\/v2\/product"}],"about":[{"href":"https:\/\/www.autonvaraosahaku.fi\/index.php?rest_route=\/wp\/v2\/types\/product"}],"wp:attachment":[{"href":"https:\/\/www.autonvaraosahaku.fi\/index.php?rest_route=%2Fwp%2Fv2%2Fmedia&parent=105453"}],"wp:term":[{"taxonomy":"pwb-brand","embeddable":true,"href":"https:\/\/www.autonvaraosahaku.fi\/index.php?rest_route=%2Fwp%2Fv2%2Fpwb-brand&post=105453"},{"taxonomy":"product_cat","embeddable":true,"href":"https:\/\/www.autonvaraosahaku.fi\/index.php?rest_route=%2Fwp%2Fv2%2Fproduct_cat&post=105453"},{"taxonomy":"product_tag","embeddable":true,"href":"https:\/\/www.autonvaraosahaku.fi\/index.php?rest_route=%2Fwp%2Fv2%2Fproduct_tag&post=105453"}],"curies":[{"name":"wp","href":"https:\/\/api.w.org\/{rel}","templated":true}]}}