{"id":105538,"date":"2021-02-21T23:08:37","date_gmt":"2021-02-21T23:08:37","guid":{"rendered":"https:\/\/www.autonvaraosahaku.fi\/?product=philips-13821cp-lamput-hehkulamppu"},"modified":"2021-02-21T23:08:39","modified_gmt":"2021-02-21T23:08:39","slug":"philips-13821cp-lamput-hehkulamppu","status":"publish","type":"product","link":"https:\/\/www.autonvaraosahaku.fi\/?product=philips-13821cp-lamput-hehkulamppu","title":{"rendered":"Philips 13821CP Lamput (hehkulamppu)"},"content":{"rendered":"<p>Lamppumalli: R5W, 191; J\u00e4nnite (V): 24; Nimellisteho (W): 5; Kantamalli: BA15s; Pakkaustyyppi: Laatikko; Asennuspuoli: hinten; MERCEDES-BENZ: T2\/LN1 Kasten\/Kombi,VARIO Kasten\/Kombi,VARIO Pritsche\/Fahrgestell,VARIO Kipper,T2\/LN1 Pritsche\/Fahrgestell,VARIO Bus,T2\/LN1 Kipper,T2\/LN1 Bus,VARIO Triebkopf,T2\/LN1 Triebkopf,ATEGO,ATEGO 3,CITO (O 520),INTEGRO (O 550),INTOURO,LK\/LN2,MK,NG,O 309,O 403,O 404,O 405,SK,TOURINO (O 510),TOURISMO (O 350),TOURO (O 500),UNIMOG,ZETROS; VOLVO: 9900,A,F10,F12,F16,FE,FE II,FH,FH II,FH12,FH16,FH16 II,FL,FL II,FL III,FL10,FL12,FL6,FL7,FLC,FM,FM II,FM10,FM12,FM7,FM9,FMX,FMX II,FS7,NH12; MITSUBISHI: Canter (FE5, FE6) 6.Generation; IVECO: EUROCARGO I-III,EUROSTAR,EUROTECH MH,EUROTECH MP,EUROTECH MT,EUROTRAKKER,STRALIS,STRATOR,TECTOR,TRAKKER,TURBOTECH; SETRA: Series 400; SCANIA: 3 &#8211; series,3 &#8211; series bus,4 &#8211; series,L,P,G,R,S &#8211; series,P,G,R,T &#8211; series; RENAULT TRUCKS: C,D,D ACCESS,G,K,KERAX,MAGNUM,MAJOR,MANAGER,MAXTER,MIDLINER,PREMIUM,PREMIUM 2,R,T; NEOPLAN: Jetliner,Spaceliner,Transliner,Trendliner; MAN: CLA,E2000,F2000,F90,F90 Unterflur,G90,L2000,LION\u00b4S CITY,LION\u00b4S COACH,LION\u00b4S COMFORT,M 2000 L,M 2000 M,M90,NL,N\u00dc,SD,SG,S\u00dc,TGA,TGL,TGM,TGS,TGX,\u00dcL; IRISBUS: ACCESS BUS 127,ARWAY,AXER,CROSSWAY,DAILY TOURYS,EVADYS,MAGELYS,RECREO; 0119033, 1354866, 1354895, 21EK10270, 18118690, 28312024, 5006143345, 503127262, 5801265366, 100335423, T1304, T21304, ZF259010005, ZF259010073, ZF92259010073, 072601012703, 072601024701, A072601012703, A072601024701, N072601024701, 99049100, V99049100, 5003097037, 56615FSH9671, 14210340<\/p>\n","protected":false},"excerpt":{"rendered":"<p>PHILIPS Polttimo, Vilkkuvalo 13821CP  MERCEDES-BENZ,VOLVO,MITSUBISHI,T2\/LN1 Kasten\/Kombi,VARIO Kasten\/Kombi,VARIO Pritsche\/Fahrgestell,VARIO Kipper<\/p>\n","protected":false},"featured_media":0,"template":"","meta":{"site-sidebar-layout":"default","site-content-layout":"default","ast-global-header-display":"","ast-main-header-display":"","ast-hfb-above-header-display":"","ast-hfb-below-header-display":"","ast-hfb-mobile-header-display":"","site-post-title":"","ast-breadcrumbs-content":"","ast-featured-img":"","footer-sml-layout":"","theme-transparent-header-meta":"","adv-header-id-meta":"","stick-header-meta":"","header-above-stick-meta":"","header-main-stick-meta":"","header-below-stick-meta":""},"pwb-brand":[550],"product_cat":[151],"product_tag":[],"class_list":{"0":"post-105538","1":"product","2":"type-product","3":"status-publish","5":"pwb-brand-philips","6":"product_cat-lamput-hehkulamppu","7":"desktop-align-left","8":"tablet-align-left","9":"mobile-align-left","11":"first","12":"instock","13":"product-type-external"},"brands":[{"id":550,"name":"Philips","slug":"philips"}],"_links":{"self":[{"href":"https:\/\/www.autonvaraosahaku.fi\/index.php?rest_route=\/wp\/v2\/product\/105538","targetHints":{"allow":["GET"]}}],"collection":[{"href":"https:\/\/www.autonvaraosahaku.fi\/index.php?rest_route=\/wp\/v2\/product"}],"about":[{"href":"https:\/\/www.autonvaraosahaku.fi\/index.php?rest_route=\/wp\/v2\/types\/product"}],"wp:attachment":[{"href":"https:\/\/www.autonvaraosahaku.fi\/index.php?rest_route=%2Fwp%2Fv2%2Fmedia&parent=105538"}],"wp:term":[{"taxonomy":"pwb-brand","embeddable":true,"href":"https:\/\/www.autonvaraosahaku.fi\/index.php?rest_route=%2Fwp%2Fv2%2Fpwb-brand&post=105538"},{"taxonomy":"product_cat","embeddable":true,"href":"https:\/\/www.autonvaraosahaku.fi\/index.php?rest_route=%2Fwp%2Fv2%2Fproduct_cat&post=105538"},{"taxonomy":"product_tag","embeddable":true,"href":"https:\/\/www.autonvaraosahaku.fi\/index.php?rest_route=%2Fwp%2Fv2%2Fproduct_tag&post=105538"}],"curies":[{"name":"wp","href":"https:\/\/api.w.org\/{rel}","templated":true}]}}