{"id":105564,"date":"2021-02-21T23:08:43","date_gmt":"2021-02-21T23:08:43","guid":{"rendered":"https:\/\/www.autonvaraosahaku.fi\/?product=philips-12594cp-lamput-hehkulamppu"},"modified":"2021-02-21T23:08:47","modified_gmt":"2021-02-21T23:08:47","slug":"philips-12594cp-lamput-hehkulamppu","status":"publish","type":"product","link":"https:\/\/www.autonvaraosahaku.fi\/?product=philips-12594cp-lamput-hehkulamppu","title":{"rendered":"Philips 12594CP Lamput (hehkulamppu)"},"content":{"rendered":"<p>Lamppumalli: P21\/4W, 191; J\u00e4nnite (V): 12; Nimellisteho (W): 21\/4; Kantamalli: BAZ15d; Pakkaustyyppi: Laatikko; Vuosimalliin: 2001; VW: POLO 9N_,PASSAT Variant 3B6,CADDY III Kombi 2KB, 2KJ, 2CB, 2CJ,TRANSPORTER V Bus 7HB, 7HJ, 7EB, 7EJ, 7EF,TOUAREG 7LA, 7L6, 7L7,MULTIVAN V 7HM, 7HN, 7HF, 7EF, 7EM, 7EN,UP,CADDY III Kasten 2KA, 2KH, 2CA, 2CH,TRANSPORTER V Kasten 7HA, 7HH, 7EA, 7EH,PASSAT 3B3,GOLF III Variant 1H5,LOAD UP; SKODA: OCTAVIA Combi 1Z5,FABIA Combi 6Y5,FABIA 6Y2,OCTAVIA 1Z3,OCTAVIA 1U2,CITIGO,SUPERB 3U4,RAPID Spaceback NH1,FABIA Stufenheck 6Y3,RAPID NH3,FABIA Praktik,FABIA NJ3,FABIA Kombi NJ5; BMW: 3 E46,3 Touring E46,3 Coupe E46,3 E36,3 Cabriolet E46,3 Coupe E36,3 Cabriolet E36; LADA: NIVA II 2123,KALINA Kombi 1117,KALINA Schr\u00e4gheck 1119,111 2111,110 2110,KALINA Stufenheck 1118,112 2112,PRIORA Schr\u00e4gheck 2172,KALINA Kombi 2194,KALINA Schr\u00e4gheck 2192; VOLVO: V70 II SW,XC90 I,V70 I LV,850 Kombi LW,C30,S80 I TS, XY; SAAB: 9000 Schr\u00e4gheck,9000; MERCEDES-BENZ: C-CLASS W203,A-CLASS W169,A-CLASS W168,C-CLASS T-Model S203,C-CLASS W202,E-CLASS W210,C-CLASS Coupe CL203,M-CLASS W163,E-CLASS Kombi S210,CLK C208,SL R129,CLK C209,C-CLASS Kombi S202,S-CLASS W220,VANEO 414,SL R230,CLK Cabriolet A208,CLK Cabriolet A209,S-CLASS W140,S-CLASS Coupe C215; OPEL: MERIVA B,VECTRA B 36_,OMEGA B Caravan 21_, 22_, 23_,VECTRA B Caravan 31_,ASTRA F Caravan 51_, 52_,VECTRA B CC 38_,VECTRA A 86_, 87_,ASTRA F Cabriolet 53_B,ASTRA F 56_, 57_,VECTRA A CC 88_, 89_,COMBO Kasten\/Kombi X12,COMBO Tour X12,OMEGA A Caravan 66_, 67_,ASTRA F CLASSIC Stufenheck,ASTRA F CLASSIC Caravan,ASTRA F Van 55_; JAGUAR: S-TYPE CCX; FORD: MONDEO III Kombi BWY,MONDEO IV Turnier BA7,FOCUS C-MAX,MONDEO III B5Y,MONDEO IV BA7,MONDEO III Stufenheck B4Y,MONDEO II Kombi BNP,FOCUS II Stufenheck DA_,MONDEO IV Stufenheck BA7,MONDEO I Kombi BNP,SIERRA GBG, GB4,SIERRA Schr\u00e4gheck GBC, GBG,MONDEO I Stufenheck GBP,SIERRA Kombi BNG,KA,KA + Stufenheck; KDWHLO9589, 3436336, 1354871, 32010159, 32010159, 2098252, 6777426, 9159284, T381, ZF259017008, 000208860, 3436336, 2098252, 6777426, 9159284, KDWHLO9589, KDWHLO9589, 56617FSGC871, 2098252, 6777426, 9159284, 030005050032, 30005050032, 3430003, 5050032, 965826, 965826P01, KDWHLO9589, YY04500477212, YY045812412<\/p>\n","protected":false},"excerpt":{"rendered":"<p>PHILIPS Polttimo, Jarru-\/Takavalo 12594CP  VW,SKODA,BMW,POLO 9N_,PASSAT Variant 3B6,CADDY III Kombi 2KB, 2KJ, 2CB, 2CJ<\/p>\n","protected":false},"featured_media":0,"template":"","meta":{"site-sidebar-layout":"default","site-content-layout":"default","ast-global-header-display":"","ast-main-header-display":"","ast-hfb-above-header-display":"","ast-hfb-below-header-display":"","ast-hfb-mobile-header-display":"","site-post-title":"","ast-breadcrumbs-content":"","ast-featured-img":"","footer-sml-layout":"","theme-transparent-header-meta":"","adv-header-id-meta":"","stick-header-meta":"","header-above-stick-meta":"","header-main-stick-meta":"","header-below-stick-meta":""},"pwb-brand":[550],"product_cat":[151],"product_tag":[],"class_list":{"0":"post-105564","1":"product","2":"type-product","3":"status-publish","5":"pwb-brand-philips","6":"product_cat-lamput-hehkulamppu","7":"desktop-align-left","8":"tablet-align-left","9":"mobile-align-left","11":"first","12":"instock","13":"product-type-external"},"brands":[{"id":550,"name":"Philips","slug":"philips"}],"_links":{"self":[{"href":"https:\/\/www.autonvaraosahaku.fi\/index.php?rest_route=\/wp\/v2\/product\/105564","targetHints":{"allow":["GET"]}}],"collection":[{"href":"https:\/\/www.autonvaraosahaku.fi\/index.php?rest_route=\/wp\/v2\/product"}],"about":[{"href":"https:\/\/www.autonvaraosahaku.fi\/index.php?rest_route=\/wp\/v2\/types\/product"}],"wp:attachment":[{"href":"https:\/\/www.autonvaraosahaku.fi\/index.php?rest_route=%2Fwp%2Fv2%2Fmedia&parent=105564"}],"wp:term":[{"taxonomy":"pwb-brand","embeddable":true,"href":"https:\/\/www.autonvaraosahaku.fi\/index.php?rest_route=%2Fwp%2Fv2%2Fpwb-brand&post=105564"},{"taxonomy":"product_cat","embeddable":true,"href":"https:\/\/www.autonvaraosahaku.fi\/index.php?rest_route=%2Fwp%2Fv2%2Fproduct_cat&post=105564"},{"taxonomy":"product_tag","embeddable":true,"href":"https:\/\/www.autonvaraosahaku.fi\/index.php?rest_route=%2Fwp%2Fv2%2Fproduct_tag&post=105564"}],"curies":[{"name":"wp","href":"https:\/\/api.w.org\/{rel}","templated":true}]}}