{"id":10558,"date":"2021-02-21T14:09:07","date_gmt":"2021-02-21T14:09:07","guid":{"rendered":"https:\/\/www.autonvaraosahaku.fi\/?product=original-imperium-30872-moottorin-kumityyny"},"modified":"2021-02-21T14:09:09","modified_gmt":"2021-02-21T14:09:09","slug":"original-imperium-30872-moottorin-kumityyny","status":"publish","type":"product","link":"https:\/\/www.autonvaraosahaku.fi\/?product=original-imperium-30872-moottorin-kumityyny","title":{"rendered":"ORIGINAL IMPERIUM 30872 Moottorin kumityyny"},"content":{"rendered":"<p>Paino [g]: 86; Materiaali: Kumi-metalli; Tarvittava kappalem\u00e4\u00e4r\u00e4: 2; Sis\u00e4l\u00e4pimitta [mm]: 36; Ulkol\u00e4pimitta [mm]: 50; Pituus (mm): 34; Kokonaispituus (mm): 69,5; Vaihteistomalli: f\u00fcr Schaltgetriebe; BMW: 3 E46,5 E39,3 Touring E46,5 Touring E39,3 Coupe E46,3 E36,3 Cabriolet E46,7 E38,5 E34,3 Touring E36,7 E32,5 Touring E34; 22311094916, 22316771221, 23711131664<\/p>\n","protected":false},"excerpt":{"rendered":"<p>ORIGINAL IMPERIUM Vaihteiston Ripustus 30872  BMW,3 E46,5 E39,3 Touring E46,5 Touring E39,3 Coupe E46,3 E36,3 Cabriolet E46,7 E38,5 E34,3 Touring E36<\/p>\n","protected":false},"featured_media":0,"template":"","meta":{"site-sidebar-layout":"default","site-content-layout":"default","ast-global-header-display":"","ast-main-header-display":"","ast-hfb-above-header-display":"","ast-hfb-below-header-display":"","ast-hfb-mobile-header-display":"","site-post-title":"","ast-breadcrumbs-content":"","ast-featured-img":"","footer-sml-layout":"","theme-transparent-header-meta":"","adv-header-id-meta":"","stick-header-meta":"","header-above-stick-meta":"","header-main-stick-meta":"","header-below-stick-meta":""},"pwb-brand":[72],"product_cat":[74],"product_tag":[],"class_list":{"0":"post-10558","1":"product","2":"type-product","3":"status-publish","5":"pwb-brand-original-imperium","6":"product_cat-moottorin-kumityyny","7":"desktop-align-left","8":"tablet-align-left","9":"mobile-align-left","11":"first","12":"instock","13":"product-type-external"},"brands":[{"id":72,"name":"ORIGINAL IMPERIUM","slug":"original-imperium"}],"_links":{"self":[{"href":"https:\/\/www.autonvaraosahaku.fi\/index.php?rest_route=\/wp\/v2\/product\/10558","targetHints":{"allow":["GET"]}}],"collection":[{"href":"https:\/\/www.autonvaraosahaku.fi\/index.php?rest_route=\/wp\/v2\/product"}],"about":[{"href":"https:\/\/www.autonvaraosahaku.fi\/index.php?rest_route=\/wp\/v2\/types\/product"}],"wp:attachment":[{"href":"https:\/\/www.autonvaraosahaku.fi\/index.php?rest_route=%2Fwp%2Fv2%2Fmedia&parent=10558"}],"wp:term":[{"taxonomy":"pwb-brand","embeddable":true,"href":"https:\/\/www.autonvaraosahaku.fi\/index.php?rest_route=%2Fwp%2Fv2%2Fpwb-brand&post=10558"},{"taxonomy":"product_cat","embeddable":true,"href":"https:\/\/www.autonvaraosahaku.fi\/index.php?rest_route=%2Fwp%2Fv2%2Fproduct_cat&post=10558"},{"taxonomy":"product_tag","embeddable":true,"href":"https:\/\/www.autonvaraosahaku.fi\/index.php?rest_route=%2Fwp%2Fv2%2Fproduct_tag&post=10558"}],"curies":[{"name":"wp","href":"https:\/\/api.w.org\/{rel}","templated":true}]}}