{"id":105604,"date":"2021-02-21T23:08:55","date_gmt":"2021-02-21T23:08:55","guid":{"rendered":"https:\/\/www.autonvaraosahaku.fi\/?product=philips-12361b1-lamput-hehkulamppu"},"modified":"2021-02-21T23:08:59","modified_gmt":"2021-02-21T23:08:59","slug":"philips-12361b1-lamput-hehkulamppu","status":"publish","type":"product","link":"https:\/\/www.autonvaraosahaku.fi\/?product=philips-12361b1-lamput-hehkulamppu","title":{"rendered":"Philips 12361B1 Lamput (hehkulamppu)"},"content":{"rendered":"<p>Lamppumalli: H9; J\u00e4nnite (V): 12; Nimellisteho (W): 65; Kantamalli: PGJ19-5; Pakkaustyyppi: Kuplapakkaus; Lyhdyn muoto: Halogen; VW: GOLF VII 5G1, BE1,TOUAREG 7LA, 7L6, 7L7,GOLF VII Kombi BA5,PASSAT Variant 3G5,PASSAT 3G2,PASSAT ALLTRACK 3G5; AUDI: A4 Cabriolet 8H7, B6, 8HE, B7,ALLROAD 4BH, C5; MAZDA: 6 Kombi GH,MX-5 III NC,6 Schr\u00e4gheck GH,RX 8 SE17,6 GH; SKODA: FABIA NJ3,FABIA Kombi NJ5; NISSAN: GT-R R35,LEAF,X-TRAIL T32,PULSAR Schr\u00e4gheck C13,TEANA II J32,PATROL III Y62,MICRA V K14,TIIDA Schr\u00e4gheck C12; KIA: SORENTO III; LEXUS: RX GYL1_, GGL15, AGL10,LS UVF4_, USF4_,GX URJ15_; VOLVO: V70 II SW,XC60,XC90 I,S60 I,V70 III BW,C30,V60,XC70 CROSS COUNTRY,C70 II Cabriolet,V40 Schr\u00e4gheck,XC70 II,S80 II AS,S60 II,XC90 II,V90 II,S90 II,XC60 II; SAAB: 9-3 YS3F,9-3 Kombi YS3F,9-3 Cabriolet YS3F,9-3X; INFINITI: EX,Q30,QX30,QX50; N10529601, 000000001605, N000000001605, N10529601, N10529601, YY04500835700<\/p>\n","protected":false},"excerpt":{"rendered":"<p>PHILIPS Polttimo, Kaukovalo 12361B1  VW,AUDI,MAZDA,GOLF VII 5G1, BE1,TOUAREG 7LA, 7L6, 7L7,GOLF VII Kombi BA5,PASSAT Variant 3G5,PASSAT 3G2<\/p>\n","protected":false},"featured_media":0,"template":"","meta":{"site-sidebar-layout":"default","site-content-layout":"default","ast-global-header-display":"","ast-main-header-display":"","ast-hfb-above-header-display":"","ast-hfb-below-header-display":"","ast-hfb-mobile-header-display":"","site-post-title":"","ast-breadcrumbs-content":"","ast-featured-img":"","footer-sml-layout":"","theme-transparent-header-meta":"","adv-header-id-meta":"","stick-header-meta":"","header-above-stick-meta":"","header-main-stick-meta":"","header-below-stick-meta":""},"pwb-brand":[550],"product_cat":[151],"product_tag":[],"class_list":{"0":"post-105604","1":"product","2":"type-product","3":"status-publish","5":"pwb-brand-philips","6":"product_cat-lamput-hehkulamppu","7":"desktop-align-left","8":"tablet-align-left","9":"mobile-align-left","11":"first","12":"instock","13":"product-type-external"},"brands":[{"id":550,"name":"Philips","slug":"philips"}],"_links":{"self":[{"href":"https:\/\/www.autonvaraosahaku.fi\/index.php?rest_route=\/wp\/v2\/product\/105604","targetHints":{"allow":["GET"]}}],"collection":[{"href":"https:\/\/www.autonvaraosahaku.fi\/index.php?rest_route=\/wp\/v2\/product"}],"about":[{"href":"https:\/\/www.autonvaraosahaku.fi\/index.php?rest_route=\/wp\/v2\/types\/product"}],"wp:attachment":[{"href":"https:\/\/www.autonvaraosahaku.fi\/index.php?rest_route=%2Fwp%2Fv2%2Fmedia&parent=105604"}],"wp:term":[{"taxonomy":"pwb-brand","embeddable":true,"href":"https:\/\/www.autonvaraosahaku.fi\/index.php?rest_route=%2Fwp%2Fv2%2Fpwb-brand&post=105604"},{"taxonomy":"product_cat","embeddable":true,"href":"https:\/\/www.autonvaraosahaku.fi\/index.php?rest_route=%2Fwp%2Fv2%2Fproduct_cat&post=105604"},{"taxonomy":"product_tag","embeddable":true,"href":"https:\/\/www.autonvaraosahaku.fi\/index.php?rest_route=%2Fwp%2Fv2%2Fproduct_tag&post=105604"}],"curies":[{"name":"wp","href":"https:\/\/api.w.org\/{rel}","templated":true}]}}