{"id":105620,"date":"2021-02-21T23:09:02","date_gmt":"2021-02-21T23:09:02","guid":{"rendered":"https:\/\/www.autonvaraosahaku.fi\/?product=philips-12410c1-lamput-hehkulamppu"},"modified":"2021-02-21T23:09:05","modified_gmt":"2021-02-21T23:09:05","slug":"philips-12410c1-lamput-hehkulamppu","status":"publish","type":"product","link":"https:\/\/www.autonvaraosahaku.fi\/?product=philips-12410c1-lamput-hehkulamppu","title":{"rendered":"Philips 12410C1 Lamput (hehkulamppu)"},"content":{"rendered":"<p>Lamppumalli: D5S; J\u00e4nnite (V): 12; Nimellisteho (W): 25; Kantamalli: PK32d-7; Pakkaustyyppi: Laatikko; Lyhdyn muoto: Bi-Xenon; AUDI: A6 Avant 4G5, C7, 4GD,A3 Sportback 8VA,Q3 8U,A6 4G2, C7, 4GC,A3 Limousine 8VS,A3 8V1,A6 Allroad 4GH, 4GJ,A3 Cabriolet 8V7,A4 Avant 8W5, B9,Q7 4M,A4 8W2, B9,TT FV3,Q5 FY,A5 Sportback F5A,TT Roadster FV9,A5 F53,A4 Allroad 8WH, B9,A5 Cabriolet F57; SKODA: RAPID Spaceback NH1,RAPID NH3; JEEP: RENEGADE Gel\u00e4ndewagen geschlossen BU,COMPASS; SSANGYONG: KORANDO,REXTON W,TIVOLI,XLV Gel\u00e4ndewagen geschlossen; OPEL: CORSA E,CORSA E Van; FORD: ECOSPORT; FIAT: 500X,FULLBACK Pick-up 502_, 503_; CITRO\u00cbN: C4 Grand Picasso II,C4 Picasso II; ALFA ROMEO: GIULIA 952_; MITSUBISHI: L200 KJ_<\/p>\n","protected":false},"excerpt":{"rendered":"<p>PHILIPS Polttimo, Kaukovalo Xenon Vision 12410C1  AUDI,SKODA,JEEP,A6 Avant 4G5, C7, 4GD,A3 Sportback 8VA,Q3 8U,A6 4G2, C7, 4GC,A3 Limousine 8VS,A3 8V1<\/p>\n","protected":false},"featured_media":0,"template":"","meta":{"site-sidebar-layout":"default","site-content-layout":"default","ast-global-header-display":"","ast-main-header-display":"","ast-hfb-above-header-display":"","ast-hfb-below-header-display":"","ast-hfb-mobile-header-display":"","site-post-title":"","ast-breadcrumbs-content":"","ast-featured-img":"","footer-sml-layout":"","theme-transparent-header-meta":"","adv-header-id-meta":"","stick-header-meta":"","header-above-stick-meta":"","header-main-stick-meta":"","header-below-stick-meta":""},"pwb-brand":[550],"product_cat":[151],"product_tag":[],"class_list":{"0":"post-105620","1":"product","2":"type-product","3":"status-publish","5":"pwb-brand-philips","6":"product_cat-lamput-hehkulamppu","7":"desktop-align-left","8":"tablet-align-left","9":"mobile-align-left","11":"first","12":"instock","13":"product-type-external"},"brands":[{"id":550,"name":"Philips","slug":"philips"}],"_links":{"self":[{"href":"https:\/\/www.autonvaraosahaku.fi\/index.php?rest_route=\/wp\/v2\/product\/105620","targetHints":{"allow":["GET"]}}],"collection":[{"href":"https:\/\/www.autonvaraosahaku.fi\/index.php?rest_route=\/wp\/v2\/product"}],"about":[{"href":"https:\/\/www.autonvaraosahaku.fi\/index.php?rest_route=\/wp\/v2\/types\/product"}],"wp:attachment":[{"href":"https:\/\/www.autonvaraosahaku.fi\/index.php?rest_route=%2Fwp%2Fv2%2Fmedia&parent=105620"}],"wp:term":[{"taxonomy":"pwb-brand","embeddable":true,"href":"https:\/\/www.autonvaraosahaku.fi\/index.php?rest_route=%2Fwp%2Fv2%2Fpwb-brand&post=105620"},{"taxonomy":"product_cat","embeddable":true,"href":"https:\/\/www.autonvaraosahaku.fi\/index.php?rest_route=%2Fwp%2Fv2%2Fproduct_cat&post=105620"},{"taxonomy":"product_tag","embeddable":true,"href":"https:\/\/www.autonvaraosahaku.fi\/index.php?rest_route=%2Fwp%2Fv2%2Fproduct_tag&post=105620"}],"curies":[{"name":"wp","href":"https:\/\/api.w.org\/{rel}","templated":true}]}}