{"id":105624,"date":"2021-02-21T23:09:02","date_gmt":"2021-02-21T23:09:02","guid":{"rendered":"https:\/\/www.autonvaraosahaku.fi\/?product=vdo-a2c59513484-polttoainesuutin"},"modified":"2021-02-21T23:09:06","modified_gmt":"2021-02-21T23:09:06","slug":"vdo-a2c59513484-polttoainesuutin","status":"publish","type":"product","link":"https:\/\/www.autonvaraosahaku.fi\/?product=vdo-a2c59513484-polttoainesuutin","title":{"rendered":"VDO A2C59513484 Polttoainesuutin"},"content":{"rendered":"<p>Polttoaine: Diesel; Huomioi ajoneuvovalmistajan vaatimukset: ; Korvaava tuote\/korvaava tiedote 2: Ohjain\/ohjelma tulee kouluttaa\/p\u00e4ivitt\u00e4\u00e4; Moottorinumero: K9K 836; NISSAN: QASHQAI \/ QASHQAI +2 J10, JJ10,JUKE F15,CUBE Z12; DACIA: DUSTER,LODGY,DUSTER Kasten; RENAULT: CLIO III BR0\/1, CR0\/1,MEGANE III Grandtour KZ0\/1,SC\u00c9NIC III JZ0\/1_,MEGANE III Schr\u00e4gheck BZ0_,GRAND SC\u00c9NIC III JZ0\/1_,MEGANE III Coupe DZ0\/1_,CLIO Grandtour KR0\/1_,MEGANE CC EZ0\/1_,LAGUNA Coupe DT0\/1,FLUENCE L30_,LATITUDE L70_; 166004305R, 166008052R, 8200903034, 1660000Q1F, 1660000Q1V, 166004305R, 166008052R, 8200903034; Ruiskutussuutin,Ruiskusuutin,Pumppusuutin<\/p>\n","protected":false},"excerpt":{"rendered":"<p>VDO Polttoainesuutin A2C59513484 Ruiskutussuutin,Ruiskusuutin NISSAN,DACIA,RENAULT,QASHQAI \/ QASHQAI +2 J10, JJ10,JUKE F15,CUBE Z12,DUSTER,LODGY<\/p>\n","protected":false},"featured_media":0,"template":"","meta":{"site-sidebar-layout":"default","site-content-layout":"default","ast-global-header-display":"","ast-main-header-display":"","ast-hfb-above-header-display":"","ast-hfb-below-header-display":"","ast-hfb-mobile-header-display":"","site-post-title":"","ast-breadcrumbs-content":"","ast-featured-img":"","footer-sml-layout":"","theme-transparent-header-meta":"","adv-header-id-meta":"","stick-header-meta":"","header-above-stick-meta":"","header-main-stick-meta":"","header-below-stick-meta":""},"pwb-brand":[553],"product_cat":[346],"product_tag":[],"class_list":{"0":"post-105624","1":"product","2":"type-product","3":"status-publish","5":"pwb-brand-vdo","6":"product_cat-polttoainesuutin","7":"desktop-align-left","8":"tablet-align-left","9":"mobile-align-left","11":"first","12":"instock","13":"product-type-external"},"brands":[{"id":553,"name":"VDO","slug":"vdo"}],"_links":{"self":[{"href":"https:\/\/www.autonvaraosahaku.fi\/index.php?rest_route=\/wp\/v2\/product\/105624","targetHints":{"allow":["GET"]}}],"collection":[{"href":"https:\/\/www.autonvaraosahaku.fi\/index.php?rest_route=\/wp\/v2\/product"}],"about":[{"href":"https:\/\/www.autonvaraosahaku.fi\/index.php?rest_route=\/wp\/v2\/types\/product"}],"wp:attachment":[{"href":"https:\/\/www.autonvaraosahaku.fi\/index.php?rest_route=%2Fwp%2Fv2%2Fmedia&parent=105624"}],"wp:term":[{"taxonomy":"pwb-brand","embeddable":true,"href":"https:\/\/www.autonvaraosahaku.fi\/index.php?rest_route=%2Fwp%2Fv2%2Fpwb-brand&post=105624"},{"taxonomy":"product_cat","embeddable":true,"href":"https:\/\/www.autonvaraosahaku.fi\/index.php?rest_route=%2Fwp%2Fv2%2Fproduct_cat&post=105624"},{"taxonomy":"product_tag","embeddable":true,"href":"https:\/\/www.autonvaraosahaku.fi\/index.php?rest_route=%2Fwp%2Fv2%2Fproduct_tag&post=105624"}],"curies":[{"name":"wp","href":"https:\/\/api.w.org\/{rel}","templated":true}]}}