{"id":105633,"date":"2021-02-21T23:09:08","date_gmt":"2021-02-21T23:09:08","guid":{"rendered":"https:\/\/www.autonvaraosahaku.fi\/?product=vdo-a2c59517051-polttoainesuutin"},"modified":"2021-02-21T23:09:09","modified_gmt":"2021-02-21T23:09:09","slug":"vdo-a2c59517051-polttoainesuutin","status":"publish","type":"product","link":"https:\/\/www.autonvaraosahaku.fi\/?product=vdo-a2c59517051-polttoainesuutin","title":{"rendered":"VDO A2C59517051 Polttoainesuutin"},"content":{"rendered":"<p>Polttoaine: Diesel; Suositellun tarvikkeen tuotenumero: A2C59514036; Huomioi ajoneuvovalmistajan vaatimukset: ; Korvaava tuote\/korvaava tiedote 2: Ohjain\/ohjelma tulee kouluttaa\/p\u00e4ivitt\u00e4\u00e4; Moottorinumero: DRFB; FORD: TRANSIT MK-7 Kasten,RANGER TKE,TRANSIT MK-7 Bus,TRANSIT MK-7 Pritsche\/Fahrgestell,TRANSIT CUSTOM Kasten,TOURNEO CUSTOM Bus,TRANSIT TOURNEO FB,TRANSIT CUSTOM Bus,TRANSIT Custom  Bus,TRANSIT Custom Pritsche\/Fahrgestell; CITRO\u00cbN: JUMPER Kasten,JUMPER Bus,JUMPER Pritsche\/Fahrgestell; PEUGEOT: BOXER Kasten,BOXER Bus,BOXER Pritsche\/Fahrgestell; 9801125480, 1746967, 1840747, BK2Q9K546AG, 9801125480; Ruiskutussuutin,Ruiskusuutin,Pumppusuutin<\/p>\n","protected":false},"excerpt":{"rendered":"<p>VDO Polttoainesuutin A2C59517051 Ruiskutussuutin,Ruiskusuutin FORD,CITRO\u00cbN,PEUGEOT,TRANSIT MK-7 Kasten,RANGER TKE,TRANSIT MK-7 Bus<\/p>\n","protected":false},"featured_media":0,"template":"","meta":{"site-sidebar-layout":"default","site-content-layout":"default","ast-global-header-display":"","ast-main-header-display":"","ast-hfb-above-header-display":"","ast-hfb-below-header-display":"","ast-hfb-mobile-header-display":"","site-post-title":"","ast-breadcrumbs-content":"","ast-featured-img":"","footer-sml-layout":"","theme-transparent-header-meta":"","adv-header-id-meta":"","stick-header-meta":"","header-above-stick-meta":"","header-main-stick-meta":"","header-below-stick-meta":""},"pwb-brand":[553],"product_cat":[346],"product_tag":[],"class_list":{"0":"post-105633","1":"product","2":"type-product","3":"status-publish","5":"pwb-brand-vdo","6":"product_cat-polttoainesuutin","7":"desktop-align-left","8":"tablet-align-left","9":"mobile-align-left","11":"first","12":"instock","13":"product-type-external"},"brands":[{"id":553,"name":"VDO","slug":"vdo"}],"_links":{"self":[{"href":"https:\/\/www.autonvaraosahaku.fi\/index.php?rest_route=\/wp\/v2\/product\/105633","targetHints":{"allow":["GET"]}}],"collection":[{"href":"https:\/\/www.autonvaraosahaku.fi\/index.php?rest_route=\/wp\/v2\/product"}],"about":[{"href":"https:\/\/www.autonvaraosahaku.fi\/index.php?rest_route=\/wp\/v2\/types\/product"}],"wp:attachment":[{"href":"https:\/\/www.autonvaraosahaku.fi\/index.php?rest_route=%2Fwp%2Fv2%2Fmedia&parent=105633"}],"wp:term":[{"taxonomy":"pwb-brand","embeddable":true,"href":"https:\/\/www.autonvaraosahaku.fi\/index.php?rest_route=%2Fwp%2Fv2%2Fpwb-brand&post=105633"},{"taxonomy":"product_cat","embeddable":true,"href":"https:\/\/www.autonvaraosahaku.fi\/index.php?rest_route=%2Fwp%2Fv2%2Fproduct_cat&post=105633"},{"taxonomy":"product_tag","embeddable":true,"href":"https:\/\/www.autonvaraosahaku.fi\/index.php?rest_route=%2Fwp%2Fv2%2Fproduct_tag&post=105633"}],"curies":[{"name":"wp","href":"https:\/\/api.w.org\/{rel}","templated":true}]}}