{"id":105654,"date":"2021-02-21T23:09:14","date_gmt":"2021-02-21T23:09:14","guid":{"rendered":"https:\/\/www.autonvaraosahaku.fi\/?product=vdo-406-208-002-003v-keskuslukitus"},"modified":"2021-02-21T23:09:15","modified_gmt":"2021-02-21T23:09:15","slug":"vdo-406-208-002-003v-keskuslukitus","status":"publish","type":"product","link":"https:\/\/www.autonvaraosahaku.fi\/?product=vdo-406-208-002-003v-keskuslukitus","title":{"rendered":"VDO 406-208-002-003V Keskuslukitus"},"content":{"rendered":"<p>Asennuspuoli: Ajoneuvo-ovi, vorne; K\u00e4ytt\u00f6: S\u00e4hk\u00f6inen; BMW: 3 Compact E36,3 E36,3 Coupe E36,Z3 E36,5 E34,3 Cabriolet E36,3 Touring E36,5 Touring E34,Z3 Coupe E36; 1387606, 1387726, 67111387606, 67111387726, 67118353012, 8353012; Keskuslukitussarja,S\u00e4\u00e4t\u00f6elementti, Keskuslukitus<\/p>\n","protected":false},"excerpt":{"rendered":"<p>VDO Keskuslukitus 406-208-002-003V Keskuslukitussarja,S\u00e4\u00e4t\u00f6elementti, Keskuslukitus BMW,3 Compact E36,3 E36,3 Coupe E36,Z3 E36,5 E34,3 Cabriolet E36<\/p>\n","protected":false},"featured_media":0,"template":"","meta":{"site-sidebar-layout":"default","site-content-layout":"default","ast-global-header-display":"","ast-main-header-display":"","ast-hfb-above-header-display":"","ast-hfb-below-header-display":"","ast-hfb-mobile-header-display":"","site-post-title":"","ast-breadcrumbs-content":"","ast-featured-img":"","footer-sml-layout":"","theme-transparent-header-meta":"","adv-header-id-meta":"","stick-header-meta":"","header-above-stick-meta":"","header-main-stick-meta":"","header-below-stick-meta":""},"pwb-brand":[553],"product_cat":[202],"product_tag":[],"class_list":{"0":"post-105654","1":"product","2":"type-product","3":"status-publish","5":"pwb-brand-vdo","6":"product_cat-keskuslukitus","7":"desktop-align-left","8":"tablet-align-left","9":"mobile-align-left","11":"first","12":"instock","13":"product-type-external"},"brands":[{"id":553,"name":"VDO","slug":"vdo"}],"_links":{"self":[{"href":"https:\/\/www.autonvaraosahaku.fi\/index.php?rest_route=\/wp\/v2\/product\/105654","targetHints":{"allow":["GET"]}}],"collection":[{"href":"https:\/\/www.autonvaraosahaku.fi\/index.php?rest_route=\/wp\/v2\/product"}],"about":[{"href":"https:\/\/www.autonvaraosahaku.fi\/index.php?rest_route=\/wp\/v2\/types\/product"}],"wp:attachment":[{"href":"https:\/\/www.autonvaraosahaku.fi\/index.php?rest_route=%2Fwp%2Fv2%2Fmedia&parent=105654"}],"wp:term":[{"taxonomy":"pwb-brand","embeddable":true,"href":"https:\/\/www.autonvaraosahaku.fi\/index.php?rest_route=%2Fwp%2Fv2%2Fpwb-brand&post=105654"},{"taxonomy":"product_cat","embeddable":true,"href":"https:\/\/www.autonvaraosahaku.fi\/index.php?rest_route=%2Fwp%2Fv2%2Fproduct_cat&post=105654"},{"taxonomy":"product_tag","embeddable":true,"href":"https:\/\/www.autonvaraosahaku.fi\/index.php?rest_route=%2Fwp%2Fv2%2Fproduct_tag&post=105654"}],"curies":[{"name":"wp","href":"https:\/\/api.w.org\/{rel}","templated":true}]}}