{"id":105656,"date":"2021-02-21T23:09:14","date_gmt":"2021-02-21T23:09:14","guid":{"rendered":"https:\/\/www.autonvaraosahaku.fi\/?product=vdo-5wk96865z-anturit-sensorit"},"modified":"2021-02-21T23:09:16","modified_gmt":"2021-02-21T23:09:16","slug":"vdo-5wk96865z-anturit-sensorit","status":"publish","type":"product","link":"https:\/\/www.autonvaraosahaku.fi\/?product=vdo-5wk96865z-anturit-sensorit","title":{"rendered":"VDO 5WK96865Z Anturit (sensorit)"},"content":{"rendered":"<p>V\u00e4ri: Musta; Napojen m\u00e4\u00e4r\u00e4: 4; Asennuspuoli: Imuputki; Moottorinumero: N20 B20 A; BMW: 5 Touring F11,5 F10, F18,X1 E84,1 F20,X3 F25,3 Touring F31,3 F30, F35, F80,1 F21,Z4 E89,5 Gran Turismo F07,3 Gran Turismo F34,4 Coupe F32, F82,X5 F15, F85,2 Coupe F22,6 Gran Coupe F06,6 Coupe F13,4 Cabriolet F33, F83,6 Cabriolet F12,4 Gran Coupe F36,X4 F26,2 Cabriolet F23,X6 F16, F86; 13627843531, 7843531<\/p>\n","protected":false},"excerpt":{"rendered":"<p>VDO Tunnistin, Imusarjapaine 5WK96865Z  BMW,5 Touring F11,5 F10, F18,X1 E84,1 F20,X3 F25,3 Touring F31,3 F30, F35, F80,1 F21,Z4 E89,5 Gran Turismo F07<\/p>\n","protected":false},"featured_media":0,"template":"","meta":{"site-sidebar-layout":"default","site-content-layout":"default","ast-global-header-display":"","ast-main-header-display":"","ast-hfb-above-header-display":"","ast-hfb-below-header-display":"","ast-hfb-mobile-header-display":"","site-post-title":"","ast-breadcrumbs-content":"","ast-featured-img":"","footer-sml-layout":"","theme-transparent-header-meta":"","adv-header-id-meta":"","stick-header-meta":"","header-above-stick-meta":"","header-main-stick-meta":"","header-below-stick-meta":""},"pwb-brand":[553],"product_cat":[98],"product_tag":[],"class_list":{"0":"post-105656","1":"product","2":"type-product","3":"status-publish","5":"pwb-brand-vdo","6":"product_cat-anturit-sensorit","7":"desktop-align-left","8":"tablet-align-left","9":"mobile-align-left","11":"first","12":"instock","13":"product-type-external"},"brands":[{"id":553,"name":"VDO","slug":"vdo"}],"_links":{"self":[{"href":"https:\/\/www.autonvaraosahaku.fi\/index.php?rest_route=\/wp\/v2\/product\/105656","targetHints":{"allow":["GET"]}}],"collection":[{"href":"https:\/\/www.autonvaraosahaku.fi\/index.php?rest_route=\/wp\/v2\/product"}],"about":[{"href":"https:\/\/www.autonvaraosahaku.fi\/index.php?rest_route=\/wp\/v2\/types\/product"}],"wp:attachment":[{"href":"https:\/\/www.autonvaraosahaku.fi\/index.php?rest_route=%2Fwp%2Fv2%2Fmedia&parent=105656"}],"wp:term":[{"taxonomy":"pwb-brand","embeddable":true,"href":"https:\/\/www.autonvaraosahaku.fi\/index.php?rest_route=%2Fwp%2Fv2%2Fpwb-brand&post=105656"},{"taxonomy":"product_cat","embeddable":true,"href":"https:\/\/www.autonvaraosahaku.fi\/index.php?rest_route=%2Fwp%2Fv2%2Fproduct_cat&post=105656"},{"taxonomy":"product_tag","embeddable":true,"href":"https:\/\/www.autonvaraosahaku.fi\/index.php?rest_route=%2Fwp%2Fv2%2Fproduct_tag&post=105656"}],"curies":[{"name":"wp","href":"https:\/\/api.w.org\/{rel}","templated":true}]}}