{"id":105657,"date":"2021-02-21T23:09:14","date_gmt":"2021-02-21T23:09:14","guid":{"rendered":"https:\/\/www.autonvaraosahaku.fi\/?product=vdo-246-069-056-001z-pissapojan-suutin"},"modified":"2021-02-21T23:09:16","modified_gmt":"2021-02-21T23:09:16","slug":"vdo-246-069-056-001z-pissapojan-suutin","status":"publish","type":"product","link":"https:\/\/www.autonvaraosahaku.fi\/?product=vdo-246-069-056-001z-pissapojan-suutin","title":{"rendered":"VDO 246-069-056-001Z Pissapojan suutin"},"content":{"rendered":"<p>Pesusuutinmalli: Kaksireik\u00e4inen suutin, L\u00e4mmitt\u00e4m\u00e4t\u00f6n; Alustanumerosta: &#8211; J &#8211; 000 001; VW: TRANSPORTER IV Bus 70XB, 70XC, 7DB, 7DW,GOLF III 1H1,POLO 6N2,POLO 6N1,PASSAT Variant 3A5, 35I,GOLF I Cabriolet 155,GOLF III Cabriolet 1E7,GOLF Mk III Cabriolet 1E7,GOLF III Variant 1H5,PASSAT 3A2, 35I,CORRADO 53I,CADDY II Kasten 9K9A,TRANSPORTER IV Pritsche\/Fahrgestell 70XD,POLO Variant 6KV5,POLO CLASSIC 6KV2,VENTO 1H2,CADDY I 14,POLO Kasten 6NF; SEAT: LEON 1M1,IBIZA II 6K1,TOLEDO II 1M2,CORDOBA 6K1, 6K2,CORDOBA Vario 6K1,INCA 6K9; 191955985A, 191955985A; Lasinpesimen Suutin,Pesusuutin, Lasinpesulaite<\/p>\n","protected":false},"excerpt":{"rendered":"<p>VDO Pissapojan Suutin 246-069-056-001Z Lasinpesimen Suutin,Pesusuutin, Lasinpesulaite VW,SEAT,TRANSPORTER IV Bus 70XB, 70XC, 7DB, 7DW,GOLF III 1H1<\/p>\n","protected":false},"featured_media":0,"template":"","meta":{"site-sidebar-layout":"default","site-content-layout":"default","ast-global-header-display":"","ast-main-header-display":"","ast-hfb-above-header-display":"","ast-hfb-below-header-display":"","ast-hfb-mobile-header-display":"","site-post-title":"","ast-breadcrumbs-content":"","ast-featured-img":"","footer-sml-layout":"","theme-transparent-header-meta":"","adv-header-id-meta":"","stick-header-meta":"","header-above-stick-meta":"","header-main-stick-meta":"","header-below-stick-meta":""},"pwb-brand":[553],"product_cat":[133],"product_tag":[],"class_list":{"0":"post-105657","1":"product","2":"type-product","3":"status-publish","5":"pwb-brand-vdo","6":"product_cat-pissapojan-suutin","7":"desktop-align-left","8":"tablet-align-left","9":"mobile-align-left","11":"first","12":"instock","13":"product-type-external"},"brands":[{"id":553,"name":"VDO","slug":"vdo"}],"_links":{"self":[{"href":"https:\/\/www.autonvaraosahaku.fi\/index.php?rest_route=\/wp\/v2\/product\/105657","targetHints":{"allow":["GET"]}}],"collection":[{"href":"https:\/\/www.autonvaraosahaku.fi\/index.php?rest_route=\/wp\/v2\/product"}],"about":[{"href":"https:\/\/www.autonvaraosahaku.fi\/index.php?rest_route=\/wp\/v2\/types\/product"}],"wp:attachment":[{"href":"https:\/\/www.autonvaraosahaku.fi\/index.php?rest_route=%2Fwp%2Fv2%2Fmedia&parent=105657"}],"wp:term":[{"taxonomy":"pwb-brand","embeddable":true,"href":"https:\/\/www.autonvaraosahaku.fi\/index.php?rest_route=%2Fwp%2Fv2%2Fpwb-brand&post=105657"},{"taxonomy":"product_cat","embeddable":true,"href":"https:\/\/www.autonvaraosahaku.fi\/index.php?rest_route=%2Fwp%2Fv2%2Fproduct_cat&post=105657"},{"taxonomy":"product_tag","embeddable":true,"href":"https:\/\/www.autonvaraosahaku.fi\/index.php?rest_route=%2Fwp%2Fv2%2Fproduct_tag&post=105657"}],"curies":[{"name":"wp","href":"https:\/\/api.w.org\/{rel}","templated":true}]}}