{"id":105666,"date":"2021-02-21T23:09:14","date_gmt":"2021-02-21T23:09:14","guid":{"rendered":"https:\/\/www.autonvaraosahaku.fi\/?product=vdo-408-275-002-001z-egr-venttiili"},"modified":"2021-02-21T23:09:18","modified_gmt":"2021-02-21T23:09:18","slug":"vdo-408-275-002-001z-egr-venttiili","status":"publish","type":"product","link":"https:\/\/www.autonvaraosahaku.fi\/?product=vdo-408-275-002-001z-egr-venttiili","title":{"rendered":"VDO 408-275-002-001Z Egr venttiili"},"content":{"rendered":"<p>Lis\u00e4tarvike\/lis\u00e4tieto: ilman tiivisteit\u00e4; K\u00e4ytt\u00f6: Elektroninen; Suositellun tarvikkeen tuotenumero: VDO A2C59516936, Audi 03G 131 547 F, VDO A2C59516937, Audi 03L 131 547 B, ACV A2C59511698, 03G 128 063 J, 03G 128 063 C, VDO A2C59516938, Audi N 905 216 01, VDO A2C59516939, Audi 069 131 547 D, VDO A2C59516939, (Audi 069 131 547 D, (klein\/small)); Huomioi ajoneuvovalmistajan vaatimukset: , ; Korvaava tuote\/korvaava tiedote 2: Ohjain\/ohjelma tulee kouluttaa\/p\u00e4ivitt\u00e4\u00e4; Moottorinumero: BRE; AUDI: A6 Avant 4F5, C6,A4 Avant 8ED, B7,A6 4F2, C6,A4 8EC, B7; 03G131501B, 03G131501J, 03G131501Q, 03G131501R; Venttiili, Pakokaasun Kierr\u00e4tys<\/p>\n","protected":false},"excerpt":{"rendered":"<p>VDO EGR Venttiili 408-275-002-001Z Venttiili, Pakokaasun Kierr\u00e4tys AUDI,A6 Avant 4F5, C6,A4 Avant 8ED, B7,A6 4F2, C6,A4 8EC, B7<\/p>\n","protected":false},"featured_media":0,"template":"","meta":{"site-sidebar-layout":"default","site-content-layout":"default","ast-global-header-display":"","ast-main-header-display":"","ast-hfb-above-header-display":"","ast-hfb-below-header-display":"","ast-hfb-mobile-header-display":"","site-post-title":"","ast-breadcrumbs-content":"","ast-featured-img":"","footer-sml-layout":"","theme-transparent-header-meta":"","adv-header-id-meta":"","stick-header-meta":"","header-above-stick-meta":"","header-main-stick-meta":"","header-below-stick-meta":""},"pwb-brand":[553],"product_cat":[35],"product_tag":[],"class_list":{"0":"post-105666","1":"product","2":"type-product","3":"status-publish","5":"pwb-brand-vdo","6":"product_cat-egr-venttiili","7":"desktop-align-left","8":"tablet-align-left","9":"mobile-align-left","11":"first","12":"instock","13":"product-type-external"},"brands":[{"id":553,"name":"VDO","slug":"vdo"}],"_links":{"self":[{"href":"https:\/\/www.autonvaraosahaku.fi\/index.php?rest_route=\/wp\/v2\/product\/105666","targetHints":{"allow":["GET"]}}],"collection":[{"href":"https:\/\/www.autonvaraosahaku.fi\/index.php?rest_route=\/wp\/v2\/product"}],"about":[{"href":"https:\/\/www.autonvaraosahaku.fi\/index.php?rest_route=\/wp\/v2\/types\/product"}],"wp:attachment":[{"href":"https:\/\/www.autonvaraosahaku.fi\/index.php?rest_route=%2Fwp%2Fv2%2Fmedia&parent=105666"}],"wp:term":[{"taxonomy":"pwb-brand","embeddable":true,"href":"https:\/\/www.autonvaraosahaku.fi\/index.php?rest_route=%2Fwp%2Fv2%2Fpwb-brand&post=105666"},{"taxonomy":"product_cat","embeddable":true,"href":"https:\/\/www.autonvaraosahaku.fi\/index.php?rest_route=%2Fwp%2Fv2%2Fproduct_cat&post=105666"},{"taxonomy":"product_tag","embeddable":true,"href":"https:\/\/www.autonvaraosahaku.fi\/index.php?rest_route=%2Fwp%2Fv2%2Fproduct_tag&post=105666"}],"curies":[{"name":"wp","href":"https:\/\/api.w.org\/{rel}","templated":true}]}}