{"id":105676,"date":"2021-02-21T23:09:20","date_gmt":"2021-02-21T23:09:20","guid":{"rendered":"https:\/\/www.autonvaraosahaku.fi\/?product=vdo-408-239-827-001z-kaasulappakotelo"},"modified":"2021-02-21T23:09:22","modified_gmt":"2021-02-21T23:09:22","slug":"vdo-408-239-827-001z-kaasulappakotelo","status":"publish","type":"product","link":"https:\/\/www.autonvaraosahaku.fi\/?product=vdo-408-239-827-001z-kaasulappakotelo","title":{"rendered":"VDO 408-239-827-001Z Kaasul\u00e4pp\u00e4kotelo"},"content":{"rendered":"<p>K\u00e4ytt\u00f6: Elektroninen; L\u00e4pimitta [mm]: 56; Lis\u00e4tarvike\/lis\u00e4tieto: Ilman tiivisteit\u00e4, Tarvikkeilla; Suositellun tarvikkeen tuotenumero: Dichtung\/Gasket:, VDO A2C59516951, (PSA 1635W9); Huomioi ajoneuvovalmistajan vaatimukset: ; Korvaava tuote\/korvaava tiedote 2: Ohjain\/ohjelma tulee kouluttaa\/p\u00e4ivitt\u00e4\u00e4; Moottorinumero: RFJ (EW10A); CITRO\u00cbN: C5 III Break TD_,C4 Picasso I UD_,C4 Grand Picasso I UA_,C8 EA_, EB_,C4 I LC_,C5 II Break RE_,C5 III RD_,C5 II RC_,JUMPY,JUMPY Kasten,C4 Stufenheck L; PEUGEOT: 307 SW 3H,307 CC 3B,407 SW 6E_,307 3A\/C,807 E,307 Break 3E,407 6D_,EXPERT Tepee VF3V_,EXPERT Kasten VF3A_, VF3U_, VF3X_; 00001635X0, 1635X0, 9650787380, 00001635X0, 1635X0, 9650787380; Kaasul\u00e4pp\u00e4,Kaasul\u00e4p\u00e4n Kotelo<\/p>\n","protected":false},"excerpt":{"rendered":"<p>VDO Kaasul\u00e4pp\u00e4kotelo 408-239-827-001Z Kaasul\u00e4pp\u00e4,Kaasul\u00e4p\u00e4n Kotelo CITRO\u00cbN,PEUGEOT,C5 III Break TD_,C4 Picasso I UD_,C4 Grand Picasso I UA_<\/p>\n","protected":false},"featured_media":0,"template":"","meta":{"site-sidebar-layout":"default","site-content-layout":"default","ast-global-header-display":"","ast-main-header-display":"","ast-hfb-above-header-display":"","ast-hfb-below-header-display":"","ast-hfb-mobile-header-display":"","site-post-title":"","ast-breadcrumbs-content":"","ast-featured-img":"","footer-sml-layout":"","theme-transparent-header-meta":"","adv-header-id-meta":"","stick-header-meta":"","header-above-stick-meta":"","header-main-stick-meta":"","header-below-stick-meta":""},"pwb-brand":[553],"product_cat":[277],"product_tag":[],"class_list":{"0":"post-105676","1":"product","2":"type-product","3":"status-publish","5":"pwb-brand-vdo","6":"product_cat-kaasulappakotelo","7":"desktop-align-left","8":"tablet-align-left","9":"mobile-align-left","11":"first","12":"instock","13":"product-type-external"},"brands":[{"id":553,"name":"VDO","slug":"vdo"}],"_links":{"self":[{"href":"https:\/\/www.autonvaraosahaku.fi\/index.php?rest_route=\/wp\/v2\/product\/105676","targetHints":{"allow":["GET"]}}],"collection":[{"href":"https:\/\/www.autonvaraosahaku.fi\/index.php?rest_route=\/wp\/v2\/product"}],"about":[{"href":"https:\/\/www.autonvaraosahaku.fi\/index.php?rest_route=\/wp\/v2\/types\/product"}],"wp:attachment":[{"href":"https:\/\/www.autonvaraosahaku.fi\/index.php?rest_route=%2Fwp%2Fv2%2Fmedia&parent=105676"}],"wp:term":[{"taxonomy":"pwb-brand","embeddable":true,"href":"https:\/\/www.autonvaraosahaku.fi\/index.php?rest_route=%2Fwp%2Fv2%2Fpwb-brand&post=105676"},{"taxonomy":"product_cat","embeddable":true,"href":"https:\/\/www.autonvaraosahaku.fi\/index.php?rest_route=%2Fwp%2Fv2%2Fproduct_cat&post=105676"},{"taxonomy":"product_tag","embeddable":true,"href":"https:\/\/www.autonvaraosahaku.fi\/index.php?rest_route=%2Fwp%2Fv2%2Fproduct_tag&post=105676"}],"curies":[{"name":"wp","href":"https:\/\/api.w.org\/{rel}","templated":true}]}}