{"id":105680,"date":"2021-02-21T23:09:20","date_gmt":"2021-02-21T23:09:20","guid":{"rendered":"https:\/\/www.autonvaraosahaku.fi\/?product=vdo-x10-740-002-004-polttoaineen-paineensaadin"},"modified":"2021-02-21T23:09:24","modified_gmt":"2021-02-21T23:09:24","slug":"vdo-x10-740-002-004-polttoaineen-paineensaadin","status":"publish","type":"product","link":"https:\/\/www.autonvaraosahaku.fi\/?product=vdo-x10-740-002-004-polttoaineen-paineensaadin","title":{"rendered":"VDO X10-740-002-004 Polttoaineen paineens\u00e4\u00e4din"},"content":{"rendered":"<p>Polttoaine: Bensiini; BMW: 3 E46,5 E39,3 Touring E46,5 Touring E39,3 Coupe E46,3 Cabriolet E46,7 E38,Z3 E36,Z3 Coupe E36; 13531433023, 1433023<\/p>\n","protected":false},"excerpt":{"rendered":"<p>VDO Polttoaineen Paineens\u00e4\u00e4t\u00e4j\u00e4 X10-740-002-004  BMW,3 E46,5 E39,3 Touring E46,5 Touring E39,3 Coupe E46,3 Cabriolet E46,7 E38,Z3 E36,Z3 Coupe E36<\/p>\n","protected":false},"featured_media":0,"template":"","meta":{"site-sidebar-layout":"default","site-content-layout":"default","ast-global-header-display":"","ast-main-header-display":"","ast-hfb-above-header-display":"","ast-hfb-below-header-display":"","ast-hfb-mobile-header-display":"","site-post-title":"","ast-breadcrumbs-content":"","ast-featured-img":"","footer-sml-layout":"","theme-transparent-header-meta":"","adv-header-id-meta":"","stick-header-meta":"","header-above-stick-meta":"","header-main-stick-meta":"","header-below-stick-meta":""},"pwb-brand":[553],"product_cat":[246],"product_tag":[],"class_list":{"0":"post-105680","1":"product","2":"type-product","3":"status-publish","5":"pwb-brand-vdo","6":"product_cat-polttoaineen-paineensaadin","7":"desktop-align-left","8":"tablet-align-left","9":"mobile-align-left","11":"first","12":"instock","13":"product-type-external"},"brands":[{"id":553,"name":"VDO","slug":"vdo"}],"_links":{"self":[{"href":"https:\/\/www.autonvaraosahaku.fi\/index.php?rest_route=\/wp\/v2\/product\/105680","targetHints":{"allow":["GET"]}}],"collection":[{"href":"https:\/\/www.autonvaraosahaku.fi\/index.php?rest_route=\/wp\/v2\/product"}],"about":[{"href":"https:\/\/www.autonvaraosahaku.fi\/index.php?rest_route=\/wp\/v2\/types\/product"}],"wp:attachment":[{"href":"https:\/\/www.autonvaraosahaku.fi\/index.php?rest_route=%2Fwp%2Fv2%2Fmedia&parent=105680"}],"wp:term":[{"taxonomy":"pwb-brand","embeddable":true,"href":"https:\/\/www.autonvaraosahaku.fi\/index.php?rest_route=%2Fwp%2Fv2%2Fpwb-brand&post=105680"},{"taxonomy":"product_cat","embeddable":true,"href":"https:\/\/www.autonvaraosahaku.fi\/index.php?rest_route=%2Fwp%2Fv2%2Fproduct_cat&post=105680"},{"taxonomy":"product_tag","embeddable":true,"href":"https:\/\/www.autonvaraosahaku.fi\/index.php?rest_route=%2Fwp%2Fv2%2Fproduct_tag&post=105680"}],"curies":[{"name":"wp","href":"https:\/\/api.w.org\/{rel}","templated":true}]}}