{"id":105682,"date":"2021-02-21T23:09:20","date_gmt":"2021-02-21T23:09:20","guid":{"rendered":"https:\/\/www.autonvaraosahaku.fi\/?product=vdo-s103557002z-kampiakselin-asentotunnistin"},"modified":"2021-02-21T23:09:24","modified_gmt":"2021-02-21T23:09:24","slug":"vdo-s103557002z-kampiakselin-asentotunnistin","status":"publish","type":"product","link":"https:\/\/www.autonvaraosahaku.fi\/?product=vdo-s103557002z-kampiakselin-asentotunnistin","title":{"rendered":"VDO S103557002Z Kampiakselin asentotunnistin"},"content":{"rendered":"<p>Kaapelinmitta (mm): 780; Toleranssi [%]: +15, -5; Napojen m\u00e4\u00e4r\u00e4: 3; V\u00e4ri: Musta; Moottorinumero: M 52 B (20 6 S3) Van; BMW: 5 E39,5 Touring E39,3 Compact E36,3 E36,7 E38,3 Coupe E36,Z3 E36,3 Cabriolet E36,3 Touring E36,Z3 Coupe E36; 12141703277, 1703277; Kampiakselin Anturi,Impulssianturi, Kampiakseli<\/p>\n","protected":false},"excerpt":{"rendered":"<p>VDO Kampiakselin Asentotunnistin S103557002Z Kampiakselin Anturi,Impulssianturi, Kampiakseli BMW,5 E39,5 Touring E39,3 Compact E36,3 E36,7 E38<\/p>\n","protected":false},"featured_media":0,"template":"","meta":{"site-sidebar-layout":"default","site-content-layout":"default","ast-global-header-display":"","ast-main-header-display":"","ast-hfb-above-header-display":"","ast-hfb-below-header-display":"","ast-hfb-mobile-header-display":"","site-post-title":"","ast-breadcrumbs-content":"","ast-featured-img":"","footer-sml-layout":"","theme-transparent-header-meta":"","adv-header-id-meta":"","stick-header-meta":"","header-above-stick-meta":"","header-main-stick-meta":"","header-below-stick-meta":""},"pwb-brand":[553],"product_cat":[184],"product_tag":[],"class_list":{"0":"post-105682","1":"product","2":"type-product","3":"status-publish","5":"pwb-brand-vdo","6":"product_cat-kampiakselin-asentotunnistin","7":"desktop-align-left","8":"tablet-align-left","9":"mobile-align-left","11":"first","12":"instock","13":"product-type-external"},"brands":[{"id":553,"name":"VDO","slug":"vdo"}],"_links":{"self":[{"href":"https:\/\/www.autonvaraosahaku.fi\/index.php?rest_route=\/wp\/v2\/product\/105682","targetHints":{"allow":["GET"]}}],"collection":[{"href":"https:\/\/www.autonvaraosahaku.fi\/index.php?rest_route=\/wp\/v2\/product"}],"about":[{"href":"https:\/\/www.autonvaraosahaku.fi\/index.php?rest_route=\/wp\/v2\/types\/product"}],"wp:attachment":[{"href":"https:\/\/www.autonvaraosahaku.fi\/index.php?rest_route=%2Fwp%2Fv2%2Fmedia&parent=105682"}],"wp:term":[{"taxonomy":"pwb-brand","embeddable":true,"href":"https:\/\/www.autonvaraosahaku.fi\/index.php?rest_route=%2Fwp%2Fv2%2Fpwb-brand&post=105682"},{"taxonomy":"product_cat","embeddable":true,"href":"https:\/\/www.autonvaraosahaku.fi\/index.php?rest_route=%2Fwp%2Fv2%2Fproduct_cat&post=105682"},{"taxonomy":"product_tag","embeddable":true,"href":"https:\/\/www.autonvaraosahaku.fi\/index.php?rest_route=%2Fwp%2Fv2%2Fproduct_tag&post=105682"}],"curies":[{"name":"wp","href":"https:\/\/api.w.org\/{rel}","templated":true}]}}