{"id":105689,"date":"2021-02-21T23:09:20","date_gmt":"2021-02-21T23:09:20","guid":{"rendered":"https:\/\/www.autonvaraosahaku.fi\/?product=vdo-408-239-823-003z-kaasulappakotelo"},"modified":"2021-02-21T23:09:26","modified_gmt":"2021-02-21T23:09:26","slug":"vdo-408-239-823-003z-kaasulappakotelo","status":"publish","type":"product","link":"https:\/\/www.autonvaraosahaku.fi\/?product=vdo-408-239-823-003z-kaasulappakotelo","title":{"rendered":"VDO 408-239-823-003Z Kaasul\u00e4pp\u00e4kotelo"},"content":{"rendered":"<p>K\u00e4ytt\u00f6: Elektroninen; L\u00e4pimitta [mm]: 52; Lis\u00e4tarvike\/lis\u00e4tieto: Ilman tiivisteit\u00e4, Tarvikkeilla; Korvaava tuote\/korvaava tiedote 2: Anturilla, Ohjain\/ohjelma tulee kouluttaa\/p\u00e4ivitt\u00e4\u00e4; Suositellun tarvikkeen tuotenumero: Dichtung\/Gasket:, VDO A2C59516950, (PSA 1635J6); Huomioi ajoneuvovalmistajan vaatimukset: ; Moottorinumero: 6FZ (EW7J4); LANCIA: PHEDRA 179; FIAT: ULYSSE 179AX; CITRO\u00cbN: XSARA PICASSO N68,C8 EA_, EB_,C4 I LC_,C5 II Break RE_,C5 I DC_,C5 I Break DE_,XSARA N1,C4 Coupe LA_,C5 II RC_,XSARA Break N2,XSARA Coupe N0; PEUGEOT: 206 Schr\u00e4gheck 2A\/C,206 CC 2D,307 SW 3H,307 CC 3B,407 SW 6E_,307 3A\/C,206 SW 2E\/K,807 E,307 Break 3E,607 9D, 9U,407 6D_; 00001635V3, 00001635W8, 1635V3, 1635W8, 9648053780, 9652682880, 9652682880, 9652682880, 00001635V3, 00001635W8, 1635V3, 1635W8, 9648053780, 9652682880; Kaasul\u00e4pp\u00e4,Kaasul\u00e4p\u00e4n Kotelo<\/p>\n","protected":false},"excerpt":{"rendered":"<p>VDO Kaasul\u00e4pp\u00e4kotelo 408-239-823-003Z Kaasul\u00e4pp\u00e4,Kaasul\u00e4p\u00e4n Kotelo LANCIA,FIAT,CITRO\u00cbN,PHEDRA 179,ULYSSE 179AX,XSARA PICASSO N68,C8 EA_, EB_,C4 I LC_<\/p>\n","protected":false},"featured_media":0,"template":"","meta":{"site-sidebar-layout":"default","site-content-layout":"default","ast-global-header-display":"","ast-main-header-display":"","ast-hfb-above-header-display":"","ast-hfb-below-header-display":"","ast-hfb-mobile-header-display":"","site-post-title":"","ast-breadcrumbs-content":"","ast-featured-img":"","footer-sml-layout":"","theme-transparent-header-meta":"","adv-header-id-meta":"","stick-header-meta":"","header-above-stick-meta":"","header-main-stick-meta":"","header-below-stick-meta":""},"pwb-brand":[553],"product_cat":[277],"product_tag":[],"class_list":{"0":"post-105689","1":"product","2":"type-product","3":"status-publish","5":"pwb-brand-vdo","6":"product_cat-kaasulappakotelo","7":"desktop-align-left","8":"tablet-align-left","9":"mobile-align-left","11":"first","12":"instock","13":"product-type-external"},"brands":[{"id":553,"name":"VDO","slug":"vdo"}],"_links":{"self":[{"href":"https:\/\/www.autonvaraosahaku.fi\/index.php?rest_route=\/wp\/v2\/product\/105689","targetHints":{"allow":["GET"]}}],"collection":[{"href":"https:\/\/www.autonvaraosahaku.fi\/index.php?rest_route=\/wp\/v2\/product"}],"about":[{"href":"https:\/\/www.autonvaraosahaku.fi\/index.php?rest_route=\/wp\/v2\/types\/product"}],"wp:attachment":[{"href":"https:\/\/www.autonvaraosahaku.fi\/index.php?rest_route=%2Fwp%2Fv2%2Fmedia&parent=105689"}],"wp:term":[{"taxonomy":"pwb-brand","embeddable":true,"href":"https:\/\/www.autonvaraosahaku.fi\/index.php?rest_route=%2Fwp%2Fv2%2Fpwb-brand&post=105689"},{"taxonomy":"product_cat","embeddable":true,"href":"https:\/\/www.autonvaraosahaku.fi\/index.php?rest_route=%2Fwp%2Fv2%2Fproduct_cat&post=105689"},{"taxonomy":"product_tag","embeddable":true,"href":"https:\/\/www.autonvaraosahaku.fi\/index.php?rest_route=%2Fwp%2Fv2%2Fproduct_tag&post=105689"}],"curies":[{"name":"wp","href":"https:\/\/api.w.org\/{rel}","templated":true}]}}