{"id":105690,"date":"2021-02-21T23:09:27","date_gmt":"2021-02-21T23:09:27","guid":{"rendered":"https:\/\/www.autonvaraosahaku.fi\/?product=vdo-408-239-821-002z-kaasulappakotelo"},"modified":"2021-02-21T23:09:27","modified_gmt":"2021-02-21T23:09:27","slug":"vdo-408-239-821-002z-kaasulappakotelo","status":"publish","type":"product","link":"https:\/\/www.autonvaraosahaku.fi\/?product=vdo-408-239-821-002z-kaasulappakotelo","title":{"rendered":"VDO 408-239-821-002Z Kaasul\u00e4pp\u00e4kotelo"},"content":{"rendered":"<p>K\u00e4ytt\u00f6: Elektroninen; L\u00e4pimitta [mm]: 38; Lis\u00e4tarvike\/lis\u00e4tieto: Ilman tiivisteit\u00e4; Suositellun tarvikkeen tuotenumero: Dichtung\/Gasket:, Renault n\/a; Huomioi ajoneuvovalmistajan vaatimukset: ; Korvaava tuote\/korvaava tiedote 2: Ohjain\/ohjelma tulee kouluttaa\/p\u00e4ivitt\u00e4\u00e4; Moottorinumero: F4R 794; RENAULT: SC\u00c9NIC II JM0\/1_,ESPACE IV JK0\/1_,LAGUNA II Grandtour KG0\/1_,MEGANE II Coup\u00e9-Cabriolet EM0\/1_,LAGUNA II BG0\/1_,MEGANE II BM0\/1_, CM0\/1_,GRAND SC\u00c9NIC II JM0\/1_; 8200243886; Kaasul\u00e4pp\u00e4,Kaasul\u00e4p\u00e4n Kotelo<\/p>\n","protected":false},"excerpt":{"rendered":"<p>VDO Kaasul\u00e4pp\u00e4kotelo 408-239-821-002Z Kaasul\u00e4pp\u00e4,Kaasul\u00e4p\u00e4n Kotelo RENAULT,SC\u00c9NIC II JM0\/1_,ESPACE IV JK0\/1_,LAGUNA II Grandtour KG0\/1_<\/p>\n","protected":false},"featured_media":0,"template":"","meta":{"site-sidebar-layout":"default","site-content-layout":"default","ast-global-header-display":"","ast-main-header-display":"","ast-hfb-above-header-display":"","ast-hfb-below-header-display":"","ast-hfb-mobile-header-display":"","site-post-title":"","ast-breadcrumbs-content":"","ast-featured-img":"","footer-sml-layout":"","theme-transparent-header-meta":"","adv-header-id-meta":"","stick-header-meta":"","header-above-stick-meta":"","header-main-stick-meta":"","header-below-stick-meta":""},"pwb-brand":[553],"product_cat":[277],"product_tag":[],"class_list":{"0":"post-105690","1":"product","2":"type-product","3":"status-publish","5":"pwb-brand-vdo","6":"product_cat-kaasulappakotelo","7":"desktop-align-left","8":"tablet-align-left","9":"mobile-align-left","11":"first","12":"instock","13":"product-type-external"},"brands":[{"id":553,"name":"VDO","slug":"vdo"}],"_links":{"self":[{"href":"https:\/\/www.autonvaraosahaku.fi\/index.php?rest_route=\/wp\/v2\/product\/105690","targetHints":{"allow":["GET"]}}],"collection":[{"href":"https:\/\/www.autonvaraosahaku.fi\/index.php?rest_route=\/wp\/v2\/product"}],"about":[{"href":"https:\/\/www.autonvaraosahaku.fi\/index.php?rest_route=\/wp\/v2\/types\/product"}],"wp:attachment":[{"href":"https:\/\/www.autonvaraosahaku.fi\/index.php?rest_route=%2Fwp%2Fv2%2Fmedia&parent=105690"}],"wp:term":[{"taxonomy":"pwb-brand","embeddable":true,"href":"https:\/\/www.autonvaraosahaku.fi\/index.php?rest_route=%2Fwp%2Fv2%2Fpwb-brand&post=105690"},{"taxonomy":"product_cat","embeddable":true,"href":"https:\/\/www.autonvaraosahaku.fi\/index.php?rest_route=%2Fwp%2Fv2%2Fproduct_cat&post=105690"},{"taxonomy":"product_tag","embeddable":true,"href":"https:\/\/www.autonvaraosahaku.fi\/index.php?rest_route=%2Fwp%2Fv2%2Fproduct_tag&post=105690"}],"curies":[{"name":"wp","href":"https:\/\/api.w.org\/{rel}","templated":true}]}}