{"id":105701,"date":"2021-02-21T23:09:27","date_gmt":"2021-02-21T23:09:27","guid":{"rendered":"https:\/\/www.autonvaraosahaku.fi\/?product=vdo-a2c59513556-polttoainesuutin"},"modified":"2021-02-21T23:09:30","modified_gmt":"2021-02-21T23:09:30","slug":"vdo-a2c59513556-polttoainesuutin","status":"publish","type":"product","link":"https:\/\/www.autonvaraosahaku.fi\/?product=vdo-a2c59513556-polttoainesuutin","title":{"rendered":"VDO A2C59513556 Polttoainesuutin"},"content":{"rendered":"<p>Suositellun tarvikkeen tuotenumero: A2C59514036; Huomioi ajoneuvovalmistajan vaatimukset: ; Korvaava tuote\/korvaava tiedote 2: Ohjain\/ohjelma tulee kouluttaa\/p\u00e4ivitt\u00e4\u00e4; Moottorinumero: T3DA; MAZDA: 3 BL,5 CW,3 Stufenheck BL; VOLVO: V50 MW,V70 III BW,C30,V60,S40 II MS,V40 Schr\u00e4gheck,S80 II AS,S60 II; FORD: MONDEO IV Turnier BA7,S-MAX WA6,FOCUS III Turnier,GALAXY WA6,FOCUS III,C-MAX II,MONDEO IV BA7,GRAND C-MAX,FOCUS III Stufenheck; CITRO\u00cbN: BERLINGO B9,C5 III Break TD_,C4 Picasso I UD_,C4 Grand Picasso I UA_,DS3,C3 Picasso,C5 III RD_,C3 II,C4 II B7,BERLINGO Kasten B9,C4 Picasso II,DS4,DS5,C4 AIRCROSS,BERLINGO Pritsche\/Fahrgestell B9; PEUGEOT: 207 CC WD_,207 SW WK_,308 SW,208,308 4A_, 4C_,5008,508 SW,3008,PARTNER Tepee,308 CC,2008,508,PARTNER Kasten,308 II,4008; 00001980ER, 00001980ET, 00001980R9, 00001980S0, 1980ER, 1980ET, 1980R9, 1980S0, 9802448680, 1791017, 1812616, 00001980ER, 00001980ET, 00001980R9, 00001980S0, 1980ER, 1980ET, 1980R9, 1980S0, 9802448680, 36001726, 36001727, 36001728, 36001729; Ruiskutussuutin,Ruiskusuutin,Pumppusuutin<\/p>\n","protected":false},"excerpt":{"rendered":"<p>VDO Polttoainesuutin A2C59513556 Ruiskutussuutin,Ruiskusuutin MAZDA,VOLVO,FORD,3 BL,5 CW,3 Stufenheck BL,V50 MW,V70 III BW,C30,V60,S40 II MS<\/p>\n","protected":false},"featured_media":0,"template":"","meta":{"site-sidebar-layout":"default","site-content-layout":"default","ast-global-header-display":"","ast-main-header-display":"","ast-hfb-above-header-display":"","ast-hfb-below-header-display":"","ast-hfb-mobile-header-display":"","site-post-title":"","ast-breadcrumbs-content":"","ast-featured-img":"","footer-sml-layout":"","theme-transparent-header-meta":"","adv-header-id-meta":"","stick-header-meta":"","header-above-stick-meta":"","header-main-stick-meta":"","header-below-stick-meta":""},"pwb-brand":[553],"product_cat":[346],"product_tag":[],"class_list":{"0":"post-105701","1":"product","2":"type-product","3":"status-publish","5":"pwb-brand-vdo","6":"product_cat-polttoainesuutin","7":"desktop-align-left","8":"tablet-align-left","9":"mobile-align-left","11":"first","12":"instock","13":"product-type-external"},"brands":[{"id":553,"name":"VDO","slug":"vdo"}],"_links":{"self":[{"href":"https:\/\/www.autonvaraosahaku.fi\/index.php?rest_route=\/wp\/v2\/product\/105701","targetHints":{"allow":["GET"]}}],"collection":[{"href":"https:\/\/www.autonvaraosahaku.fi\/index.php?rest_route=\/wp\/v2\/product"}],"about":[{"href":"https:\/\/www.autonvaraosahaku.fi\/index.php?rest_route=\/wp\/v2\/types\/product"}],"wp:attachment":[{"href":"https:\/\/www.autonvaraosahaku.fi\/index.php?rest_route=%2Fwp%2Fv2%2Fmedia&parent=105701"}],"wp:term":[{"taxonomy":"pwb-brand","embeddable":true,"href":"https:\/\/www.autonvaraosahaku.fi\/index.php?rest_route=%2Fwp%2Fv2%2Fpwb-brand&post=105701"},{"taxonomy":"product_cat","embeddable":true,"href":"https:\/\/www.autonvaraosahaku.fi\/index.php?rest_route=%2Fwp%2Fv2%2Fproduct_cat&post=105701"},{"taxonomy":"product_tag","embeddable":true,"href":"https:\/\/www.autonvaraosahaku.fi\/index.php?rest_route=%2Fwp%2Fv2%2Fproduct_tag&post=105701"}],"curies":[{"name":"wp","href":"https:\/\/api.w.org\/{rel}","templated":true}]}}