{"id":105716,"date":"2021-02-21T23:09:33","date_gmt":"2021-02-21T23:09:33","guid":{"rendered":"https:\/\/www.autonvaraosahaku.fi\/?product=vdo-a2c59513208-kaasulappakotelo"},"modified":"2021-02-21T23:09:35","modified_gmt":"2021-02-21T23:09:35","slug":"vdo-a2c59513208-kaasulappakotelo","status":"publish","type":"product","link":"https:\/\/www.autonvaraosahaku.fi\/?product=vdo-a2c59513208-kaasulappakotelo","title":{"rendered":"VDO A2C59513208 Kaasul\u00e4pp\u00e4kotelo"},"content":{"rendered":"<p>K\u00e4ytt\u00f6: Elektroninen; L\u00e4pimitta [mm]: 60; Lis\u00e4tarvike\/lis\u00e4tieto: Ilman tiivisteit\u00e4, Tarvikkeilla; Ruuvien m\u00e4\u00e4r\u00e4: 3; Suositellun tarvikkeen tuotenumero: Dichtung\/Gasket:, VDO A2C59516955, (BMW 11 61 7 528 341, PSA 0348S7); Huomioi ajoneuvovalmistajan vaatimukset: ; Korvaava tuote\/korvaava tiedote 2: Ohjain\/ohjelma tulee kouluttaa\/p\u00e4ivitt\u00e4\u00e4; Moottorinumero: N18 B16 A; MINI: MINI R56,MINI CLUBMAN R55,MINI Cabriolet R57,MINI COUNTRYMAN R60,MINI Coupe R58,MINI Roadster R59,MINI PACEMAN R61; BMW: 1 F20,3 Touring F31,3 F30, F35, F80,1 F21; CITRO\u00cbN: C4 Picasso I UD_,C4 I LC_,DS3,C5 III RD_,C4 Coupe LA_,DS3 Cabriolet; PEUGEOT: 207 WA_, WC_,207 CC WD_,308 SW,308 4A_, 4C_,5008,3008,RCZ,308 CC; 13548624189, 13548675278, 8624189, 8675278, 0000163631, 0000163672, 163631, 163672, V862418980, 13547528179, 13547574380, 13547576698, 13547604918, 13548605603, 7528179, 7574380, 7576698, 7604918, 8605603, 0000163631, 0000163672, 163631, 163672, V862418980; Kaasul\u00e4pp\u00e4,Kaasul\u00e4p\u00e4n Kotelo<\/p>\n","protected":false},"excerpt":{"rendered":"<p>VDO Kaasul\u00e4pp\u00e4kotelo A2C59513208 Kaasul\u00e4pp\u00e4,Kaasul\u00e4p\u00e4n Kotelo MINI,BMW,CITRO\u00cbN,MINI R56,MINI CLUBMAN R55,MINI Cabriolet R57,MINI COUNTRYMAN R60<\/p>\n","protected":false},"featured_media":0,"template":"","meta":{"site-sidebar-layout":"default","site-content-layout":"default","ast-global-header-display":"","ast-main-header-display":"","ast-hfb-above-header-display":"","ast-hfb-below-header-display":"","ast-hfb-mobile-header-display":"","site-post-title":"","ast-breadcrumbs-content":"","ast-featured-img":"","footer-sml-layout":"","theme-transparent-header-meta":"","adv-header-id-meta":"","stick-header-meta":"","header-above-stick-meta":"","header-main-stick-meta":"","header-below-stick-meta":""},"pwb-brand":[553],"product_cat":[277],"product_tag":[],"class_list":{"0":"post-105716","1":"product","2":"type-product","3":"status-publish","5":"pwb-brand-vdo","6":"product_cat-kaasulappakotelo","7":"desktop-align-left","8":"tablet-align-left","9":"mobile-align-left","11":"first","12":"instock","13":"product-type-external"},"brands":[{"id":553,"name":"VDO","slug":"vdo"}],"_links":{"self":[{"href":"https:\/\/www.autonvaraosahaku.fi\/index.php?rest_route=\/wp\/v2\/product\/105716","targetHints":{"allow":["GET"]}}],"collection":[{"href":"https:\/\/www.autonvaraosahaku.fi\/index.php?rest_route=\/wp\/v2\/product"}],"about":[{"href":"https:\/\/www.autonvaraosahaku.fi\/index.php?rest_route=\/wp\/v2\/types\/product"}],"wp:attachment":[{"href":"https:\/\/www.autonvaraosahaku.fi\/index.php?rest_route=%2Fwp%2Fv2%2Fmedia&parent=105716"}],"wp:term":[{"taxonomy":"pwb-brand","embeddable":true,"href":"https:\/\/www.autonvaraosahaku.fi\/index.php?rest_route=%2Fwp%2Fv2%2Fpwb-brand&post=105716"},{"taxonomy":"product_cat","embeddable":true,"href":"https:\/\/www.autonvaraosahaku.fi\/index.php?rest_route=%2Fwp%2Fv2%2Fproduct_cat&post=105716"},{"taxonomy":"product_tag","embeddable":true,"href":"https:\/\/www.autonvaraosahaku.fi\/index.php?rest_route=%2Fwp%2Fv2%2Fproduct_tag&post=105716"}],"curies":[{"name":"wp","href":"https:\/\/api.w.org\/{rel}","templated":true}]}}