{"id":105718,"date":"2021-02-21T23:09:33","date_gmt":"2021-02-21T23:09:33","guid":{"rendered":"https:\/\/www.autonvaraosahaku.fi\/?product=vdo-5wk9606z-ilmamassamittari"},"modified":"2021-02-21T23:09:35","modified_gmt":"2021-02-21T23:09:35","slug":"vdo-5wk9606z-ilmamassamittari","status":"publish","type":"product","link":"https:\/\/www.autonvaraosahaku.fi\/?product=vdo-5wk9606z-ilmamassamittari","title":{"rendered":"VDO 5WK9606Z Ilmamassamittari"},"content":{"rendered":"<p>Napojen m\u00e4\u00e4r\u00e4: 4; V\u00e4ri: Musta; Moottorinumero: X 18 XE1; OPEL: CORSA C F08, F68,ASTRA H Caravan L35,MERIVA,ZAFIRA A F75_,ASTRA G CC F48_, F08_,ASTRA H L48,ASTRA G Caravan F35_,VECTRA C Caravan,ASTRA H GTC L08,SIGNUM,VECTRA C,VECTRA B 36_,OMEGA B Caravan 21_, 22_, 23_,OMEGA B 25_, 26_, 27_,VECTRA C GTS,TIGRA TwinTop,VECTRA B Caravan 31_,ASTRA H TwinTop L67,ASTRA G Cabriolet F67,ASTRA G Coupe F07_,ASTRA G Stufenheck F69_,VECTRA B CC 38_; VAUXHALL: ZAFIRA Mk I A F75,CORSA Mk II C W5L, F08,ASTRA Mk IV G CC,VECTRA Mk II C,OMEGA B,ASTRA Mk IV G Sedan,VECTRA B CC,VX220,VECTRA B Estate,VECTRA B,OMEGA B Estate,ASTRA Mk IV G Coupe F67,ASTRA Mk IV G Convertible,ASTRA Mk IV G Estate; 836583, 90530463, 836583, 90530463; Ilmam\u00e4\u00e4r\u00e4mittari,MAF Anturi<\/p>\n","protected":false},"excerpt":{"rendered":"<p>VDO Ilmamassamittari 5WK9606Z Ilmam\u00e4\u00e4r\u00e4mittari,MAF Anturi OPEL,VAUXHALL,CORSA C F08, F68,ASTRA H Caravan L35,MERIVA,ZAFIRA A F75_<\/p>\n","protected":false},"featured_media":0,"template":"","meta":{"site-sidebar-layout":"default","site-content-layout":"default","ast-global-header-display":"","ast-main-header-display":"","ast-hfb-above-header-display":"","ast-hfb-below-header-display":"","ast-hfb-mobile-header-display":"","site-post-title":"","ast-breadcrumbs-content":"","ast-featured-img":"","footer-sml-layout":"","theme-transparent-header-meta":"","adv-header-id-meta":"","stick-header-meta":"","header-above-stick-meta":"","header-main-stick-meta":"","header-below-stick-meta":""},"pwb-brand":[553],"product_cat":[270],"product_tag":[],"class_list":{"0":"post-105718","1":"product","2":"type-product","3":"status-publish","5":"pwb-brand-vdo","6":"product_cat-ilmamassamittari","7":"desktop-align-left","8":"tablet-align-left","9":"mobile-align-left","11":"first","12":"instock","13":"product-type-external"},"brands":[{"id":553,"name":"VDO","slug":"vdo"}],"_links":{"self":[{"href":"https:\/\/www.autonvaraosahaku.fi\/index.php?rest_route=\/wp\/v2\/product\/105718","targetHints":{"allow":["GET"]}}],"collection":[{"href":"https:\/\/www.autonvaraosahaku.fi\/index.php?rest_route=\/wp\/v2\/product"}],"about":[{"href":"https:\/\/www.autonvaraosahaku.fi\/index.php?rest_route=\/wp\/v2\/types\/product"}],"wp:attachment":[{"href":"https:\/\/www.autonvaraosahaku.fi\/index.php?rest_route=%2Fwp%2Fv2%2Fmedia&parent=105718"}],"wp:term":[{"taxonomy":"pwb-brand","embeddable":true,"href":"https:\/\/www.autonvaraosahaku.fi\/index.php?rest_route=%2Fwp%2Fv2%2Fpwb-brand&post=105718"},{"taxonomy":"product_cat","embeddable":true,"href":"https:\/\/www.autonvaraosahaku.fi\/index.php?rest_route=%2Fwp%2Fv2%2Fproduct_cat&post=105718"},{"taxonomy":"product_tag","embeddable":true,"href":"https:\/\/www.autonvaraosahaku.fi\/index.php?rest_route=%2Fwp%2Fv2%2Fproduct_tag&post=105718"}],"curies":[{"name":"wp","href":"https:\/\/api.w.org\/{rel}","templated":true}]}}