{"id":105724,"date":"2021-02-21T23:09:33","date_gmt":"2021-02-21T23:09:33","guid":{"rendered":"https:\/\/www.autonvaraosahaku.fi\/?product=walker-23546-takaaanenvaimennin"},"modified":"2021-02-21T23:09:37","modified_gmt":"2021-02-21T23:09:37","slug":"walker-23546-takaaanenvaimennin","status":"publish","type":"product","link":"https:\/\/www.autonvaraosahaku.fi\/?product=walker-23546-takaaanenvaimennin","title":{"rendered":"Walker 23546 Taka\u00e4\u00e4nenvaimennin"},"content":{"rendered":"<p>Pituus (mm): 710; Paino [kg]: 6,460; Tunnuskirjain: 52; Korvaava tuote\/korvaava tiedote 2: pakoputken p\u00e4\u00e4n koristeella, Ilman asennusosia; t\u00e4ytetty: ; Pakokaasunormi: Euro 4 (D4); PEUGEOT: 206 Schr\u00e4gheck 2A\/C,206+ T3E,206 Van; 173027, 1730EG, 1730HH; Takavaimennin,Takap\u00f6ntt\u00f6,Taka\u00e4\u00e4nenvaimentaja<\/p>\n","protected":false},"excerpt":{"rendered":"<p>WALKER Taka\u00e4\u00e4nenvaimennin 23546 Takavaimennin,Takap\u00f6ntt\u00f6 PEUGEOT,206 Schr\u00e4gheck 2A\/C,206+ T3E,206 Van<\/p>\n","protected":false},"featured_media":0,"template":"","meta":{"site-sidebar-layout":"default","site-content-layout":"default","ast-global-header-display":"","ast-main-header-display":"","ast-hfb-above-header-display":"","ast-hfb-below-header-display":"","ast-hfb-mobile-header-display":"","site-post-title":"","ast-breadcrumbs-content":"","ast-featured-img":"","footer-sml-layout":"","theme-transparent-header-meta":"","adv-header-id-meta":"","stick-header-meta":"","header-above-stick-meta":"","header-main-stick-meta":"","header-below-stick-meta":""},"pwb-brand":[554],"product_cat":[90],"product_tag":[],"class_list":{"0":"post-105724","1":"product","2":"type-product","3":"status-publish","5":"pwb-brand-walker","6":"product_cat-takaaanenvaimennin","7":"desktop-align-left","8":"tablet-align-left","9":"mobile-align-left","11":"first","12":"instock","13":"product-type-external"},"brands":[{"id":554,"name":"Walker","slug":"walker"}],"_links":{"self":[{"href":"https:\/\/www.autonvaraosahaku.fi\/index.php?rest_route=\/wp\/v2\/product\/105724","targetHints":{"allow":["GET"]}}],"collection":[{"href":"https:\/\/www.autonvaraosahaku.fi\/index.php?rest_route=\/wp\/v2\/product"}],"about":[{"href":"https:\/\/www.autonvaraosahaku.fi\/index.php?rest_route=\/wp\/v2\/types\/product"}],"wp:attachment":[{"href":"https:\/\/www.autonvaraosahaku.fi\/index.php?rest_route=%2Fwp%2Fv2%2Fmedia&parent=105724"}],"wp:term":[{"taxonomy":"pwb-brand","embeddable":true,"href":"https:\/\/www.autonvaraosahaku.fi\/index.php?rest_route=%2Fwp%2Fv2%2Fpwb-brand&post=105724"},{"taxonomy":"product_cat","embeddable":true,"href":"https:\/\/www.autonvaraosahaku.fi\/index.php?rest_route=%2Fwp%2Fv2%2Fproduct_cat&post=105724"},{"taxonomy":"product_tag","embeddable":true,"href":"https:\/\/www.autonvaraosahaku.fi\/index.php?rest_route=%2Fwp%2Fv2%2Fproduct_tag&post=105724"}],"curies":[{"name":"wp","href":"https:\/\/api.w.org\/{rel}","templated":true}]}}