{"id":10574,"date":"2021-02-21T14:09:11","date_gmt":"2021-02-21T14:09:11","guid":{"rendered":"https:\/\/www.autonvaraosahaku.fi\/?product=meyle-300-135-1007-sk-muut-luokat"},"modified":"2021-02-21T14:09:12","modified_gmt":"2021-02-21T14:09:12","slug":"meyle-300-135-1007-sk-muut-luokat","status":"publish","type":"product","link":"https:\/\/www.autonvaraosahaku.fi\/?product=meyle-300-135-1007-sk-muut-luokat","title":{"rendered":"MEYLE 300 135 1007\/SK Muut luokat"},"content":{"rendered":"<p>Vaihteistomalli: 8HP70, 8HP45; Vaihteistomalli: Automaattivaihteisto, 8-vaiht.; Valmistaja rajaus: ZF; Lis\u00e4tarvike\/lis\u00e4tieto: Tarvikkeilla; \u00d6ljypohjan materiaali: Muovi; M\u00e4\u00e4r\u00e4yksikk\u00f6: Sarja; Vaihtoehtoinen korjaussarja: 300 135 0007; Lyhytsarja: ; lis\u00e4tieto: ORIGINAL Quality; Vaihteistonumero: 8HP70; BMW: 5 Touring F11,5 F10, F18,X1 E84,1 F20,X5 E70,X3 F25,3 Touring F31,3 F30, F35, F80,1 F21,7 F01, F02, F03, F04,Z4 E89,5 Gran Turismo F07,X6 E71, E72,3 Gran Turismo F34,4 Coupe F32, F82,6 Gran Coupe F06,6 Coupe F13,6 Cabriolet F12,4 Gran Coupe F36; LAND ROVER: DISCOVERY IV LA,RANGE ROVER SPORT LW,RANGE ROVER IV LG,RANGE ROVER VELAR L560,DISCOVERY V LR_; JAGUAR: XF _J05_, CC9,XF SPORTBRAKE CC9,XJ X35_, _J12_, _J24_,F-TYPE Cabriolet,XE X760,F-TYPE Coupe,XF X260,XF SPORTBRAKE X260; 24117604960, 24117613253, 24117624192, 24118612901, JDE36541, LR023294, LR065238<\/p>\n","protected":false},"excerpt":{"rendered":"<p>MEYLE Tarvikesarja, \u00d6ljynvaihto-Automaattivaihteisto 300 135 1007\/SK  BMW,LAND ROVER,JAGUAR,5 Touring F11,5 F10, F18,X1 E84,1 F20,X5 E70,X3 F25<\/p>\n","protected":false},"featured_media":0,"template":"","meta":{"site-sidebar-layout":"default","site-content-layout":"default","ast-global-header-display":"","ast-main-header-display":"","ast-hfb-above-header-display":"","ast-hfb-below-header-display":"","ast-hfb-mobile-header-display":"","site-post-title":"","ast-breadcrumbs-content":"","ast-featured-img":"","footer-sml-layout":"","theme-transparent-header-meta":"","adv-header-id-meta":"","stick-header-meta":"","header-above-stick-meta":"","header-main-stick-meta":"","header-below-stick-meta":""},"pwb-brand":[84],"product_cat":[37],"product_tag":[],"class_list":{"0":"post-10574","1":"product","2":"type-product","3":"status-publish","5":"pwb-brand-meyle","6":"product_cat-muut-luokat","7":"desktop-align-left","8":"tablet-align-left","9":"mobile-align-left","11":"first","12":"instock","13":"product-type-external"},"brands":[{"id":84,"name":"MEYLE","slug":"meyle"}],"_links":{"self":[{"href":"https:\/\/www.autonvaraosahaku.fi\/index.php?rest_route=\/wp\/v2\/product\/10574","targetHints":{"allow":["GET"]}}],"collection":[{"href":"https:\/\/www.autonvaraosahaku.fi\/index.php?rest_route=\/wp\/v2\/product"}],"about":[{"href":"https:\/\/www.autonvaraosahaku.fi\/index.php?rest_route=\/wp\/v2\/types\/product"}],"wp:attachment":[{"href":"https:\/\/www.autonvaraosahaku.fi\/index.php?rest_route=%2Fwp%2Fv2%2Fmedia&parent=10574"}],"wp:term":[{"taxonomy":"pwb-brand","embeddable":true,"href":"https:\/\/www.autonvaraosahaku.fi\/index.php?rest_route=%2Fwp%2Fv2%2Fpwb-brand&post=10574"},{"taxonomy":"product_cat","embeddable":true,"href":"https:\/\/www.autonvaraosahaku.fi\/index.php?rest_route=%2Fwp%2Fv2%2Fproduct_cat&post=10574"},{"taxonomy":"product_tag","embeddable":true,"href":"https:\/\/www.autonvaraosahaku.fi\/index.php?rest_route=%2Fwp%2Fv2%2Fproduct_tag&post=10574"}],"curies":[{"name":"wp","href":"https:\/\/api.w.org\/{rel}","templated":true}]}}