{"id":10578,"date":"2021-02-21T14:09:11","date_gmt":"2021-02-21T14:09:11","guid":{"rendered":"https:\/\/www.autonvaraosahaku.fi\/?product=miraglio-30-2021-muut-luokat"},"modified":"2021-02-21T14:09:13","modified_gmt":"2021-02-21T14:09:13","slug":"miraglio-30-2021-muut-luokat","status":"publish","type":"product","link":"https:\/\/www.autonvaraosahaku.fi\/?product=miraglio-30-2021-muut-luokat","title":{"rendered":"MIRAGLIO 30\/2021 Muut luokat"},"content":{"rendered":"<p>Asennuspuoli: Vasen; Oviluku: 2; K\u00e4ytt\u00f6: S\u00e4hk\u00f6inen; Lis\u00e4tarvike\/lis\u00e4tieto: S\u00e4hk\u00f6moottorilla; FORD: FIESTA V JH_, JD_; 1218652; S\u00e4hk\u00f6moottori, Lasinnostin<\/p>\n","protected":false},"excerpt":{"rendered":"<p>MIRAGLIO Lasinnostin Moottori 30\/2021 S\u00e4hk\u00f6moottori, Lasinnostin FORD,FIESTA V JH_, JD_<\/p>\n","protected":false},"featured_media":0,"template":"","meta":{"site-sidebar-layout":"default","site-content-layout":"default","ast-global-header-display":"","ast-main-header-display":"","ast-hfb-above-header-display":"","ast-hfb-below-header-display":"","ast-hfb-mobile-header-display":"","site-post-title":"","ast-breadcrumbs-content":"","ast-featured-img":"","footer-sml-layout":"","theme-transparent-header-meta":"","adv-header-id-meta":"","stick-header-meta":"","header-above-stick-meta":"","header-main-stick-meta":"","header-below-stick-meta":""},"pwb-brand":[294],"product_cat":[37],"product_tag":[],"class_list":{"0":"post-10578","1":"product","2":"type-product","3":"status-publish","5":"pwb-brand-miraglio","6":"product_cat-muut-luokat","7":"desktop-align-left","8":"tablet-align-left","9":"mobile-align-left","11":"first","12":"instock","13":"product-type-external"},"brands":[{"id":294,"name":"MIRAGLIO","slug":"miraglio"}],"_links":{"self":[{"href":"https:\/\/www.autonvaraosahaku.fi\/index.php?rest_route=\/wp\/v2\/product\/10578","targetHints":{"allow":["GET"]}}],"collection":[{"href":"https:\/\/www.autonvaraosahaku.fi\/index.php?rest_route=\/wp\/v2\/product"}],"about":[{"href":"https:\/\/www.autonvaraosahaku.fi\/index.php?rest_route=\/wp\/v2\/types\/product"}],"wp:attachment":[{"href":"https:\/\/www.autonvaraosahaku.fi\/index.php?rest_route=%2Fwp%2Fv2%2Fmedia&parent=10578"}],"wp:term":[{"taxonomy":"pwb-brand","embeddable":true,"href":"https:\/\/www.autonvaraosahaku.fi\/index.php?rest_route=%2Fwp%2Fv2%2Fpwb-brand&post=10578"},{"taxonomy":"product_cat","embeddable":true,"href":"https:\/\/www.autonvaraosahaku.fi\/index.php?rest_route=%2Fwp%2Fv2%2Fproduct_cat&post=10578"},{"taxonomy":"product_tag","embeddable":true,"href":"https:\/\/www.autonvaraosahaku.fi\/index.php?rest_route=%2Fwp%2Fv2%2Fproduct_tag&post=10578"}],"curies":[{"name":"wp","href":"https:\/\/api.w.org\/{rel}","templated":true}]}}