{"id":10579,"date":"2021-02-21T14:09:14","date_gmt":"2021-02-21T14:09:14","guid":{"rendered":"https:\/\/www.autonvaraosahaku.fi\/?product=swag-30-93-8345-vetonivelen-suojakumi"},"modified":"2021-02-21T14:09:14","modified_gmt":"2021-02-21T14:09:14","slug":"swag-30-93-8345-vetonivelen-suojakumi","status":"publish","type":"product","link":"https:\/\/www.autonvaraosahaku.fi\/?product=swag-30-93-8345-vetonivelen-suojakumi","title":{"rendered":"SWAG 30 93 8345 Vetonivelen suojakumi"},"content":{"rendered":"<p>Pituus (mm): 99; Materiaali: Kumi; Sis\u00e4l\u00e4pimitta 1 [mm]: 24; Sis\u00e4l\u00e4pimitta 2 [mm]: 57; Huomioi huolto-ohjeet: , ; Vaihteistomalli: Automatikgetriebe; VW: GOLF IV 1J1,TRANSPORTER IV Bus 70XB, 70XC, 7DB, 7DW,GOLF IV Variant 1J5,SHARAN 7M8, 7M9, 7M6,BORA 1J2,TRANSPORTER IV Kasten 70XA,NEW BEETLE 9C1, 1C1,PHAETON 3D_,BORA Kombi 1J6,TRANSPORTER IV Pritsche\/Fahrgestell 70XD,GOLF IV Van 1J1; AUDI: A3 8L1,A4 Avant 8ED, B7,A4 Cabriolet 8H7, B6, 8HE, B7,A4 8EC, B7,TT 8N3,TT Roadster 8N9,V8 44_, 4C_,R8 42,R8 Spyder; MERCEDES-BENZ: VIANO W639,VITO Bus W639,VITO \/ MIXTO Kasten W639; FIAT: STILO 192,MAREA Weekend 185,MAREA 185; SKODA: OCTAVIA Combi 1U5,OCTAVIA 1U2; SEAT: LEON 1M1,ALHAMBRA 7V8, 7V9,TOLEDO II 1M2; ALFA ROMEO: 166 936,145 930,146 930; LANCIA: LYBRA SW 839BX,KAPPA 838A,LYBRA 839AX,KAPPA SW 838B,KAPPA Coupe 838; 46307462, 46307462S1, 1J0498201E, 3D0598201, 441498201, 8E0498201A, 8E0498201F, 8N0498201A, 46307462, 46307462S1, 46307462, 46307462S1, 0003301385, 0003301385S1, 6393500137, A6393500137, 1J0498201E, 7M0407283, 7M0407283S1, 7M0498201, 7M0498201A, 7M0498202, 8N0498201A, 1J0498201E, 1J0498201E, 3D0598201, 443407283A, 443407283AS1, 701498201, 701498201SK1, 7M0407283, 7M0407283S1, 7M0498201, 7M0498201A, 7M0498202, 8N0498201A<\/p>\n","protected":false},"excerpt":{"rendered":"<p>SWAG Paljekumisarja, Vetoakseli 30 93 8345  VW,AUDI,MERCEDES-BENZ,GOLF IV 1J1,TRANSPORTER IV Bus 70XB, 70XC, 7DB, 7DW,GOLF IV Variant 1J5<\/p>\n","protected":false},"featured_media":0,"template":"","meta":{"site-sidebar-layout":"default","site-content-layout":"default","ast-global-header-display":"","ast-main-header-display":"","ast-hfb-above-header-display":"","ast-hfb-below-header-display":"","ast-hfb-mobile-header-display":"","site-post-title":"","ast-breadcrumbs-content":"","ast-featured-img":"","footer-sml-layout":"","theme-transparent-header-meta":"","adv-header-id-meta":"","stick-header-meta":"","header-above-stick-meta":"","header-main-stick-meta":"","header-below-stick-meta":""},"pwb-brand":[103],"product_cat":[42],"product_tag":[],"class_list":{"0":"post-10579","1":"product","2":"type-product","3":"status-publish","5":"pwb-brand-swag","6":"product_cat-vetonivelen-suojakumi","7":"desktop-align-left","8":"tablet-align-left","9":"mobile-align-left","11":"first","12":"instock","13":"product-type-external"},"brands":[{"id":103,"name":"SWAG","slug":"swag"}],"_links":{"self":[{"href":"https:\/\/www.autonvaraosahaku.fi\/index.php?rest_route=\/wp\/v2\/product\/10579","targetHints":{"allow":["GET"]}}],"collection":[{"href":"https:\/\/www.autonvaraosahaku.fi\/index.php?rest_route=\/wp\/v2\/product"}],"about":[{"href":"https:\/\/www.autonvaraosahaku.fi\/index.php?rest_route=\/wp\/v2\/types\/product"}],"wp:attachment":[{"href":"https:\/\/www.autonvaraosahaku.fi\/index.php?rest_route=%2Fwp%2Fv2%2Fmedia&parent=10579"}],"wp:term":[{"taxonomy":"pwb-brand","embeddable":true,"href":"https:\/\/www.autonvaraosahaku.fi\/index.php?rest_route=%2Fwp%2Fv2%2Fpwb-brand&post=10579"},{"taxonomy":"product_cat","embeddable":true,"href":"https:\/\/www.autonvaraosahaku.fi\/index.php?rest_route=%2Fwp%2Fv2%2Fproduct_cat&post=10579"},{"taxonomy":"product_tag","embeddable":true,"href":"https:\/\/www.autonvaraosahaku.fi\/index.php?rest_route=%2Fwp%2Fv2%2Fproduct_tag&post=10579"}],"curies":[{"name":"wp","href":"https:\/\/api.w.org\/{rel}","templated":true}]}}