{"id":105790,"date":"2021-02-21T23:09:57","date_gmt":"2021-02-21T23:09:57","guid":{"rendered":"https:\/\/www.autonvaraosahaku.fi\/?product=walker-23838-takaaanenvaimennin"},"modified":"2021-02-21T23:09:58","modified_gmt":"2021-02-21T23:09:58","slug":"walker-23838-takaaanenvaimennin","status":"publish","type":"product","link":"https:\/\/www.autonvaraosahaku.fi\/?product=walker-23838-takaaanenvaimennin","title":{"rendered":"Walker 23838 Taka\u00e4\u00e4nenvaimennin"},"content":{"rendered":"<p>Pituus (mm): 880; Paino [kg]: 5,155; Tunnuskirjain: 52; Korvaava tuote\/korvaava tiedote 2: johdolla, Ilman asennusosia; t\u00e4ytetty: ; Valmistusvuoteen: 08\/2010; FIAT: 500 312,500 C 312; 51786718, 51873783, 51893076; Takavaimennin,Takap\u00f6ntt\u00f6,Taka\u00e4\u00e4nenvaimentaja<\/p>\n","protected":false},"excerpt":{"rendered":"<p>WALKER Taka\u00e4\u00e4nenvaimennin 23838 Takavaimennin,Takap\u00f6ntt\u00f6 FIAT,500 312,500 C 312<\/p>\n","protected":false},"featured_media":0,"template":"","meta":{"site-sidebar-layout":"default","site-content-layout":"default","ast-global-header-display":"","ast-main-header-display":"","ast-hfb-above-header-display":"","ast-hfb-below-header-display":"","ast-hfb-mobile-header-display":"","site-post-title":"","ast-breadcrumbs-content":"","ast-featured-img":"","footer-sml-layout":"","theme-transparent-header-meta":"","adv-header-id-meta":"","stick-header-meta":"","header-above-stick-meta":"","header-main-stick-meta":"","header-below-stick-meta":""},"pwb-brand":[554],"product_cat":[90],"product_tag":[],"class_list":{"0":"post-105790","1":"product","2":"type-product","3":"status-publish","5":"pwb-brand-walker","6":"product_cat-takaaanenvaimennin","7":"desktop-align-left","8":"tablet-align-left","9":"mobile-align-left","11":"first","12":"instock","13":"product-type-external"},"brands":[{"id":554,"name":"Walker","slug":"walker"}],"_links":{"self":[{"href":"https:\/\/www.autonvaraosahaku.fi\/index.php?rest_route=\/wp\/v2\/product\/105790","targetHints":{"allow":["GET"]}}],"collection":[{"href":"https:\/\/www.autonvaraosahaku.fi\/index.php?rest_route=\/wp\/v2\/product"}],"about":[{"href":"https:\/\/www.autonvaraosahaku.fi\/index.php?rest_route=\/wp\/v2\/types\/product"}],"wp:attachment":[{"href":"https:\/\/www.autonvaraosahaku.fi\/index.php?rest_route=%2Fwp%2Fv2%2Fmedia&parent=105790"}],"wp:term":[{"taxonomy":"pwb-brand","embeddable":true,"href":"https:\/\/www.autonvaraosahaku.fi\/index.php?rest_route=%2Fwp%2Fv2%2Fpwb-brand&post=105790"},{"taxonomy":"product_cat","embeddable":true,"href":"https:\/\/www.autonvaraosahaku.fi\/index.php?rest_route=%2Fwp%2Fv2%2Fproduct_cat&post=105790"},{"taxonomy":"product_tag","embeddable":true,"href":"https:\/\/www.autonvaraosahaku.fi\/index.php?rest_route=%2Fwp%2Fv2%2Fproduct_tag&post=105790"}],"curies":[{"name":"wp","href":"https:\/\/api.w.org\/{rel}","templated":true}]}}