{"id":105793,"date":"2021-02-21T23:09:57","date_gmt":"2021-02-21T23:09:57","guid":{"rendered":"https:\/\/www.autonvaraosahaku.fi\/?product=walker-06675-keskimmainen-aanenvaimennin"},"modified":"2021-02-21T23:09:58","modified_gmt":"2021-02-21T23:09:58","slug":"walker-06675-keskimmainen-aanenvaimennin","status":"publish","type":"product","link":"https:\/\/www.autonvaraosahaku.fi\/?product=walker-06675-keskimmainen-aanenvaimennin","title":{"rendered":"Walker 06675 Keskimm\u00e4inen \u00e4\u00e4nenvaimennin"},"content":{"rendered":"<p>Pituus (mm): 890; Paino [kg]: 1,195; Tunnuskirjain: 62; Korvaava tuote\/korvaava tiedote 2: Ilman asennusosia; Valmistusvuoteen: 07\/1980; VOLVO: 240 Kombi P245,240 P242, P244,260 P262, P264,260 Kombi P265; 1219271, 1219565, 1347982, 1357758, 31372178<\/p>\n","protected":false},"excerpt":{"rendered":"<p>WALKER Pakoputki 06675  VOLVO,240 Kombi P245,240 P242, P244,260 P262, P264,260 Kombi P265<\/p>\n","protected":false},"featured_media":0,"template":"","meta":{"site-sidebar-layout":"default","site-content-layout":"default","ast-global-header-display":"","ast-main-header-display":"","ast-hfb-above-header-display":"","ast-hfb-below-header-display":"","ast-hfb-mobile-header-display":"","site-post-title":"","ast-breadcrumbs-content":"","ast-featured-img":"","footer-sml-layout":"","theme-transparent-header-meta":"","adv-header-id-meta":"","stick-header-meta":"","header-above-stick-meta":"","header-main-stick-meta":"","header-below-stick-meta":""},"pwb-brand":[554],"product_cat":[212],"product_tag":[],"class_list":{"0":"post-105793","1":"product","2":"type-product","3":"status-publish","5":"pwb-brand-walker","6":"product_cat-keskimmainen-aanenvaimennin","7":"desktop-align-left","8":"tablet-align-left","9":"mobile-align-left","11":"first","12":"instock","13":"product-type-external"},"brands":[{"id":554,"name":"Walker","slug":"walker"}],"_links":{"self":[{"href":"https:\/\/www.autonvaraosahaku.fi\/index.php?rest_route=\/wp\/v2\/product\/105793","targetHints":{"allow":["GET"]}}],"collection":[{"href":"https:\/\/www.autonvaraosahaku.fi\/index.php?rest_route=\/wp\/v2\/product"}],"about":[{"href":"https:\/\/www.autonvaraosahaku.fi\/index.php?rest_route=\/wp\/v2\/types\/product"}],"wp:attachment":[{"href":"https:\/\/www.autonvaraosahaku.fi\/index.php?rest_route=%2Fwp%2Fv2%2Fmedia&parent=105793"}],"wp:term":[{"taxonomy":"pwb-brand","embeddable":true,"href":"https:\/\/www.autonvaraosahaku.fi\/index.php?rest_route=%2Fwp%2Fv2%2Fpwb-brand&post=105793"},{"taxonomy":"product_cat","embeddable":true,"href":"https:\/\/www.autonvaraosahaku.fi\/index.php?rest_route=%2Fwp%2Fv2%2Fproduct_cat&post=105793"},{"taxonomy":"product_tag","embeddable":true,"href":"https:\/\/www.autonvaraosahaku.fi\/index.php?rest_route=%2Fwp%2Fv2%2Fproduct_tag&post=105793"}],"curies":[{"name":"wp","href":"https:\/\/api.w.org\/{rel}","templated":true}]}}