{"id":10583,"date":"2021-02-21T14:09:14","date_gmt":"2021-02-21T14:09:14","guid":{"rendered":"https:\/\/www.autonvaraosahaku.fi\/?product=abakus-551-2006l-ue-sumuvalot"},"modified":"2021-02-21T14:09:15","modified_gmt":"2021-02-21T14:09:15","slug":"abakus-551-2006l-ue-sumuvalot","status":"publish","type":"product","link":"https:\/\/www.autonvaraosahaku.fi\/?product=abakus-551-2006l-ue-sumuvalot","title":{"rendered":"ABAKUS 551-2006L-UE Sumuvalot"},"content":{"rendered":"<p>Rekister\u00f6ity tyyppi: E-hyv\u00e4ksytty; Asennuspuoli: Vasen; Vuosimallista: 1998; Lamppumalli: H1; Lis\u00e4tarvike\/lis\u00e4tieto: Lampun kannalla; NISSAN: INTERSTAR Kasten X70,INTERSTAR Bus X70,INTERSTAR Pritsche\/Fahrgestell; OPEL: MOVANO Kasten F9,MOVANO Pritsche\/Fahrgestell U9, E9; RENAULT: CLIO II BB0\/1\/2_, CB0\/1\/2_,KANGOO KC0\/1_,MASTER II Kasten FD,KANGOO Express FC0\/1_,MASTER II Pritsche\/Fahrgestell ED\/HD\/UD,MEGANE I Coach DA0\/1_,MASTER II Bus JD; 2615500Q02; Sumuvalo<\/p>\n","protected":false},"excerpt":{"rendered":"<p>ABAKUS Sumuvalot 551-2006L-UE Sumuvalo NISSAN,OPEL,RENAULT,INTERSTAR Kasten X70,INTERSTAR Bus X70,INTERSTAR Pritsche\/Fahrgestell,MOVANO Kasten F9<\/p>\n","protected":false},"featured_media":0,"template":"","meta":{"site-sidebar-layout":"default","site-content-layout":"default","ast-global-header-display":"","ast-main-header-display":"","ast-hfb-above-header-display":"","ast-hfb-below-header-display":"","ast-hfb-mobile-header-display":"","site-post-title":"","ast-breadcrumbs-content":"","ast-featured-img":"","footer-sml-layout":"","theme-transparent-header-meta":"","adv-header-id-meta":"","stick-header-meta":"","header-above-stick-meta":"","header-main-stick-meta":"","header-below-stick-meta":""},"pwb-brand":[148],"product_cat":[119],"product_tag":[],"class_list":{"0":"post-10583","1":"product","2":"type-product","3":"status-publish","5":"pwb-brand-abakus","6":"product_cat-sumuvalot","7":"desktop-align-left","8":"tablet-align-left","9":"mobile-align-left","11":"first","12":"instock","13":"product-type-external"},"brands":[{"id":148,"name":"ABAKUS","slug":"abakus"}],"_links":{"self":[{"href":"https:\/\/www.autonvaraosahaku.fi\/index.php?rest_route=\/wp\/v2\/product\/10583","targetHints":{"allow":["GET"]}}],"collection":[{"href":"https:\/\/www.autonvaraosahaku.fi\/index.php?rest_route=\/wp\/v2\/product"}],"about":[{"href":"https:\/\/www.autonvaraosahaku.fi\/index.php?rest_route=\/wp\/v2\/types\/product"}],"wp:attachment":[{"href":"https:\/\/www.autonvaraosahaku.fi\/index.php?rest_route=%2Fwp%2Fv2%2Fmedia&parent=10583"}],"wp:term":[{"taxonomy":"pwb-brand","embeddable":true,"href":"https:\/\/www.autonvaraosahaku.fi\/index.php?rest_route=%2Fwp%2Fv2%2Fpwb-brand&post=10583"},{"taxonomy":"product_cat","embeddable":true,"href":"https:\/\/www.autonvaraosahaku.fi\/index.php?rest_route=%2Fwp%2Fv2%2Fproduct_cat&post=10583"},{"taxonomy":"product_tag","embeddable":true,"href":"https:\/\/www.autonvaraosahaku.fi\/index.php?rest_route=%2Fwp%2Fv2%2Fproduct_tag&post=10583"}],"curies":[{"name":"wp","href":"https:\/\/api.w.org\/{rel}","templated":true}]}}