{"id":105852,"date":"2021-02-21T23:10:16","date_gmt":"2021-02-21T23:10:16","guid":{"rendered":"https:\/\/www.autonvaraosahaku.fi\/?product=liqui-moly-25016-moottorioljy"},"modified":"2021-02-21T23:10:17","modified_gmt":"2021-02-21T23:10:17","slug":"liqui-moly-25016-moottorioljy","status":"publish","type":"product","link":"https:\/\/www.autonvaraosahaku.fi\/?product=liqui-moly-25016-moottorioljy","title":{"rendered":"Liqui Moly 25016 Moottori\u00f6ljy"},"content":{"rendered":"<p>Pakkaustyyppi: Kanisteri; Tilavuus (litra): 5; Viskositeettiluokka SAE: 15W-40; Erittely: ACEA A3, ACEA B4, ACEA E7, API CI-4, API SL; Valmistajan hyv\u00e4ksym\u00e4: MAN M 3275-1, MTU-2, Volvo VDS-3, CATERPILLAR ECF-1-a, CATERPILLAR ECF-2, CUMMINS CES 20076, CUMMINS CES 20077, CUMMINS CES 20078, DQC III-10; Tuotelinja: Marine; Versio: 4T; API-m\u00e4\u00e4rittely: CI-4, SL; ACEA-m\u00e4\u00e4rittely: Aktivointi katkaisijasta, E7; MAZDA: 6 Station Wagon GY,CX-5 KE, GH,6 Hatchback GG,6 GG,3 BM,3 Stufenheck BM,CX-9 TB,2 DL, DJ; CHEVROLET: CAPTIVA C100, C140,MATIZ M200, M250,NUBIRA Kombi,AVEO Schr\u00e4gheck T250, T255,EPICA KL1_,LACETTI J200,AVEO Stufenheck T250, T255,REZZO,EVANDA,NUBIRA Stufenheck,SPARK M200 M250; JEEP: GRAND CHEROKEE III WH, WK,GRAND CHEROKEE II WJ, WG,COMPASS MK49,COMMANDER XK,PATRIOT MK74; DAEWOO: MATIZ KLYA,REZZO KLAU,EVANDA KLAL,NUBIRA Stufenheck KLAN; NISSAN: QASHQAI \/ QASHQAI +2 J10, JJ10,MICRA III K12,X-TRAIL T30,NOTE E11,ALMERA II Hatchback N16,JUKE F15,PATHFINDER R51,X-TRAIL T31,MICRA IV K13,PRIMERA Kombi WP12,PIXO UA0,PRIMERA P12,NV200 EVALIA,350 Z Z33,PRIMERA Hatchback P12,TIIDA Schr\u00e4gheck,NV200 Kasten,MURANO Z51,ALMERA Mk II N16,PRIMASTAR Bus X83,350 Z Roadster Z33,PRIMASTAR Kasten X83,INTERSTAR Kasten X70,TIIDA Stufenheck SC11X,KUBISTAR X76,QASHQAI J11, J11_,NV400 Kasten,KUBISTAR Kasten X80,INTERSTAR Bus X70,X-TRAIL T32,PULSAR Schr\u00e4gheck C13,NV400 Bus,INTERSTAR Pritsche\/Fahrgestell,NV400 Pritsche\/Fahrgestell; KIA: SORENTO I JC,PICANTO BA,SPORTAGE SL,CEE&#8217;D SW ED,CEE&#8217;D Schr\u00e4gheck ED,SPORTAGE JE_, KM_,VENGA YN,SORENTO II XM,CARENS II FJ,RIO III UB,RIO II JB,CEE&#8217;D JD,CARENS III UN,CARNIVAL \/ GRAND CARNIVAL III VQ,CEE`D Sportswagon JD,PRO CEE&#8217;D ED,CARENS IV,SOUL AM,CERATO LD,MAGENTIS MG,PRO CEE\u00b4D JD,CERATO Stufenheck LD,RIO II Stufenheck JB,OPTIMA,SPORTAGE QL,CERATO II Stufenheck TD,SORENTO III,SOUL II PS; LEXUS: IS II GSE2_, ALE2_, USE2_,RX MHU3_, GSU3_, MCU3_,IS I JCE1_, GXE1_,GS GRS19_, UZS19_, GWS19_,RX GYL1_, GGL15, AGL10,CT ZWA1_,IS SportCross,IS III GSE3_, AVE3_,LS UVF4_, USF4_,GS GRL1_, GWL1_,SC UZZ40_,IS C GSE2_,NX ZGZ1_, AGZ1_, AYZ1_,RX _L2_,RC GSC1_, USC1_; HONDA: CR-V II RD_,ACCORD VII CL,FR-V BE,ACCORD VII Tourer CM,CIVIC VI Fastback MA, MB,CIVIC VII Stufenheck ES; LAND ROVER: DISCOVERY I LJ, LG; HYUNDAI: ix35 LM, EL, ELH,i30 FD,i10 PA,i20 PB, PBT,TUCSON JM,i30 CW FD,i40 CW VF,SANTA F\u00c9 I SM,SANTA F\u00c9 II CM,i30 GD,ix20 JC,MATRIX FC,i30 CW GD,COUPE GK,H-1 Travel TQ,SONATA V NF,ix55,SANTA F\u00c9 III DM,i30 Coupe,SONATA IV EF,GENESIS Coupe,i40 VF,H-1 Kasten,H-1 Cargo TQ,ACCENT III MC,H-1 \/ STAREX,ACCENT III Stufenheck MC,GRANDEUR TG,GRAND SANTA F\u00c9,TUCSON,i20 GB,i20 ACTIVE GB,i20 Coupe<\/p>\n","protected":false},"excerpt":{"rendered":"<p>LIQUI MOLY Moottori\u00f6ljy 25016<\/p>\n","protected":false},"featured_media":0,"template":"","meta":{"site-sidebar-layout":"default","site-content-layout":"default","ast-global-header-display":"","ast-main-header-display":"","ast-hfb-above-header-display":"","ast-hfb-below-header-display":"","ast-hfb-mobile-header-display":"","site-post-title":"","ast-breadcrumbs-content":"","ast-featured-img":"","footer-sml-layout":"","theme-transparent-header-meta":"","adv-header-id-meta":"","stick-header-meta":"","header-above-stick-meta":"","header-main-stick-meta":"","header-below-stick-meta":""},"pwb-brand":[561],"product_cat":[129],"product_tag":[],"class_list":{"0":"post-105852","1":"product","2":"type-product","3":"status-publish","5":"pwb-brand-liqui-moly","6":"product_cat-moottorioljy","7":"desktop-align-left","8":"tablet-align-left","9":"mobile-align-left","11":"first","12":"instock","13":"product-type-external"},"brands":[{"id":561,"name":"Liqui Moly","slug":"liqui-moly"}],"_links":{"self":[{"href":"https:\/\/www.autonvaraosahaku.fi\/index.php?rest_route=\/wp\/v2\/product\/105852","targetHints":{"allow":["GET"]}}],"collection":[{"href":"https:\/\/www.autonvaraosahaku.fi\/index.php?rest_route=\/wp\/v2\/product"}],"about":[{"href":"https:\/\/www.autonvaraosahaku.fi\/index.php?rest_route=\/wp\/v2\/types\/product"}],"wp:attachment":[{"href":"https:\/\/www.autonvaraosahaku.fi\/index.php?rest_route=%2Fwp%2Fv2%2Fmedia&parent=105852"}],"wp:term":[{"taxonomy":"pwb-brand","embeddable":true,"href":"https:\/\/www.autonvaraosahaku.fi\/index.php?rest_route=%2Fwp%2Fv2%2Fpwb-brand&post=105852"},{"taxonomy":"product_cat","embeddable":true,"href":"https:\/\/www.autonvaraosahaku.fi\/index.php?rest_route=%2Fwp%2Fv2%2Fproduct_cat&post=105852"},{"taxonomy":"product_tag","embeddable":true,"href":"https:\/\/www.autonvaraosahaku.fi\/index.php?rest_route=%2Fwp%2Fv2%2Fproduct_tag&post=105852"}],"curies":[{"name":"wp","href":"https:\/\/api.w.org\/{rel}","templated":true}]}}