{"id":105881,"date":"2021-02-21T23:10:23","date_gmt":"2021-02-21T23:10:23","guid":{"rendered":"https:\/\/www.autonvaraosahaku.fi\/?product=liqui-moly-1410-vaihteistooljy"},"modified":"2021-02-21T23:10:26","modified_gmt":"2021-02-21T23:10:26","slug":"liqui-moly-1410-vaihteistooljy","status":"publish","type":"product","link":"https:\/\/www.autonvaraosahaku.fi\/?product=liqui-moly-1410-vaihteistooljy","title":{"rendered":"Liqui Moly 1410 Vaihteisto\u00f6ljy"},"content":{"rendered":"<p>Pakkaustyyppi: Rasia; Tilavuus (litra): 1; Korvaava tuote\/korvaava tiedote 2: Hypoidihammastetulle vaihteistolle; \u00d6ljy: Mineraali\u00f6ljy; Valmistajan hyv\u00e4ksym\u00e4: MIL-L 2105 D; \u00f6ljynvalmistajan suositus: DAF, GM B 40 1010, Volvo axle\/ltd slip, Volvo 97311, ZF TE-ML 05C, ZF TE-ML 21C; Viskositeettiluokka SAE: 85W-90; Erittely: API GL-5; Tuotelinja: Hypoid GL5; Versio: LS; VW: TARO; MAZDA: 6 GG,RX 7 II FC,B-SERIE UF,B-SERIE UD; BMW: 6 E24,3 E21,5 E12; CHEVROLET: TRAX,BLAZER S10,CORVETTE C4,CORVETTE Convertible 1YY,TAHOE B2W,S10 Pick-up,AVALANCHE,SILVERADO 1500,SILVERADO 1500 Extended Cab Pickup; DAEWOO: MUSSO FJ,KORANDO KJ,KORANDO Cabrio KJ; NISSAN: NAVARA D40,TERRANO II R20,350 Z Z33,NAVARA Pritsche\/Fahrgestell D40,PICK UP D22,PATHFINDER R50,PICK UP D21,SERENA C23M,200 SX S14,PATROL GR I Y60, GR,350 Z Roadster Z33,TERRANO I WD21,PATROL Hardtop K160,PATROL Station Wagon W260,PATROL Hardtop K260,SKYLINE Coupe R33,NP300,PATROL Station Wagon W160,VANETTE CARGO Kasten HC 23,TERRANO Van R20,VANETTE CARGO Bus HC 23,URVAN Bus E24,URVAN Kasten E24,PATHFINDER,CABSTAR Pritsche\/Fahrgestell F22, H40; KIA: SORENTO I JC,PREGIO Kasten TB,BONGO Pritsche\/Fahrgestell; LEXUS: IS I JCE1_, GXE1_,IS SportCross; FORD USA: F-150,CROWN VICTORIA,EXPLORER,MUSTANG Coupe C,EXPEDITION,MUSTANG Convertible C,EXPLORER U251,EXCURSION,ESCAPE; SSANGYONG: MUSSO FJ,RODIUS,KORANDO KJ,RODIUS II,MUSSO SPORTS,STAVIC,KORANDO K4,KORANDO Cabrio KJ,CHAIRMAN HT_<\/p>\n","protected":false},"excerpt":{"rendered":"<p>LIQUI MOLY Voimansiirto\u00f6ljy 1410  VW,MAZDA,BMW,TARO,6 GG,RX 7 II FC,B-SERIE UF,B-SERIE UD,6 E24,3 E21,5 E12,TRAX,BLAZER S10,CORVETTE C4<\/p>\n","protected":false},"featured_media":0,"template":"","meta":{"site-sidebar-layout":"default","site-content-layout":"default","ast-global-header-display":"","ast-main-header-display":"","ast-hfb-above-header-display":"","ast-hfb-below-header-display":"","ast-hfb-mobile-header-display":"","site-post-title":"","ast-breadcrumbs-content":"","ast-featured-img":"","footer-sml-layout":"","theme-transparent-header-meta":"","adv-header-id-meta":"","stick-header-meta":"","header-above-stick-meta":"","header-main-stick-meta":"","header-below-stick-meta":""},"pwb-brand":[561],"product_cat":[58],"product_tag":[],"class_list":{"0":"post-105881","1":"product","2":"type-product","3":"status-publish","5":"pwb-brand-liqui-moly","6":"product_cat-vaihteistooljy","7":"desktop-align-left","8":"tablet-align-left","9":"mobile-align-left","11":"first","12":"instock","13":"product-type-external"},"brands":[{"id":561,"name":"Liqui Moly","slug":"liqui-moly"}],"_links":{"self":[{"href":"https:\/\/www.autonvaraosahaku.fi\/index.php?rest_route=\/wp\/v2\/product\/105881","targetHints":{"allow":["GET"]}}],"collection":[{"href":"https:\/\/www.autonvaraosahaku.fi\/index.php?rest_route=\/wp\/v2\/product"}],"about":[{"href":"https:\/\/www.autonvaraosahaku.fi\/index.php?rest_route=\/wp\/v2\/types\/product"}],"wp:attachment":[{"href":"https:\/\/www.autonvaraosahaku.fi\/index.php?rest_route=%2Fwp%2Fv2%2Fmedia&parent=105881"}],"wp:term":[{"taxonomy":"pwb-brand","embeddable":true,"href":"https:\/\/www.autonvaraosahaku.fi\/index.php?rest_route=%2Fwp%2Fv2%2Fpwb-brand&post=105881"},{"taxonomy":"product_cat","embeddable":true,"href":"https:\/\/www.autonvaraosahaku.fi\/index.php?rest_route=%2Fwp%2Fv2%2Fproduct_cat&post=105881"},{"taxonomy":"product_tag","embeddable":true,"href":"https:\/\/www.autonvaraosahaku.fi\/index.php?rest_route=%2Fwp%2Fv2%2Fproduct_tag&post=105881"}],"curies":[{"name":"wp","href":"https:\/\/api.w.org\/{rel}","templated":true}]}}