{"id":105896,"date":"2021-02-21T23:10:29","date_gmt":"2021-02-21T23:10:29","guid":{"rendered":"https:\/\/www.autonvaraosahaku.fi\/?product=liqui-moly-2324-moottorioljy"},"modified":"2021-02-21T23:10:31","modified_gmt":"2021-02-21T23:10:31","slug":"liqui-moly-2324-moottorioljy","status":"publish","type":"product","link":"https:\/\/www.autonvaraosahaku.fi\/?product=liqui-moly-2324-moottorioljy","title":{"rendered":"Liqui Moly 2324 Moottori\u00f6ljy"},"content":{"rendered":"<p>Pakkaustyyppi: Kanisteri; Tilavuus (litra): 5; \u00f6ljynvalmistajan suositus: Honda, Mazda, Toyota; Erittely: ILSAC GF-3, ACEA C2, API SN, ACEA A1, API CF, ACEA B1, ACEA A5, ACEA B5; Viskositeettiluokka SAE: 5W-30; Valmistajan hyv\u00e4ksym\u00e4: Fiat 9.55535-S1, PSA B71 2290, Renault RN0700; \u00d6ljy: Synteettinen \u00f6ljy; Tuotelinja: Top Tec; Versio: 4300; API-m\u00e4\u00e4rittely: ilman sis\u00e4\u00e4nrakennettua \u00f6ljyl\u00e4mp\u00f6tilan sensoria; ACEA-m\u00e4\u00e4rittely: C2; OPEL: CORSA B 73_, 78_, 79_; FORD: MONDEO III Kombi BWY,GALAXY WGR,MONDEO III B5Y,MONDEO III Stufenheck B4Y,FIESTA III GFJ,RANGER ER, EQ,PUMA EC_,ESCORT VII GAL, AAL, ABL,ESCORT VII Kombi GAL, ANL,TRANSIT  MK-5 Bus E_ _,ESCORT VII Cabriolet ALL,ESCORT VI Cabriolet ALL,ESCORT VI GAL,SCORPIO II GFR, GGR,TRANSIT MK-5 Pritsche\/Fahrgestell E_ _,MAVERICK UDS, UNS,TRANSIT MK-5 Kasten E_ _,SCORPIO II Kombi GNR, GGR,ESCORT V GAL,ESCORT VII Stufenheck GAL, AFL,ESCORT VI Kombi GAL,ESCORT VI Stufenheck GAL; RENAULT: TWINGO I C06_,CLIO II BB0\/1\/2_, CB0\/1\/2_,CLIO III BR0\/1, CR0\/1,SC\u00c9NIC II JM0\/1_,KANGOO KC0\/1_,TWINGO II CN0_,MEGANE III Grandtour KZ0\/1,ESPACE IV JK0\/1_,MODUS \/ GRAND MODUS F\/JP0_,LAGUNA II Grandtour KG0\/1_,MEGANE II Kombi KM0\/1_,SC\u00c9NIC I JA0\/1_,MEGANE II Coup\u00e9-Cabriolet EM0\/1_,SC\u00c9NIC III JZ0\/1_,ESPACE III JE0_,LAGUNA III Grandtour KT0\/1,MEGANE Scenic JA0\/1_,CLIO IV,MEGANE III Schr\u00e4gheck BZ0_,LAGUNA II BG0\/1_,MEGANE II BM0\/1_, CM0\/1_,TRAFIC II Bus JL,GRAND SC\u00c9NIC III JZ0\/1_,MEGANE I BA0\/1_,TRAFIC II Kasten FL,MEGANE III Coupe DZ0\/1_,KANGOO \/ GRAND KANGOO KW0\/1_,KOLEOS HY_,KANGOO Express FC0\/1_,CLIO Grandtour KR0\/1_,GRAND SC\u00c9NIC II JM0\/1_,MEGANE I Grandtour KA0\/1_,MEGANE I Cabriolet EA0\/1_,LAGUNA I B56_, 556_,CLIO I B\/C57_, 5\/357_,LAGUNA I Grandtour K56_,LAGUNA III BT0\/1,KANGOO Express FW0\/1_,MEGANE II Stufenheck LM0\/1_,TWINGO I Kasten S06_,CLIO Grandtour IV,MEGANE I Classic LA0\/1_,MEGANE I Coach DA0\/1_,KANGOO BE BOP KW0\/1_,MEGANE CC EZ0\/1_,VEL SATIS BJ0_,CL; FIAT: GRANDE PUNTO 199,PUNTO 188,PANDA 169,DUCATO Kasten 250,500 312,STILO 192,BRAVO II 198,SEICENTO 187,DUCATO Pritsche\/Fahrgestell 250,FREEMONT JF_,PUNTO EVO 199,DUCATO Bus 250,DUCATO Kasten 244,BARCHETTA 183,DOBLO Cargo 223,500 C 312,PUNTO 176,STILO Multi Wagon 192,DOBLO 119,CROMA 194,DOBLO Kasten\/Kombi 263,PANDA Van 169,PUNTO 199,ULYSSE 179AX,DUCATO Bus 244, Z_,IDEA,PANDA 312,COUPE FA\/175,SEDICI,STRADA Pick-up 178E,MULTIPLA 186,QUBO 225,500L,DOBLO Gro\u00dfraumlimousine 152, 263,PUNTO Van 188AX,BRAVO I 182,ULYSSE 220,BRAVA 182,PUNTO Cabriolet 176C,SCUDO Kasten 220L,MAREA Weekend 185,FIORINO Kasten\/Kombi 225,SCUDO Combinato 220P,PALIO Weekend 178DX,LINEA 323,PUNTO Van 199,SEICENTO Van 187,DOBLO Pritsche\/Fahrgestell 263,STRADA Pick-up 578_,MAREA 185,PUNTO Van 176L,PALIO 178BX,SIENA 178_,TIPO Schr\u00e4gheck 356_,PANDA VAN 312,TIPO Kombi 356_,TIPO Stufenheck 356_; PEUGEOT: 206 Schr\u00e4gheck 2A\/C,206 CC 2D,207 WA_, WC_,307 SW 3H,207 CC WD_,307 CC 3B,407 SW 6E_,307 3A\/C,207 SW WK_,107,308 SW,206 SW 2E\/K,208,807 E,106 II 1,206+ T3E,308 4A_, 4C_,BOXER Kasten,5008,307 Break 3E,508 SW,306 Schr\u00e4gheck 7A, 7C, N3, N5,607 9D, 9U,306 Cabriolet 7D, N3, N5,407 6D_,3008,406 Break 8E\/F,PARTNER Tepee,RCZ,308 CC,1007 KM_,PARTNER Combispace 5F,4007 GP_,2008,PARTNER Kasten 5,406 Coupe 8C,306 Break 7E, N3, N5,406 8B,806 221,508,407 Coupe 6C_,EXPERT Tepee VF3V_,BOXER Kasten 230L,EXPERT Kasten VF3A_, VF3U_, VF3X_,BOXER Kasten 244,306 7B, N3, N5,PARTNER Kasten,BOXER Bus,207 Stufenheck,EXPERT Kasten 222,206 Stufenheck,BOXER Pritsche\/Fahrgestell,BIPPER AA_,308 II,BIPPER Tepee,BOXER Bus 230P,BOXER Bus 244, Z_,BOXER Pritsche\/Fahrgestell ZCT_,605 6B,EXPERT 224,4008,306 Van N_, 7_,BOXER Pritsche\/Fahrgestell 244,301,EXPERT Pritsche\/Fahrgestell 223,308 SW II,207 Van,EXPERT Pritsche\/Fahrgestell,PARTNER Pritsche\/Fahrgestell,108,208 Kasten; TOYOTA: YARIS SCP9_, NSP9_, KSP9_, NCP9_, ZSP9_,YARIS SCP1_, NLP1_, NCP1_,AVENSIS Kombi T25,COROLLA Verso ZER_, ZZE12_, R1_,AYGO WNB1_, KGB1_,AURIS NRE15_, ZZE15_, ADE15_, ZRE15_, NDE15_,RAV 4 III ACA3_, ACE_, ALA3_, GSA3_, ZSA3_,RAV 4 II CLA2_, XA2_, ZCA2_, ACA2_,COROLLA ZZE12_, NDE12_, ZDE12_,AVENSIS Station Wagon ZRT27, ADT27,VERSO _AUR2_, _ZGR2_,AVENSIS T25_,YARIS VERSO _NLP2_, _NCP2_,YARIS NHP13_, NSP13_, NCP13_, KSP13_, NLP13_,AURIS NZE18_, ZRE18_,COROLLA Kombi _E12J_, _E12T_,PRIUS Liftback NHW20_,AVENSIS Stufenheck T25,AVENSIS _T22_,COROLLA Liftback _E11_,AURIS TOURING SPORTS ADE18_, ZWE18_, ZRE18_,IQ KPJ1_, NGJ1_, KGJ1_, NUJ1_,COROLLA Compact _E11_,AVENSIS Station Wagon _T22_,COROLLA Verso ZDE12_, CDE12_,CELICA ZZT23_,PRIUS ZVW3_,AVENSIS Stufenheck ZRT27, ADT27,RAV 4 IV ZSA4_, ALA4_,PREVIA MCR3_, ACR3_, CLR3_,LAND CRUISER KDJ12_, GRJ12_,HILUX III Pick-up TGN1_, GGN2_, GGN1_, KUN2_, KUN1_,VERSO S NLP12_, NCP12_, NSP12_,COROLLA Stufenheck _E12J_, _E12T_,AVENSIS Liftback _T22_,; HYUNDAI: ix35 LM, EL, ELH,i20 PB, PBT,i40 CW VF,i30 GD,ix20 JC,i30 CW GD,H-1 Travel TQ,SANTA F\u00c9 III DM,i30 Coupe,GENESIS Coupe,VELOSTER FS,i40 VF,H-1 Cargo TQ,GRAND SANTA F\u00c9,TUCSON,ELANTRA Stufenheck MD, UD,i20 GB,SONATA VI YF,ACCENT IV Stufenheck RB,GRANDEUR HG,i20 ACTIVE GB,i20 Coupe,GENESIS DH,H350 Pritsche\/Fahrgestell; CITRO\u00cbN: C1 PM_, PN_,BERLINGO MF,XSARA PICASSO N68,C2 JM_,C3 I FC_,BERLINGO B9,C5 III Break TD_,C4 Picasso I UD_,C4 Grand Picasso I UA_,C8 EA_, EB_,C4 I LC_,JUMPER Kasten,SAXO S0, S1,DS3,BERLINGO Kasten M_,C5 II Break RE_,C3 Picasso,C5 I DC_,C5 I Break DE_,C5 III RD_,C3 II,XSARA N1,C4 Coupe LA_,C3 Pluriel HB_,C4 II B7,C5 II RC_,C-CROSSER EP_,XSARA Break N2,JUMPY,BERLINGO Kasten B9,JUMPER Kasten 244,C6 TD_,JUMPY Kasten,C4 Grand Picasso II,C4 Picasso II,XANTIA X2,DS4,XSARA Coupe N0,NEMO Kasten AA_,JUMPER Bus,DS5,EVASION 22, U6,C4 Stufenheck L,XANTIA Break X2,JUMPER Pritsche\/Fahrgestell,C4 AIRCROSS,NEMO Kombi,JUMPY U6U,JUMPY Kasten BS_, BT_, BY_, BZ_,JUMPER Kasten 230L,C-CROSSER ENTERPRISE,JUMPER Bus 244, Z_,DS3 Cabriolet,JUMPER Bus 230P,C2 ENTERPRISE,JUMPER Pritsche\/Fahrgestell 244,JUMPER Pritsche\/Fahrgestell 230,C15 VD-_,BERLINGO Pritsche\/Fahrgestell B9,JUMPY Pritsche\/Fahrgestell BU_, BV_, BW_, BX_,C-ELYSEE,C1 II,C4 CACTUS,C3 III SX,JUMPY Pritsche\/Fahrgest; NISSAN: QASHQAI \/ QASHQAI +2 J10, JJ10,MICRA III K12,X-TRAIL T30,ALMERA TINO V10,ALMERA II Hatchback N16,NAVARA D40,JUKE F15,PATHFINDER R51,PRIMERA P11,MICRA IV K13,PRIMERA Kombi WP12,PRIMERA P12,NV200 EVALIA,PRIMERA Traveller WP11,PRIMERA Hatchback P11,MICRA C+C K12,NAVARA Pritsche\/Fahrgestell D40,NOTE E12,PRIMERA Hatchback P12,NV200 Kasten,MURANO Z51,PICK UP D22,ALMERA Mk II N16,370 Z Z34,PRIMASTAR Bus X83,PRIMASTAR Kasten X83,CUBE Z12,370 Z Roadster Z34,KUBISTAR X76,NP300,QASHQAI J11, J11_,KUBISTAR Kasten X80,X-TRAIL T32,TEANA II J32,PATROL III Y62; MAZDA: 5 CR19,3 BK,6 Station Wagon GY,6 Kombi GH,2 DE,323 F VI BJ,PREMACY CP,CX-7 ER,6 Hatchback GG,6 GG,3 BL,TRIBUTE EP,5 CW,MX-5 III NC,DEMIO DW,6 Kombi GJ, GH,6 Schr\u00e4gheck GH,RX 8 SE17,3 Stufenheck BK,6 GH,MPV II LW,6 Stufenheck GJ, GH,3 Stufenheck BL,FAMILIA VI BJ,2 Stufenheck DE,BT-50 CD, UN,XEDOS 9 TA,CX-9 TB,FAMILIA V BG8,E-SERIE Kasten SR2,BT-50 Pritsche\/Fahrgestell CD, UN,2 DL, DJ,BT-50 Pick-up B22, B32, UP,CX-3 DK,MX-5 IV ND,2 Stufenheck DL, DJ<\/p>\n","protected":false},"excerpt":{"rendered":"<p>LIQUI MOLY Moottori\u00f6ljy 2324<\/p>\n","protected":false},"featured_media":0,"template":"","meta":{"site-sidebar-layout":"default","site-content-layout":"default","ast-global-header-display":"","ast-main-header-display":"","ast-hfb-above-header-display":"","ast-hfb-below-header-display":"","ast-hfb-mobile-header-display":"","site-post-title":"","ast-breadcrumbs-content":"","ast-featured-img":"","footer-sml-layout":"","theme-transparent-header-meta":"","adv-header-id-meta":"","stick-header-meta":"","header-above-stick-meta":"","header-main-stick-meta":"","header-below-stick-meta":""},"pwb-brand":[561],"product_cat":[129],"product_tag":[],"class_list":{"0":"post-105896","1":"product","2":"type-product","3":"status-publish","5":"pwb-brand-liqui-moly","6":"product_cat-moottorioljy","7":"desktop-align-left","8":"tablet-align-left","9":"mobile-align-left","11":"first","12":"instock","13":"product-type-external"},"brands":[{"id":561,"name":"Liqui Moly","slug":"liqui-moly"}],"_links":{"self":[{"href":"https:\/\/www.autonvaraosahaku.fi\/index.php?rest_route=\/wp\/v2\/product\/105896","targetHints":{"allow":["GET"]}}],"collection":[{"href":"https:\/\/www.autonvaraosahaku.fi\/index.php?rest_route=\/wp\/v2\/product"}],"about":[{"href":"https:\/\/www.autonvaraosahaku.fi\/index.php?rest_route=\/wp\/v2\/types\/product"}],"wp:attachment":[{"href":"https:\/\/www.autonvaraosahaku.fi\/index.php?rest_route=%2Fwp%2Fv2%2Fmedia&parent=105896"}],"wp:term":[{"taxonomy":"pwb-brand","embeddable":true,"href":"https:\/\/www.autonvaraosahaku.fi\/index.php?rest_route=%2Fwp%2Fv2%2Fpwb-brand&post=105896"},{"taxonomy":"product_cat","embeddable":true,"href":"https:\/\/www.autonvaraosahaku.fi\/index.php?rest_route=%2Fwp%2Fv2%2Fproduct_cat&post=105896"},{"taxonomy":"product_tag","embeddable":true,"href":"https:\/\/www.autonvaraosahaku.fi\/index.php?rest_route=%2Fwp%2Fv2%2Fproduct_tag&post=105896"}],"curies":[{"name":"wp","href":"https:\/\/api.w.org\/{rel}","templated":true}]}}