{"id":105901,"date":"2021-02-21T23:10:29","date_gmt":"2021-02-21T23:10:29","guid":{"rendered":"https:\/\/www.autonvaraosahaku.fi\/?product=liqui-moly-3741-moottorioljy"},"modified":"2021-02-21T23:10:32","modified_gmt":"2021-02-21T23:10:32","slug":"liqui-moly-3741-moottorioljy","status":"publish","type":"product","link":"https:\/\/www.autonvaraosahaku.fi\/?product=liqui-moly-3741-moottorioljy","title":{"rendered":"Liqui Moly 3741 Moottori\u00f6ljy"},"content":{"rendered":"<p>Pakkaustyyppi: Kanisteri; Tilavuus (litra): 5; Viskositeettiluokka SAE: 5W-30; Erittely: ACEA C2, API SN; \u00f6ljynvalmistajan suositus: Fiat 9.55535-S1; Valmistajan hyv\u00e4ksym\u00e4: PSA B71 2290; \u00d6ljy: Synteettinen \u00f6ljy; Tuotelinja: Top Tec; Versio: 4300; API-m\u00e4\u00e4rittely: ilman sis\u00e4\u00e4nrakennettua \u00f6ljyl\u00e4mp\u00f6tilan sensoria; ACEA-m\u00e4\u00e4rittely: A5\/B5, C2; MAZDA: 5 CR19,3 BK,6 Station Wagon GY,6 Kombi GH,2 DE,323 F VI BJ,PREMACY CP,CX-7 ER,6 Hatchback GG,6 GG,3 BL,TRIBUTE EP,5 CW,MX-5 III NC,DEMIO DW,6 Kombi GJ, GH,6 Schr\u00e4gheck GH,RX 8 SE17,3 Stufenheck BK,6 GH,MPV II LW,6 Stufenheck GJ, GH,3 Stufenheck BL,FAMILIA VI BJ,2 Stufenheck DE,BT-50 CD, UN,XEDOS 9 TA,CX-9 TB,FAMILIA V BG8,E-SERIE Kasten SR2,BT-50 Pritsche\/Fahrgestell CD, UN,2 DL, DJ,BT-50 Pick-up B22, B32, UP,CX-3 DK,MX-5 IV ND,2 Stufenheck DL, DJ; JEEP: WRANGLER III JK,CHEROKEE KL; LADA: NIVA 2121; IVECO: DAILY IV Kasten\/Kombi,DAILY III Pritsche\/Fahrgestell,DAILY III Kasten\/Kombi,DAILY IV Pritsche\/Fahrgestell,DAILY V Pritsche\/Fahrgestell,MASSIF Station Wagon,DAILY IV Bus,DAILY IV Kipper,MASSIF Single Cab,MASSIF Pick-up,DAILY VI Kasten\/Kombi,DAILY VI Pritsche\/Fahrgestell,DAILY VI Bus,DAILY TOURYS Bus,DAILY CITYS; NISSAN: QASHQAI \/ QASHQAI +2 J10, JJ10,MICRA III K12,X-TRAIL T30,ALMERA TINO V10,ALMERA II Hatchback N16,NAVARA D40,JUKE F15,PATHFINDER R51,PRIMERA P11,MICRA IV K13,PRIMERA Kombi WP12,PRIMERA P12,NV200 EVALIA,PRIMERA Traveller WP11,PRIMERA Hatchback P11,MICRA C+C K12,NAVARA Pritsche\/Fahrgestell D40,NOTE E12,PRIMERA Hatchback P12,NV200 Kasten,MURANO Z51,PICK UP D22,ALMERA Mk II N16,370 Z Z34,PRIMASTAR Bus X83,PRIMASTAR Kasten X83,CUBE Z12,370 Z Roadster Z34,KUBISTAR X76,NP300,QASHQAI J11, J11_,KUBISTAR Kasten X80,X-TRAIL T32,TEANA II J32,PATROL III Y62; KIA: SPORTAGE SL,VENGA YN,SORENTO II XM,RIO III UB,CEE&#8217;D JD,CEE`D Sportswagon JD,PRO CEE&#8217;D ED,CARENS IV,PRO CEE\u00b4D JD,OPTIMA,RIO III Stufenheck UB,SPORTAGE QL,SORENTO III,SOUL II PS,OPTIMA Sportswagon,CERATO YD Stufenheck,STINGER CK,CADENZA,RIO IV YB,PICANTO JA,STONIC YB; LEXUS: IS II GSE2_, ALE2_, USE2_,RX GYL1_, GGL15, AGL10,CT ZWA1_,IS III GSE3_, AVE3_,LS UVF4_, USF4_,GS GRL1_, GWL1_,IS C GSE2_,NX ZGZ1_, AGZ1_, AYZ1_,RC GSC1_, USC1_; HONDA: CIVIC VIII Hatchback FN, FK,JAZZ II GD,CR-V III RE,CIVIC VII Hatchback EU, EP, EV,JAZZ III GE,CR-V II RD_,ACCORD VII CL,CIVIC VI Hatchback EJ, EK,FR-V BE,CR-V IV RE,ACCORD VIII CU,ACCORD VII Tourer CM,ACCORD VI CG, CK,CIVIC IX FK,ACCORD VIII Kombi,CIVIC VI Fastback MA, MB,LOGO GA3,CIVIC VI Aerodeck MB, MC,STREAM RN,HR-V GH,CIVIC VII Coupe EM2,ACCORD VI Hatchback CH,CIVIC VIII Stufenheck FD, FA,ACCORD VI Coupe CG,JAZZ Stufenheck,INSIGHT ZE_,S2000 AP,ACCORD V CE, CF,CIVIC VI Stufenheck EJ, EK,CR-Z ZF1,CIVIC VI Coupe EJ, EM1,SHUTTLE RA,CIVIC VII Stufenheck ES,ACCORD V CC, CD,LEGEND III KA9,ACCORD V Coupe CD,CIVIC IX Stufenheck FB, FG,LEGEND IV KB_,ACCORD VII CM,CIVIC IX Tourer FK,ODYSSEY RA_,PILOT YF3 YF4,HR-V RU,JAZZ IV GK; LAND ROVER: DEFENDER Station Wagon LD,DISCOVERY IV LA,DISCOVERY II LJ, LT,DEFENDER Pick-up LD_,DEFENDER Cabrio LD,RANGE ROVER SPORT LW,RANGE ROVER IV LG; HYUNDAI: ix35 LM, EL, ELH,i20 PB, PBT,i40 CW VF,i30 GD,ix20 JC,i30 CW GD,H-1 Travel TQ,SANTA F\u00c9 III DM,i30 Coupe,GENESIS Coupe,VELOSTER FS,i40 VF,H-1 Cargo TQ,GRAND SANTA F\u00c9,TUCSON,ELANTRA Stufenheck MD, UD,i20 GB,SONATA VI YF,ACCENT IV Stufenheck RB,GRANDEUR HG,i20 ACTIVE GB,i20 Coupe,GENESIS DH,H350 Pritsche\/Fahrgestell<\/p>\n","protected":false},"excerpt":{"rendered":"<p>LIQUI MOLY Moottori\u00f6ljy 3741<\/p>\n","protected":false},"featured_media":0,"template":"","meta":{"site-sidebar-layout":"default","site-content-layout":"default","ast-global-header-display":"","ast-main-header-display":"","ast-hfb-above-header-display":"","ast-hfb-below-header-display":"","ast-hfb-mobile-header-display":"","site-post-title":"","ast-breadcrumbs-content":"","ast-featured-img":"","footer-sml-layout":"","theme-transparent-header-meta":"","adv-header-id-meta":"","stick-header-meta":"","header-above-stick-meta":"","header-main-stick-meta":"","header-below-stick-meta":""},"pwb-brand":[561],"product_cat":[129],"product_tag":[],"class_list":{"0":"post-105901","1":"product","2":"type-product","3":"status-publish","5":"pwb-brand-liqui-moly","6":"product_cat-moottorioljy","7":"desktop-align-left","8":"tablet-align-left","9":"mobile-align-left","11":"first","12":"instock","13":"product-type-external"},"brands":[{"id":561,"name":"Liqui Moly","slug":"liqui-moly"}],"_links":{"self":[{"href":"https:\/\/www.autonvaraosahaku.fi\/index.php?rest_route=\/wp\/v2\/product\/105901","targetHints":{"allow":["GET"]}}],"collection":[{"href":"https:\/\/www.autonvaraosahaku.fi\/index.php?rest_route=\/wp\/v2\/product"}],"about":[{"href":"https:\/\/www.autonvaraosahaku.fi\/index.php?rest_route=\/wp\/v2\/types\/product"}],"wp:attachment":[{"href":"https:\/\/www.autonvaraosahaku.fi\/index.php?rest_route=%2Fwp%2Fv2%2Fmedia&parent=105901"}],"wp:term":[{"taxonomy":"pwb-brand","embeddable":true,"href":"https:\/\/www.autonvaraosahaku.fi\/index.php?rest_route=%2Fwp%2Fv2%2Fpwb-brand&post=105901"},{"taxonomy":"product_cat","embeddable":true,"href":"https:\/\/www.autonvaraosahaku.fi\/index.php?rest_route=%2Fwp%2Fv2%2Fproduct_cat&post=105901"},{"taxonomy":"product_tag","embeddable":true,"href":"https:\/\/www.autonvaraosahaku.fi\/index.php?rest_route=%2Fwp%2Fv2%2Fproduct_tag&post=105901"}],"curies":[{"name":"wp","href":"https:\/\/api.w.org\/{rel}","templated":true}]}}