{"id":105955,"date":"2021-02-21T23:10:48","date_gmt":"2021-02-21T23:10:48","guid":{"rendered":"https:\/\/www.autonvaraosahaku.fi\/?product=liqui-moly-1163-moottorioljy"},"modified":"2021-02-21T23:10:49","modified_gmt":"2021-02-21T23:10:49","slug":"liqui-moly-1163-moottorioljy","status":"publish","type":"product","link":"https:\/\/www.autonvaraosahaku.fi\/?product=liqui-moly-1163-moottorioljy","title":{"rendered":"Liqui Moly 1163 Moottori\u00f6ljy"},"content":{"rendered":"<p>Pakkaustyyppi: Kanisteri; Tilavuus (litra): 1; Erittely: API SL, ACEA A1, ILSAC GF-2, ACEA B1; Viskositeettiluokka SAE: 5W-30; Valmistajan hyv\u00e4ksym\u00e4: Ford WSS-M2C912-A1, Ford WSS-M2C913-A, Ford WSS-M2C913-B, Fiat 9.55535-G1; \u00d6ljy: Synteettinen \u00f6ljy; Tuotelinja: Special Tec; MAZDA: 5 CR19,3 BK,6 Station Wagon GY,CX-5 KE, GH,6 Kombi GH,2 DE,PREMACY CP,CX-7 ER,6 Hatchback GG,6 GG,3 BL,TRIBUTE EP,5 CW,3 BM,MX-5 III NC,6 Schr\u00e4gheck GH,RX 8 SE17,3 Stufenheck BK,6 GH,MPV II LW,3 Stufenheck BL,3 Stufenheck BM,2 Stufenheck DE,BT-50 CD, UN,CX-9 TB,BT-50 Pritsche\/Fahrgestell CD, UN,BT-50 Pick-up B22, B32, UP; CHEVROLET: MATIZ M200, M250,NUBIRA Kombi,AVEO Schr\u00e4gheck T250, T255,EPICA KL1_,LACETTI J200,AVEO Stufenheck T250, T255,REZZO,EVANDA,NUBIRA Stufenheck,SPARK M200 M250,AVEO Stufenheck T200,AVEO Schr\u00e4gheck T200; DAEWOO: MATIZ KLYA,REZZO KLAU,EVANDA KLAL,NUBIRA Stufenheck KLAN; IVECO: DAILY IV Kasten\/Kombi; NISSAN: QASHQAI \/ QASHQAI +2 J10, JJ10,MICRA III K12,X-TRAIL T30,NOTE E11,ALMERA TINO V10,ALMERA II Hatchback N16,NAVARA D40,JUKE F15,PATHFINDER R51,PRIMERA P11,MICRA IV K13,PRIMERA Kombi WP12,PIXO UA0,PRIMERA P12,NV200 EVALIA,PRIMERA Traveller WP11,PRIMERA Hatchback P11,MICRA C+C K12,MURANO Z50,NAVARA Pritsche\/Fahrgestell D40,PRIMERA Hatchback P12,TIIDA Schr\u00e4gheck,NV200 Kasten,MURANO Z51,PICK UP D22,ALMERA Mk II N16,370 Z Z34,PRIMASTAR Bus X83,PRIMASTAR Kasten X83,CUBE Z12,TIIDA Stufenheck SC11X,370 Z Roadster Z34,KUBISTAR X76,NP300,QASHQAI J11, J11_,KUBISTAR Kasten X80,X-TRAIL T32,TEANA II J32,PATROL III Y62,SENTRA B15; KIA: SORENTO I JC,PICANTO BA,SPORTAGE SL,CEE&#8217;D SW ED,CEE&#8217;D Schr\u00e4gheck ED,SPORTAGE JE_, KM_,SORENTO II XM,CARENS II FJ,RIO III UB,RIO II JB,CEE&#8217;D JD,CARENS III UN,CARNIVAL \/ GRAND CARNIVAL III VQ,CEE`D Sportswagon JD,PRO CEE&#8217;D ED,SOUL AM,CERATO LD,MAGENTIS MG,PRO CEE\u00b4D JD,CERATO Stufenheck LD,RIO II Stufenheck JB,OPTIMA,RIO III Stufenheck UB,CERATO II Stufenheck TD; LEXUS: IS II GSE2_, ALE2_, USE2_,RX MHU3_, GSU3_, MCU3_,IS I JCE1_, GXE1_,GS GRS19_, UZS19_, GWS19_,RX GYL1_, GGL15, AGL10,CT ZWA1_,GS UZS161, JZS160,IS SportCross,RX MCU15,IS III GSE3_, AVE3_,LS UVF4_, USF4_,GS GRL1_, GWL1_,SC UZZ40_,LS UCF30,IS C GSE2_,LX UZJ100,ES MCV_, VZV_,NX ZGZ1_, AGZ1_, AYZ1_,RX _L2_,RC GSC1_, USC1_; FORD USA: WINDSTAR A3,CROWN VICTORIA,EXPEDITION,ESCAPE,CONTOUR; HONDA: CIVIC VIII Hatchback FN, FK,JAZZ II GD,CR-V III RE,JAZZ III GE,CR-V II RD_,ACCORD VII CL,FR-V BE,ACCORD VIII CU,ACCORD VII Tourer CM,ACCORD VIII Kombi,CIVIC VI Fastback MA, MB,CIVIC VIII Stufenheck FD, FA,JAZZ Stufenheck,INSIGHT ZE_,CR-Z ZF1,CIVIC VII Stufenheck ES,LEGEND IV KB_,ACCORD VII CM; LAND ROVER: FREELANDER 2 FA_,DEFENDER Station Wagon LD,RANGE ROVER SPORT LS,RANGE ROVER EVOQUE LV,RANGE ROVER III LM,DISCOVERY III TAA,DISCOVERY IV LA,DISCOVERY II LJ, LT,DEFENDER Pick-up LD_,DEFENDER Cabrio LD,DEFENDER Pritsche\/Fahrgestell LD<\/p>\n","protected":false},"excerpt":{"rendered":"<p>LIQUI MOLY Moottori\u00f6ljy 1163<\/p>\n","protected":false},"featured_media":0,"template":"","meta":{"site-sidebar-layout":"default","site-content-layout":"default","ast-global-header-display":"","ast-main-header-display":"","ast-hfb-above-header-display":"","ast-hfb-below-header-display":"","ast-hfb-mobile-header-display":"","site-post-title":"","ast-breadcrumbs-content":"","ast-featured-img":"","footer-sml-layout":"","theme-transparent-header-meta":"","adv-header-id-meta":"","stick-header-meta":"","header-above-stick-meta":"","header-main-stick-meta":"","header-below-stick-meta":""},"pwb-brand":[561],"product_cat":[129],"product_tag":[],"class_list":{"0":"post-105955","1":"product","2":"type-product","3":"status-publish","5":"pwb-brand-liqui-moly","6":"product_cat-moottorioljy","7":"desktop-align-left","8":"tablet-align-left","9":"mobile-align-left","11":"first","12":"instock","13":"product-type-external"},"brands":[{"id":561,"name":"Liqui Moly","slug":"liqui-moly"}],"_links":{"self":[{"href":"https:\/\/www.autonvaraosahaku.fi\/index.php?rest_route=\/wp\/v2\/product\/105955","targetHints":{"allow":["GET"]}}],"collection":[{"href":"https:\/\/www.autonvaraosahaku.fi\/index.php?rest_route=\/wp\/v2\/product"}],"about":[{"href":"https:\/\/www.autonvaraosahaku.fi\/index.php?rest_route=\/wp\/v2\/types\/product"}],"wp:attachment":[{"href":"https:\/\/www.autonvaraosahaku.fi\/index.php?rest_route=%2Fwp%2Fv2%2Fmedia&parent=105955"}],"wp:term":[{"taxonomy":"pwb-brand","embeddable":true,"href":"https:\/\/www.autonvaraosahaku.fi\/index.php?rest_route=%2Fwp%2Fv2%2Fpwb-brand&post=105955"},{"taxonomy":"product_cat","embeddable":true,"href":"https:\/\/www.autonvaraosahaku.fi\/index.php?rest_route=%2Fwp%2Fv2%2Fproduct_cat&post=105955"},{"taxonomy":"product_tag","embeddable":true,"href":"https:\/\/www.autonvaraosahaku.fi\/index.php?rest_route=%2Fwp%2Fv2%2Fproduct_tag&post=105955"}],"curies":[{"name":"wp","href":"https:\/\/api.w.org\/{rel}","templated":true}]}}