{"id":105975,"date":"2021-02-21T23:10:54","date_gmt":"2021-02-21T23:10:54","guid":{"rendered":"https:\/\/www.autonvaraosahaku.fi\/?product=liqui-moly-7351-moottorioljy"},"modified":"2021-02-21T23:10:56","modified_gmt":"2021-02-21T23:10:56","slug":"liqui-moly-7351-moottorioljy","status":"publish","type":"product","link":"https:\/\/www.autonvaraosahaku.fi\/?product=liqui-moly-7351-moottorioljy","title":{"rendered":"Liqui Moly 7351 Moottori\u00f6ljy"},"content":{"rendered":"<p>Pakkaustyyppi: Kanisteri; Tilavuus (litra): 5; Erittely: API SL, API CG-4, ACEA A3, ACEA B3, ACEA E3; \u00f6ljynvalmistajan suositus: MAN 271, Volvo VDS, MB 228.1, MB 229.1; Viskositeettiluokka SAE: 10W-40; \u00d6ljy: Mineraali\u00f6ljy; Tuotelinja: NOVA SUPER; ACEA-m\u00e4\u00e4rittely: Aktivointi peruutusvaihteella, E3; MAZDA: CX-5 KE, GH,3 BM,3 Stufenheck BM,CX-9 TB; CHEVROLET: MATIZ M200, M250,NUBIRA Kombi,EPICA KL1_,LACETTI J200,AVEO Stufenheck T250, T255,REZZO,EVANDA,NUBIRA Stufenheck,SPARK M200 M250; DAEWOO: MATIZ KLYA,REZZO KLAU,EVANDA KLAL,NUBIRA Stufenheck KLAN; IVECO: DAILY III Pritsche\/Fahrgestell,DAILY III Kasten\/Kombi,DAILY II Pritsche\/Fahrgestell,DAILY II Kasten\/Kombi,DAILY II Kipper; NISSAN: X-TRAIL T30,NOTE E11,JUKE F15,MICRA IV K13,PIXO UA0; KIA: SORENTO I JC,PICANTO BA,SPORTAGE SL,CEE&#8217;D SW ED,CEE&#8217;D Schr\u00e4gheck ED,SPORTAGE JE_, KM_,CARENS II FJ,RIO II JB,CEE&#8217;D JD,CARENS III UN,CARNIVAL \/ GRAND CARNIVAL III VQ,CEE`D Sportswagon JD,PRO CEE&#8217;D ED,SOUL AM,CERATO LD,MAGENTIS MG,PRO CEE\u00b4D JD,SPORTAGE K00,CERATO Stufenheck LD,RIO II Stufenheck JB,K2700 SD,CERATO II Stufenheck TD; LEXUS: IS II GSE2_, ALE2_, USE2_,RX MHU3_, GSU3_, MCU3_,IS I JCE1_, GXE1_,GS GRS19_, UZS19_, GWS19_,RX GYL1_, GGL15, AGL10,CT ZWA1_,IS SportCross,IS III GSE3_, AVE3_,LS UVF4_, USF4_,GS GRL1_, GWL1_,SC UZZ40_,IS C GSE2_,NX ZGZ1_, AGZ1_, AYZ1_,RX _L2_,RC GSC1_, USC1_; HONDA: CR-V II RD_,ACCORD VII CL,FR-V BE,ACCORD VII Tourer CM,CIVIC VI Fastback MA, MB,CIVIC VII Stufenheck ES; SSANGYONG: REXTON GAB_,KYRON,RODIUS; HYUNDAI: i10 PA,i20 PB, PBT,SANTA F\u00c9 II CM,COUPE GK,SONATA V NF,ix55,GENESIS Coupe,GRANDEUR TG,TUCSON,i20 GB,i20 ACTIVE GB,i20 Coupe<\/p>\n","protected":false},"excerpt":{"rendered":"<p>LIQUI MOLY Moottori\u00f6ljy 7351<\/p>\n","protected":false},"featured_media":0,"template":"","meta":{"site-sidebar-layout":"default","site-content-layout":"default","ast-global-header-display":"","ast-main-header-display":"","ast-hfb-above-header-display":"","ast-hfb-below-header-display":"","ast-hfb-mobile-header-display":"","site-post-title":"","ast-breadcrumbs-content":"","ast-featured-img":"","footer-sml-layout":"","theme-transparent-header-meta":"","adv-header-id-meta":"","stick-header-meta":"","header-above-stick-meta":"","header-main-stick-meta":"","header-below-stick-meta":""},"pwb-brand":[561],"product_cat":[129],"product_tag":[],"class_list":{"0":"post-105975","1":"product","2":"type-product","3":"status-publish","5":"pwb-brand-liqui-moly","6":"product_cat-moottorioljy","7":"desktop-align-left","8":"tablet-align-left","9":"mobile-align-left","11":"first","12":"instock","13":"product-type-external"},"brands":[{"id":561,"name":"Liqui Moly","slug":"liqui-moly"}],"_links":{"self":[{"href":"https:\/\/www.autonvaraosahaku.fi\/index.php?rest_route=\/wp\/v2\/product\/105975","targetHints":{"allow":["GET"]}}],"collection":[{"href":"https:\/\/www.autonvaraosahaku.fi\/index.php?rest_route=\/wp\/v2\/product"}],"about":[{"href":"https:\/\/www.autonvaraosahaku.fi\/index.php?rest_route=\/wp\/v2\/types\/product"}],"wp:attachment":[{"href":"https:\/\/www.autonvaraosahaku.fi\/index.php?rest_route=%2Fwp%2Fv2%2Fmedia&parent=105975"}],"wp:term":[{"taxonomy":"pwb-brand","embeddable":true,"href":"https:\/\/www.autonvaraosahaku.fi\/index.php?rest_route=%2Fwp%2Fv2%2Fpwb-brand&post=105975"},{"taxonomy":"product_cat","embeddable":true,"href":"https:\/\/www.autonvaraosahaku.fi\/index.php?rest_route=%2Fwp%2Fv2%2Fproduct_cat&post=105975"},{"taxonomy":"product_tag","embeddable":true,"href":"https:\/\/www.autonvaraosahaku.fi\/index.php?rest_route=%2Fwp%2Fv2%2Fproduct_tag&post=105975"}],"curies":[{"name":"wp","href":"https:\/\/api.w.org\/{rel}","templated":true}]}}