{"id":105985,"date":"2021-02-21T23:10:54","date_gmt":"2021-02-21T23:10:54","guid":{"rendered":"https:\/\/www.autonvaraosahaku.fi\/?product=liqui-moly-1426-moottorioljy"},"modified":"2021-02-21T23:10:58","modified_gmt":"2021-02-21T23:10:58","slug":"liqui-moly-1426-moottorioljy","status":"publish","type":"product","link":"https:\/\/www.autonvaraosahaku.fi\/?product=liqui-moly-1426-moottorioljy","title":{"rendered":"Liqui Moly 1426 Moottori\u00f6ljy"},"content":{"rendered":"<p>Pakkaustyyppi: Kanisteri; Tilavuus (litra): 5; Valmistajan hyv\u00e4ksym\u00e4: Volvo VDS, CATERPILLAR TO-2, MTU-1, MAN 271, MB 228.1; Viskositeettiluokka SAE: 15W-40; Erittely: ACEA A2, API SJ, ACEA B3, ACEA E2, API CF, API CF-4; \u00d6ljy: Mineraali\u00f6ljy; Tuotelinja: NOVA SUPER; API-m\u00e4\u00e4rittely: CF, CF-4, SJ; ACEA-m\u00e4\u00e4rittely: E2; MAZDA: MX-5 II NB,3 BL,5 CW,3 Stufenheck BL; DAEWOO: KALOS KLAS; LADA: NIVA 2121; IVECO: DAILY II Pritsche\/Fahrgestell,DAILY II Kasten\/Kombi,DAILY II Kipper; NISSAN: MICRA III K12,X-TRAIL T30,NAVARA D40,PIXO UA0,NAVARA Pritsche\/Fahrgestell D40,PICK UP D22; KIA: SORENTO I JC,CEE&#8217;D SW ED,CEE&#8217;D Schr\u00e4gheck ED,SPORTAGE JE_, KM_,CARENS II FJ,RIO II JB,CARNIVAL \/ GRAND CARNIVAL III VQ,PRO CEE&#8217;D ED,CERATO LD,MAGENTIS MG,SPORTAGE K00,CERATO Stufenheck LD,RIO II Stufenheck JB,K2700 SD; LEXUS: RX MHU3_, GSU3_, MCU3_,IS I JCE1_, GXE1_,GS GRS19_, UZS19_, GWS19_,GS UZS161, JZS160,IS SportCross,SC UZZ40_,LS UCF30,RC GSC1_, USC1_; HONDA: CIVIC VII Hatchback EU, EP, EV,CR-V II RD_,ACCORD VII CL,FR-V BE,ACCORD VII Tourer CM,ACCORD VI CG, CK,CIVIC VI Fastback MA, MB,STREAM RN,HR-V GH,CIVIC VII Coupe EM2,ACCORD VI Hatchback CH,CIVIC VII Stufenheck ES,NSX Coupe NA,NSX Cabriolet NA; HYUNDAI: i10 PA,TUCSON JM,SANTA F\u00c9 II CM,TERRACAN HP,COUPE GK,SONATA V NF,GRANDEUR TG; SAAB: 9-3 YS3D,9-3 Cabriolet YS3D<\/p>\n","protected":false},"excerpt":{"rendered":"<p>LIQUI MOLY Moottori\u00f6ljy 1426<\/p>\n","protected":false},"featured_media":0,"template":"","meta":{"site-sidebar-layout":"default","site-content-layout":"default","ast-global-header-display":"","ast-main-header-display":"","ast-hfb-above-header-display":"","ast-hfb-below-header-display":"","ast-hfb-mobile-header-display":"","site-post-title":"","ast-breadcrumbs-content":"","ast-featured-img":"","footer-sml-layout":"","theme-transparent-header-meta":"","adv-header-id-meta":"","stick-header-meta":"","header-above-stick-meta":"","header-main-stick-meta":"","header-below-stick-meta":""},"pwb-brand":[561],"product_cat":[129],"product_tag":[],"class_list":{"0":"post-105985","1":"product","2":"type-product","3":"status-publish","5":"pwb-brand-liqui-moly","6":"product_cat-moottorioljy","7":"desktop-align-left","8":"tablet-align-left","9":"mobile-align-left","11":"first","12":"instock","13":"product-type-external"},"brands":[{"id":561,"name":"Liqui Moly","slug":"liqui-moly"}],"_links":{"self":[{"href":"https:\/\/www.autonvaraosahaku.fi\/index.php?rest_route=\/wp\/v2\/product\/105985","targetHints":{"allow":["GET"]}}],"collection":[{"href":"https:\/\/www.autonvaraosahaku.fi\/index.php?rest_route=\/wp\/v2\/product"}],"about":[{"href":"https:\/\/www.autonvaraosahaku.fi\/index.php?rest_route=\/wp\/v2\/types\/product"}],"wp:attachment":[{"href":"https:\/\/www.autonvaraosahaku.fi\/index.php?rest_route=%2Fwp%2Fv2%2Fmedia&parent=105985"}],"wp:term":[{"taxonomy":"pwb-brand","embeddable":true,"href":"https:\/\/www.autonvaraosahaku.fi\/index.php?rest_route=%2Fwp%2Fv2%2Fpwb-brand&post=105985"},{"taxonomy":"product_cat","embeddable":true,"href":"https:\/\/www.autonvaraosahaku.fi\/index.php?rest_route=%2Fwp%2Fv2%2Fproduct_cat&post=105985"},{"taxonomy":"product_tag","embeddable":true,"href":"https:\/\/www.autonvaraosahaku.fi\/index.php?rest_route=%2Fwp%2Fv2%2Fproduct_tag&post=105985"}],"curies":[{"name":"wp","href":"https:\/\/api.w.org\/{rel}","templated":true}]}}