{"id":105986,"date":"2021-02-21T23:10:54","date_gmt":"2021-02-21T23:10:54","guid":{"rendered":"https:\/\/www.autonvaraosahaku.fi\/?product=liqui-moly-1391-moottorioljy"},"modified":"2021-02-21T23:10:58","modified_gmt":"2021-02-21T23:10:58","slug":"liqui-moly-1391-moottorioljy","status":"publish","type":"product","link":"https:\/\/www.autonvaraosahaku.fi\/?product=liqui-moly-1391-moottorioljy","title":{"rendered":"Liqui Moly 1391 Moottori\u00f6ljy"},"content":{"rendered":"<p>Pakkaustyyppi: Kanisteri; Tilavuus (litra): 5; \u00f6ljynvalmistajan suositus: Fiat 9.55535-H3; Viskositeettiluokka SAE: 10W-60; Erittely: ACEA A3, API SL, ACEA B4, API CF; \u00d6ljy: Synteettinen \u00f6ljy; Tuotelinja: Synthoil; Versio: Race Tech G1; MAZDA: CX-5 KE, GH,MX-5 II NB,323 F VI BJ,CX-7 ER,3 BL,MX-5 I NA,5 CW,3 BM,FAMILIA V BA,3 Stufenheck BL,FAMILIA VI BJ,3 Stufenheck BM,B-SERIE UN,323 C IV BG,FAMILIA IV BF,121 III JASM, JBSM,CX-9 TB,323 III Hatchback BF,626 III GD,FAMILIA IV BG,626 III Hatchback GD,626 III Coupe GD,E-SERIE Kasten SR2,626 III Station Wagon GV,626 II GC,626 II Hatchback GC,929 III HC,B-SERIE UF,323 III BF,929 II Coupe HB,323 III Station Wagon BW,323 II Hatchback BD,121 I DA,323 II BD,929 II HB,929 I LA,323 I Station Wagon FA,929 II Kombi HV,B-SERIE UD; BMW: 3 Compact E36,3 E36,5 E34,3 Touring E36,5 Touring E34; CHEVROLET: MATIZ M200, M250,NUBIRA Kombi,EPICA KL1_,LACETTI J200,AVEO Stufenheck T250, T255,REZZO,EVANDA,NUBIRA Stufenheck,SPARK M200 M250; DAEWOO: MATIZ KLYA,REZZO KLAU,EVANDA KLAL,NUBIRA Stufenheck KLAN,NEXIA KLETN,ESPERO KLEJ,MUSSO FJ,KORANDO KJ,NEXIA Stufenheck KLETN,KORANDO Cabrio KJ; LADA: NIVA 2121,SAMARA 2108, 2109, 2115, 2113, 2114,NOVA 2105,SAMARA Stufenheck 21099, 2115; NISSAN: QASHQAI \/ QASHQAI +2 J10, JJ10,MICRA III K12,X-TRAIL T30,MICRA II K11,NOTE E11,ALMERA TINO V10,ALMERA II Hatchback N16,NAVARA D40,JUKE F15,PATHFINDER R51,X-TRAIL T31,PRIMERA P11,MICRA IV K13,PRIMERA Kombi WP12,PIXO UA0,PRIMERA P12,NV200 EVALIA,TERRANO II R20,PRIMERA Traveller WP11,350 Z Z33,PRIMERA Hatchback P11,MICRA C+C K12,NAVARA Pritsche\/Fahrgestell D40,NOTE E12,PRIMERA Hatchback P12,PATROL GR II Wagon Y61,TIIDA Schr\u00e4gheck,NV200 Kasten,ALMERA I Hatchback N15,MURANO Z51,PICK UP D22,PATHFINDER R50,ALMERA Mk II N16,200 SX S13,MICRA I K10,370 Z Z34,PRIMASTAR Bus X83,ALMERA I N15,PICK UP D21,100 NX B13,SERENA C23M,200 SX S14,PATROL GR I Y60, GR,PRIMERA P10,350 Z Roadster Z33,PRIMASTAR Kasten X83,MAXIMA QX A33,TERRANO I WD21,300 ZX Z32,PATROL Hardtop K160,MAXIMA QX A32,CUBE Z12,INTERSTAR Kasten X70,300 ZX Z31,PATROL Station Wagon W260,PATROL Hardtop K260,TIIDA Stufenheck SC11X,SUNNY II Coupe B12,370 Z Roadster Z34,KUBISTAR X76,NP300,SUNNY III N14,QA; KIA: SORENTO I JC,PICANTO BA,SPORTAGE SL,CEE&#8217;D SW ED,CEE&#8217;D Schr\u00e4gheck ED,SPORTAGE JE_, KM_,CARENS II FJ,RIO II JB,CEE&#8217;D JD,CARENS III UN,CARNIVAL \/ GRAND CARNIVAL III VQ,CEE`D Sportswagon JD,PRO CEE&#8217;D ED,SOUL AM,CERATO LD,MAGENTIS GD,MAGENTIS MG,PRO CEE\u00b4D JD,OPIRUS GH,CERATO Stufenheck LD,RIO II Stufenheck JB,JOICE,PRIDE DA,CLARUS K9A,CLARUS Kombi GC,PRIDE Kombi,CERATO II Stufenheck TD; LEXUS: IS II GSE2_, ALE2_, USE2_,RX MHU3_, GSU3_, MCU3_,IS I JCE1_, GXE1_,GS GRS19_, UZS19_, GWS19_,RX GYL1_, GGL15, AGL10,CT ZWA1_,IS SportCross,IS III GSE3_, AVE3_,LS UVF4_, USF4_,GS GRL1_, GWL1_,SC UZZ40_,IS C GSE2_,NX ZGZ1_, AGZ1_, AYZ1_,RX _L2_,RC GSC1_, USC1_; FORD USA: PROBE II ECP,WINDSTAR A3; HONDA: CR-V II RD_,ACCORD VII CL,FR-V BE,ACCORD VII Tourer CM,ACCORD VI CG, CK,CIVIC VI Fastback MA, MB,ACCORD V CE, CF,CIVIC VII Stufenheck ES<\/p>\n","protected":false},"excerpt":{"rendered":"<p>LIQUI MOLY Moottori\u00f6ljy 1391<\/p>\n","protected":false},"featured_media":0,"template":"","meta":{"site-sidebar-layout":"default","site-content-layout":"default","ast-global-header-display":"","ast-main-header-display":"","ast-hfb-above-header-display":"","ast-hfb-below-header-display":"","ast-hfb-mobile-header-display":"","site-post-title":"","ast-breadcrumbs-content":"","ast-featured-img":"","footer-sml-layout":"","theme-transparent-header-meta":"","adv-header-id-meta":"","stick-header-meta":"","header-above-stick-meta":"","header-main-stick-meta":"","header-below-stick-meta":""},"pwb-brand":[561],"product_cat":[129],"product_tag":[],"class_list":{"0":"post-105986","1":"product","2":"type-product","3":"status-publish","5":"pwb-brand-liqui-moly","6":"product_cat-moottorioljy","7":"desktop-align-left","8":"tablet-align-left","9":"mobile-align-left","11":"first","12":"instock","13":"product-type-external"},"brands":[{"id":561,"name":"Liqui Moly","slug":"liqui-moly"}],"_links":{"self":[{"href":"https:\/\/www.autonvaraosahaku.fi\/index.php?rest_route=\/wp\/v2\/product\/105986","targetHints":{"allow":["GET"]}}],"collection":[{"href":"https:\/\/www.autonvaraosahaku.fi\/index.php?rest_route=\/wp\/v2\/product"}],"about":[{"href":"https:\/\/www.autonvaraosahaku.fi\/index.php?rest_route=\/wp\/v2\/types\/product"}],"wp:attachment":[{"href":"https:\/\/www.autonvaraosahaku.fi\/index.php?rest_route=%2Fwp%2Fv2%2Fmedia&parent=105986"}],"wp:term":[{"taxonomy":"pwb-brand","embeddable":true,"href":"https:\/\/www.autonvaraosahaku.fi\/index.php?rest_route=%2Fwp%2Fv2%2Fpwb-brand&post=105986"},{"taxonomy":"product_cat","embeddable":true,"href":"https:\/\/www.autonvaraosahaku.fi\/index.php?rest_route=%2Fwp%2Fv2%2Fproduct_cat&post=105986"},{"taxonomy":"product_tag","embeddable":true,"href":"https:\/\/www.autonvaraosahaku.fi\/index.php?rest_route=%2Fwp%2Fv2%2Fproduct_tag&post=105986"}],"curies":[{"name":"wp","href":"https:\/\/api.w.org\/{rel}","templated":true}]}}