{"id":106024,"date":"2021-02-21T23:11:06","date_gmt":"2021-02-21T23:11:06","guid":{"rendered":"https:\/\/www.autonvaraosahaku.fi\/?product=liqui-moly-1265-moottorioljy"},"modified":"2021-02-21T23:11:10","modified_gmt":"2021-02-21T23:11:10","slug":"liqui-moly-1265-moottorioljy","status":"publish","type":"product","link":"https:\/\/www.autonvaraosahaku.fi\/?product=liqui-moly-1265-moottorioljy","title":{"rendered":"Liqui Moly 1265 Moottori\u00f6ljy"},"content":{"rendered":"<p>Pakkaustyyppi: Kanisteri; Tilavuus (litra): 5; Erittely: ACEA E2, API SJ, API CF, API CF-4; \u00f6ljynvalmistajan suositus: MAN 270, MB 228.0, Volvo VDS; Viskositeettiluokka SAE: SAE 30; Valmistajan hyv\u00e4ksym\u00e4: MAN 270, MB 228.0, Volvo VDS; \u00d6ljy: Mineraali\u00f6ljy; Tuotelinja: Touring High Tech; Versio: HD 30; VW: GOLF I Cabriolet 155,KAEFER,GOLF I 17,TRANSPORTER II Bus,411412,TRANSPORTER I Bus 22, 24, 25, 28,KARMANN GHIA Coupe 14, 34,TRANSPORTER II Kasten,KARMANN GHIA Cabriolet 14, 34,TRANSPORTER I Pritsche\/Fahrgestell 26,TRANSPORTER II Pritsche\/Fahrgestell,TRANSPORTER I Kasten 21, 23; AUDI: 80 80, 82, B1,100 C1,100 Coupe C1,100 43, C2,50 86,100 Avant 43, C2; MAZDA: MX-5 II NB,323 F VI BJ,CX-7 ER,3 BL,MX-5 I NA,5 CW,FAMILIA V BA,323 P V BA,3 Stufenheck BL,626 IV Hatchback GE,FAMILIA VI BJ,B-SERIE UN,323 C IV BG,FAMILIA IV BF,626 IV GE,FAMILIA V BG8,323 III Hatchback BF,626 III GD,FAMILIA IV BG,626 III Hatchback GD,626 III Coupe GD,E-SERIE Kasten SR2,626 III Station Wagon GV,626 II GC,626 II Hatchback GC,B-SERIE UF,323 III BF,MPV I LV,323 III Station Wagon BW,323 II Hatchback BD,121 I DA,323 II BD,323 I Station Wagon FA,B-SERIE UD; SKODA: 105,120 742,100,105,120 744,130,1000,110,110 Coupe; BMW: 3 E30,02 E10,6 E24,3 E21,02 Cabriolet E10; CHEVROLET: S10 Pick-up; JEEP: CJ5 &#8211; CJ8; DAEWOO: KALOS KLAS,NEXIA KLETN,ESPERO KLEJ,NEXIA Stufenheck KLETN; LADA: NIVA 2121,1200-1600,1200-1500 Kombi,NOVA 2105; IVECO: DAILY IV Kasten\/Kombi,DAILY III Pritsche\/Fahrgestell,DAILY III Kasten\/Kombi,DAILY IV Pritsche\/Fahrgestell,DAILY II Pritsche\/Fahrgestell,DAILY II Kasten\/Kombi,DAILY I Pritsche\/Fahrgestell,DAILY II Bus,DAILY I Kasten\/Kombi,DAILY II Kipper<\/p>\n","protected":false},"excerpt":{"rendered":"<p>LIQUI MOLY Moottori\u00f6ljy 1265<\/p>\n","protected":false},"featured_media":0,"template":"","meta":{"site-sidebar-layout":"default","site-content-layout":"default","ast-global-header-display":"","ast-main-header-display":"","ast-hfb-above-header-display":"","ast-hfb-below-header-display":"","ast-hfb-mobile-header-display":"","site-post-title":"","ast-breadcrumbs-content":"","ast-featured-img":"","footer-sml-layout":"","theme-transparent-header-meta":"","adv-header-id-meta":"","stick-header-meta":"","header-above-stick-meta":"","header-main-stick-meta":"","header-below-stick-meta":""},"pwb-brand":[561],"product_cat":[129],"product_tag":[],"class_list":{"0":"post-106024","1":"product","2":"type-product","3":"status-publish","5":"pwb-brand-liqui-moly","6":"product_cat-moottorioljy","7":"desktop-align-left","8":"tablet-align-left","9":"mobile-align-left","11":"first","12":"instock","13":"product-type-external"},"brands":[{"id":561,"name":"Liqui Moly","slug":"liqui-moly"}],"_links":{"self":[{"href":"https:\/\/www.autonvaraosahaku.fi\/index.php?rest_route=\/wp\/v2\/product\/106024","targetHints":{"allow":["GET"]}}],"collection":[{"href":"https:\/\/www.autonvaraosahaku.fi\/index.php?rest_route=\/wp\/v2\/product"}],"about":[{"href":"https:\/\/www.autonvaraosahaku.fi\/index.php?rest_route=\/wp\/v2\/types\/product"}],"wp:attachment":[{"href":"https:\/\/www.autonvaraosahaku.fi\/index.php?rest_route=%2Fwp%2Fv2%2Fmedia&parent=106024"}],"wp:term":[{"taxonomy":"pwb-brand","embeddable":true,"href":"https:\/\/www.autonvaraosahaku.fi\/index.php?rest_route=%2Fwp%2Fv2%2Fpwb-brand&post=106024"},{"taxonomy":"product_cat","embeddable":true,"href":"https:\/\/www.autonvaraosahaku.fi\/index.php?rest_route=%2Fwp%2Fv2%2Fproduct_cat&post=106024"},{"taxonomy":"product_tag","embeddable":true,"href":"https:\/\/www.autonvaraosahaku.fi\/index.php?rest_route=%2Fwp%2Fv2%2Fproduct_tag&post=106024"}],"curies":[{"name":"wp","href":"https:\/\/api.w.org\/{rel}","templated":true}]}}