{"id":106036,"date":"2021-02-21T23:11:12","date_gmt":"2021-02-21T23:11:12","guid":{"rendered":"https:\/\/www.autonvaraosahaku.fi\/?product=liqui-moly-1500-moottorioljy"},"modified":"2021-02-21T23:11:14","modified_gmt":"2021-02-21T23:11:14","slug":"liqui-moly-1500-moottorioljy","status":"publish","type":"product","link":"https:\/\/www.autonvaraosahaku.fi\/?product=liqui-moly-1500-moottorioljy","title":{"rendered":"Liqui Moly 1500 Moottori\u00f6ljy"},"content":{"rendered":"<p>Pakkaustyyppi: Kanisteri; Tilavuus (litra): 1; Viskositeettiluokka SAE: 20W-50; \u00d6ljy: Mineraali\u00f6ljy; Erittely: API SN+, JASO MA-2; Tuotelinja: Motorbike 4T; Versio: Street; API-m\u00e4\u00e4rittely: SG, SJ, SL<\/p>\n","protected":false},"excerpt":{"rendered":"<p>LIQUI MOLY Moottori\u00f6ljy 1500<\/p>\n","protected":false},"featured_media":0,"template":"","meta":{"site-sidebar-layout":"default","site-content-layout":"default","ast-global-header-display":"","ast-main-header-display":"","ast-hfb-above-header-display":"","ast-hfb-below-header-display":"","ast-hfb-mobile-header-display":"","site-post-title":"","ast-breadcrumbs-content":"","ast-featured-img":"","footer-sml-layout":"","theme-transparent-header-meta":"","adv-header-id-meta":"","stick-header-meta":"","header-above-stick-meta":"","header-main-stick-meta":"","header-below-stick-meta":""},"pwb-brand":[561],"product_cat":[129],"product_tag":[],"class_list":{"0":"post-106036","1":"product","2":"type-product","3":"status-publish","5":"pwb-brand-liqui-moly","6":"product_cat-moottorioljy","7":"desktop-align-left","8":"tablet-align-left","9":"mobile-align-left","11":"first","12":"instock","13":"product-type-external"},"brands":[{"id":561,"name":"Liqui Moly","slug":"liqui-moly"}],"_links":{"self":[{"href":"https:\/\/www.autonvaraosahaku.fi\/index.php?rest_route=\/wp\/v2\/product\/106036","targetHints":{"allow":["GET"]}}],"collection":[{"href":"https:\/\/www.autonvaraosahaku.fi\/index.php?rest_route=\/wp\/v2\/product"}],"about":[{"href":"https:\/\/www.autonvaraosahaku.fi\/index.php?rest_route=\/wp\/v2\/types\/product"}],"wp:attachment":[{"href":"https:\/\/www.autonvaraosahaku.fi\/index.php?rest_route=%2Fwp%2Fv2%2Fmedia&parent=106036"}],"wp:term":[{"taxonomy":"pwb-brand","embeddable":true,"href":"https:\/\/www.autonvaraosahaku.fi\/index.php?rest_route=%2Fwp%2Fv2%2Fpwb-brand&post=106036"},{"taxonomy":"product_cat","embeddable":true,"href":"https:\/\/www.autonvaraosahaku.fi\/index.php?rest_route=%2Fwp%2Fv2%2Fproduct_cat&post=106036"},{"taxonomy":"product_tag","embeddable":true,"href":"https:\/\/www.autonvaraosahaku.fi\/index.php?rest_route=%2Fwp%2Fv2%2Fproduct_tag&post=106036"}],"curies":[{"name":"wp","href":"https:\/\/api.w.org\/{rel}","templated":true}]}}