{"id":106054,"date":"2021-02-21T23:11:19","date_gmt":"2021-02-21T23:11:19","guid":{"rendered":"https:\/\/www.autonvaraosahaku.fi\/?product=barum-ba2075-jarrupalat"},"modified":"2021-02-21T23:11:21","modified_gmt":"2021-02-21T23:11:21","slug":"barum-ba2075-jarrupalat","status":"publish","type":"product","link":"https:\/\/www.autonvaraosahaku.fi\/?product=barum-ba2075-jarrupalat","title":{"rendered":"BARUM BA2075 Jarrupalat"},"content":{"rendered":"<p>Leveys (mm): 105,1; Korkeus (mm): 54,9; Paksuus [mm]: 15,0; Kulumisenilmaisimen liitos: Ilman kulumisenilmaisinta; Jarruj\u00e4rjestelm\u00e4: Bendix; Tarkistuskilpi: E1 90R-01671\/255; M\u00e4\u00e4r\u00e4yksikk\u00f6: Akselisarja; Asennuspuoli: Vorderachse; RENAULT: TWINGO I C06_,TWINGO I Kasten S06_; 7701203842, 7701205277; Jarrupalasarja,Jarrupala, Levyjarru<\/p>\n","protected":false},"excerpt":{"rendered":"<p>Barum Jarrupalat BA2075 Jarrupalasarja,Jarrupala, Levyjarru RENAULT,TWINGO I C06_,TWINGO I Kasten S06_<\/p>\n","protected":false},"featured_media":0,"template":"","meta":{"site-sidebar-layout":"default","site-content-layout":"default","ast-global-header-display":"","ast-main-header-display":"","ast-hfb-above-header-display":"","ast-hfb-below-header-display":"","ast-hfb-mobile-header-display":"","site-post-title":"","ast-breadcrumbs-content":"","ast-featured-img":"","footer-sml-layout":"","theme-transparent-header-meta":"","adv-header-id-meta":"","stick-header-meta":"","header-above-stick-meta":"","header-main-stick-meta":"","header-below-stick-meta":""},"pwb-brand":[563],"product_cat":[100],"product_tag":[],"class_list":{"0":"post-106054","1":"product","2":"type-product","3":"status-publish","5":"pwb-brand-barum","6":"product_cat-jarrupalat","7":"desktop-align-left","8":"tablet-align-left","9":"mobile-align-left","11":"first","12":"instock","13":"product-type-external"},"brands":[{"id":563,"name":"BARUM","slug":"barum"}],"_links":{"self":[{"href":"https:\/\/www.autonvaraosahaku.fi\/index.php?rest_route=\/wp\/v2\/product\/106054","targetHints":{"allow":["GET"]}}],"collection":[{"href":"https:\/\/www.autonvaraosahaku.fi\/index.php?rest_route=\/wp\/v2\/product"}],"about":[{"href":"https:\/\/www.autonvaraosahaku.fi\/index.php?rest_route=\/wp\/v2\/types\/product"}],"wp:attachment":[{"href":"https:\/\/www.autonvaraosahaku.fi\/index.php?rest_route=%2Fwp%2Fv2%2Fmedia&parent=106054"}],"wp:term":[{"taxonomy":"pwb-brand","embeddable":true,"href":"https:\/\/www.autonvaraosahaku.fi\/index.php?rest_route=%2Fwp%2Fv2%2Fpwb-brand&post=106054"},{"taxonomy":"product_cat","embeddable":true,"href":"https:\/\/www.autonvaraosahaku.fi\/index.php?rest_route=%2Fwp%2Fv2%2Fproduct_cat&post=106054"},{"taxonomy":"product_tag","embeddable":true,"href":"https:\/\/www.autonvaraosahaku.fi\/index.php?rest_route=%2Fwp%2Fv2%2Fproduct_tag&post=106054"}],"curies":[{"name":"wp","href":"https:\/\/api.w.org\/{rel}","templated":true}]}}