{"id":106056,"date":"2021-02-21T23:11:19","date_gmt":"2021-02-21T23:11:19","guid":{"rendered":"https:\/\/www.autonvaraosahaku.fi\/?product=barum-bar09138-jarrulevyt"},"modified":"2021-02-21T23:11:21","modified_gmt":"2021-02-21T23:11:21","slug":"barum-bar09138-jarrulevyt","status":"publish","type":"product","link":"https:\/\/www.autonvaraosahaku.fi\/?product=barum-bar09138-jarrulevyt","title":{"rendered":"BARUM BAR09138 Jarrulevyt"},"content":{"rendered":"<p>Ulkol\u00e4pimitta [mm]: 258,0; Jarrulevyn paksuus (mm): 9,0; V\u00e4himm\u00e4ispaksuus (mm): 8,0; Jarrulevytyyppi: Vakiomalli; Reikien m\u00e4\u00e4r\u00e4: 4; Korkeus (mm): 55,5; keskitt\u00e4misl\u00e4pimitta [mm]: 55,0; Sis\u00e4l\u00e4pimitta [mm]: 172,0; Reik\u00e4ympyr\u00e4-\u00d8 [mm]: 100,0; Reik\u00e4-\u00d8 [mm]: 14,5; Valmistusvuosi alkaen: 02\/2002; TOYOTA: COROLLA ZZE12_, NDE12_, ZDE12_,COROLLA Kombi _E12J_, _E12T_,COROLLA Stufenheck _E12J_, _E12T_; 4243102070; Jarrulevy<\/p>\n","protected":false},"excerpt":{"rendered":"<p>Barum Jarrulevyt BAR09138 Jarrulevy TOYOTA,COROLLA ZZE12_, NDE12_, ZDE12_,COROLLA Kombi _E12J_, _E12T_,COROLLA Stufenheck _E12J_, _E12T_<\/p>\n","protected":false},"featured_media":0,"template":"","meta":{"site-sidebar-layout":"default","site-content-layout":"default","ast-global-header-display":"","ast-main-header-display":"","ast-hfb-above-header-display":"","ast-hfb-below-header-display":"","ast-hfb-mobile-header-display":"","site-post-title":"","ast-breadcrumbs-content":"","ast-featured-img":"","footer-sml-layout":"","theme-transparent-header-meta":"","adv-header-id-meta":"","stick-header-meta":"","header-above-stick-meta":"","header-main-stick-meta":"","header-below-stick-meta":""},"pwb-brand":[563],"product_cat":[66],"product_tag":[],"class_list":{"0":"post-106056","1":"product","2":"type-product","3":"status-publish","5":"pwb-brand-barum","6":"product_cat-jarrulevyt","7":"desktop-align-left","8":"tablet-align-left","9":"mobile-align-left","11":"first","12":"instock","13":"product-type-external"},"brands":[{"id":563,"name":"BARUM","slug":"barum"}],"_links":{"self":[{"href":"https:\/\/www.autonvaraosahaku.fi\/index.php?rest_route=\/wp\/v2\/product\/106056","targetHints":{"allow":["GET"]}}],"collection":[{"href":"https:\/\/www.autonvaraosahaku.fi\/index.php?rest_route=\/wp\/v2\/product"}],"about":[{"href":"https:\/\/www.autonvaraosahaku.fi\/index.php?rest_route=\/wp\/v2\/types\/product"}],"wp:attachment":[{"href":"https:\/\/www.autonvaraosahaku.fi\/index.php?rest_route=%2Fwp%2Fv2%2Fmedia&parent=106056"}],"wp:term":[{"taxonomy":"pwb-brand","embeddable":true,"href":"https:\/\/www.autonvaraosahaku.fi\/index.php?rest_route=%2Fwp%2Fv2%2Fpwb-brand&post=106056"},{"taxonomy":"product_cat","embeddable":true,"href":"https:\/\/www.autonvaraosahaku.fi\/index.php?rest_route=%2Fwp%2Fv2%2Fproduct_cat&post=106056"},{"taxonomy":"product_tag","embeddable":true,"href":"https:\/\/www.autonvaraosahaku.fi\/index.php?rest_route=%2Fwp%2Fv2%2Fproduct_tag&post=106056"}],"curies":[{"name":"wp","href":"https:\/\/api.w.org\/{rel}","templated":true}]}}