{"id":106076,"date":"2021-02-21T23:11:26","date_gmt":"2021-02-21T23:11:26","guid":{"rendered":"https:\/\/www.autonvaraosahaku.fi\/?product=ina-529-0479-20-moniurahihna"},"modified":"2021-02-21T23:11:27","modified_gmt":"2021-02-21T23:11:27","slug":"ina-529-0479-20-moniurahihna","status":"publish","type":"product","link":"https:\/\/www.autonvaraosahaku.fi\/?product=ina-529-0479-20-moniurahihna","title":{"rendered":"INA 529 0479 20 Moniurahihna"},"content":{"rendered":"<p>Pituus 1 (mm): 2155; kiiloja: 6; Hihnapy\u00f6r\u00e4t: V\u00e4lihihnapy\u00f6r\u00e4ll\u00e4; Huomioi huolto-ohjeet: ; Huomioi asennusohje: ; Apulaitteet: angetr. Agg.: Generator; MERCEDES-BENZ: C-CLASS W204,C-CLASS T-Model S204,E-CLASS W212,E-CLASS T-Model S212,GLK-CLASS X204,E-CLASS Coupe C207,C-CLASS Coupe C204,SLK R172,E-CLASS Cabriolet A207,CLS C218,CLS Shooting Brake X218,SLC R172; 0009060501, 0009060604, 0009060706, 0009061722, 0009062004, 0009062100, 0009062200, 0009063000, 0009063222, 0009063622, 0009063722, 0009065300, 0009067902, 0009068802, 0009068806, 0019933496, 0119971992, 0119975292, 0129975292, 0131546802, 0141541102, 0141541202, 0141541402, 0141541502, 0141543902, 11750HG00A, 1591500060, 2711541802, 2781500060, 6461540102, 6461540802, 6461540902, 6461541102, 6461550115, 6512000070, 6512000270, 6512000370, 6512001670, 6512001770, A0009060501, A0009060604, A0009060706, A0009061722, A0009062004, A0009062100, A0009062200, A0009063000, A0009063222, A0009063622, A0009063722, A0009065300, A0009067902, A0009068802, A0009068806, A0019933496, A0039930396, A0119971992, A0119975292, A0129975292, A0131546802, A0141541102, A0141541202, A0141541402, A0141541502, A0141543902, A1591500060, A2711541802, A2781500060, A6461540102, A6461540802, A6461540902, A6461541102, A6461550115, A6512000070, A6512000270, A6512000370, A6512001670, A6512001770<\/p>\n","protected":false},"excerpt":{"rendered":"<p>INA Moniurahihnasarja 529 0479 20  MERCEDES-BENZ,C-CLASS W204,C-CLASS T-Model S204,E-CLASS W212,E-CLASS T-Model S212,GLK-CLASS X204,E-CLASS Coupe C207<\/p>\n","protected":false},"featured_media":0,"template":"","meta":{"site-sidebar-layout":"default","site-content-layout":"default","ast-global-header-display":"","ast-main-header-display":"","ast-hfb-above-header-display":"","ast-hfb-below-header-display":"","ast-hfb-mobile-header-display":"","site-post-title":"","ast-breadcrumbs-content":"","ast-featured-img":"","footer-sml-layout":"","theme-transparent-header-meta":"","adv-header-id-meta":"","stick-header-meta":"","header-above-stick-meta":"","header-main-stick-meta":"","header-below-stick-meta":""},"pwb-brand":[564],"product_cat":[23],"product_tag":[],"class_list":{"0":"post-106076","1":"product","2":"type-product","3":"status-publish","5":"pwb-brand-ina","6":"product_cat-moniurahihna","7":"desktop-align-left","8":"tablet-align-left","9":"mobile-align-left","11":"first","12":"instock","13":"product-type-external"},"brands":[{"id":564,"name":"INA","slug":"ina"}],"_links":{"self":[{"href":"https:\/\/www.autonvaraosahaku.fi\/index.php?rest_route=\/wp\/v2\/product\/106076","targetHints":{"allow":["GET"]}}],"collection":[{"href":"https:\/\/www.autonvaraosahaku.fi\/index.php?rest_route=\/wp\/v2\/product"}],"about":[{"href":"https:\/\/www.autonvaraosahaku.fi\/index.php?rest_route=\/wp\/v2\/types\/product"}],"wp:attachment":[{"href":"https:\/\/www.autonvaraosahaku.fi\/index.php?rest_route=%2Fwp%2Fv2%2Fmedia&parent=106076"}],"wp:term":[{"taxonomy":"pwb-brand","embeddable":true,"href":"https:\/\/www.autonvaraosahaku.fi\/index.php?rest_route=%2Fwp%2Fv2%2Fpwb-brand&post=106076"},{"taxonomy":"product_cat","embeddable":true,"href":"https:\/\/www.autonvaraosahaku.fi\/index.php?rest_route=%2Fwp%2Fv2%2Fproduct_cat&post=106076"},{"taxonomy":"product_tag","embeddable":true,"href":"https:\/\/www.autonvaraosahaku.fi\/index.php?rest_route=%2Fwp%2Fv2%2Fproduct_tag&post=106076"}],"curies":[{"name":"wp","href":"https:\/\/api.w.org\/{rel}","templated":true}]}}