{"id":106088,"date":"2021-02-21T23:11:26","date_gmt":"2021-02-21T23:11:26","guid":{"rendered":"https:\/\/www.autonvaraosahaku.fi\/?product=ina-538-0311-10-vesipumppu"},"modified":"2021-02-21T23:11:30","modified_gmt":"2021-02-21T23:11:30","slug":"ina-538-0311-10-vesipumppu","status":"publish","type":"product","link":"https:\/\/www.autonvaraosahaku.fi\/?product=ina-538-0311-10-vesipumppu","title":{"rendered":"INA 538 0311 10 Vesipumppu"},"content":{"rendered":"<p>Vesipumpputyyppi: Moniurahihnavedolle; Lis\u00e4tarvike\/lis\u00e4tieto: Tiivisteill\u00e4; kierrereiki\u00e4 [kpl]: 3; Moottorinumerosta: 1874033; CHEVROLET: CRUZE J300,CRUZE Station Wagon J308,CRUZE Schr\u00e4gheck J305,TRAX; OPEL: CORSA D,ZAFIRA B A05,ASTRA H Caravan L35,MERIVA,ASTRA G CC F48_, F08_,ASTRA H L48,ASTRA J Sports Tourer,ASTRA G Caravan F35_,ASTRA J,ASTRA H GTC L08,MERIVA B,MOKKA,ASTRA G Stufenheck F69_,ZAFIRA B Van,ASTRA GTC J,ASTRA J Stufenheck,ASTRA H Stufenheck L69,ASTRA H Kasten L70,ASTRA G Kasten F70; VAUXHALL: CORSA Mk III D L_8,ZAFIRA Mk II B M75,ASTRA Mk V H CC,ASTRA Mk V H Estate,ASTRA Mk IV G CC,ASTRA Mk VI J CC,ASTRA Mk VI J,ASTRA Mk IV G Sedan,MERIVA Mk II B,ASTRA Mk VI J Sedan,ASTRA Mk VI J Estate,MOKKA,ASTRAVAN Mk IV G,ASTRAVAN Mk V H,COMBO TOUR Mk II C F25,ASTRA Mk IV G Estate; 1334268, 6334048, 1334268, 6334048<\/p>\n","protected":false},"excerpt":{"rendered":"<p>INA Vesipumppu 538 0311 10  CHEVROLET,OPEL,VAUXHALL,CRUZE J300,CRUZE Station Wagon J308,CRUZE Schr\u00e4gheck J305,TRAX,CORSA D,ZAFIRA B A05<\/p>\n","protected":false},"featured_media":0,"template":"","meta":{"site-sidebar-layout":"default","site-content-layout":"default","ast-global-header-display":"","ast-main-header-display":"","ast-hfb-above-header-display":"","ast-hfb-below-header-display":"","ast-hfb-mobile-header-display":"","site-post-title":"","ast-breadcrumbs-content":"","ast-featured-img":"","footer-sml-layout":"","theme-transparent-header-meta":"","adv-header-id-meta":"","stick-header-meta":"","header-above-stick-meta":"","header-main-stick-meta":"","header-below-stick-meta":""},"pwb-brand":[564],"product_cat":[279],"product_tag":[],"class_list":{"0":"post-106088","1":"product","2":"type-product","3":"status-publish","5":"pwb-brand-ina","6":"product_cat-vesipumppu","7":"desktop-align-left","8":"tablet-align-left","9":"mobile-align-left","11":"first","12":"instock","13":"product-type-external"},"brands":[{"id":564,"name":"INA","slug":"ina"}],"_links":{"self":[{"href":"https:\/\/www.autonvaraosahaku.fi\/index.php?rest_route=\/wp\/v2\/product\/106088","targetHints":{"allow":["GET"]}}],"collection":[{"href":"https:\/\/www.autonvaraosahaku.fi\/index.php?rest_route=\/wp\/v2\/product"}],"about":[{"href":"https:\/\/www.autonvaraosahaku.fi\/index.php?rest_route=\/wp\/v2\/types\/product"}],"wp:attachment":[{"href":"https:\/\/www.autonvaraosahaku.fi\/index.php?rest_route=%2Fwp%2Fv2%2Fmedia&parent=106088"}],"wp:term":[{"taxonomy":"pwb-brand","embeddable":true,"href":"https:\/\/www.autonvaraosahaku.fi\/index.php?rest_route=%2Fwp%2Fv2%2Fpwb-brand&post=106088"},{"taxonomy":"product_cat","embeddable":true,"href":"https:\/\/www.autonvaraosahaku.fi\/index.php?rest_route=%2Fwp%2Fv2%2Fproduct_cat&post=106088"},{"taxonomy":"product_tag","embeddable":true,"href":"https:\/\/www.autonvaraosahaku.fi\/index.php?rest_route=%2Fwp%2Fv2%2Fproduct_tag&post=106088"}],"curies":[{"name":"wp","href":"https:\/\/api.w.org\/{rel}","templated":true}]}}