{"id":106090,"date":"2021-02-21T23:11:32","date_gmt":"2021-02-21T23:11:32","guid":{"rendered":"https:\/\/www.autonvaraosahaku.fi\/?product=ina-538-0057-10-vesipumppu"},"modified":"2021-02-21T23:11:32","modified_gmt":"2021-02-21T23:11:32","slug":"ina-538-0057-10-vesipumppu","status":"publish","type":"product","link":"https:\/\/www.autonvaraosahaku.fi\/?product=ina-538-0057-10-vesipumppu","title":{"rendered":"INA 538 0057 10 Vesipumppu"},"content":{"rendered":"<p>Vesipumpputyyppi: Moniurahihnavedolle; Lis\u00e4tarvike\/lis\u00e4tieto: Tiivisteill\u00e4; kierrereiki\u00e4 [kpl]: 3; Valmistusvuoteen: 12\/1987; VOLVO: V40 Kombi VW,S40 I VS,480 E,440 K 445,460 L 464,340-360 343, 345,340-360 Stufenheck 344; SUZUKI: SAMURAI SJ; OPEL: MOVANO Kasten F9,MOVANO Combi J9,ARENA Kasten TB, TF; DACIA: SOLENZA; RENAULT: CLIO II BB0\/1\/2_, CB0\/1\/2_,KANGOO KC0\/1_,SC\u00c9NIC I JA0\/1_,ESPACE III JE0_,MEGANE Scenic JA0\/1_,MEGANE I BA0\/1_,MASTER II Kasten FD,KANGOO Express FC0\/1_,MEGANE I Grandtour KA0\/1_,MEGANE I Cabriolet EA0\/1_,LAGUNA I B56_, 556_,CLIO I B\/C57_, 5\/357_,LAGUNA I Grandtour K56_,MEGANE I Classic LA0\/1_,MEGANE I Coach DA0\/1_,MASTER II Bus JD,CLIO II Kasten SB0\/1\/2_,19 II B\/C53_,19 II Cabriolet D53_, 853_,SUPER 5 B\/C40_,RAPID Kasten F40_, G40_,19 I B\/C53_,TRAFIC Kasten TXX,9 L42_,TRAFIC Bus TXW,19 II Chamade L53_,11 B\/C37_,21 Stufenheck L48_,19 I Chamade L53_,THALIA I LB0\/1\/2_,TRAFIC Kasten T1, T3, T4,CLIO I Kasten S57_,19 I Cabriolet D53_,TRAFIC Bus T5, T6, T7,11 Kasten S37_,SPORT SPIDER EF0_,21 Kombi K48_,21 B48_,19 II Kasten S53_,TRAFIC Pritsche\/Fahrgestell P6,19 I Kasten S53_,TRAFIC Pritsche\/Fahrgestell PXX,21 Kasten S48_,SUPER 5 Kasten S40_,EXPRESS Kasten\/Kombi; MITSUBISHI: CARISMA DA_,CARISMA Stufenheck DA_; 7701462809, 7701463111, 7701463397, 7701464736, 7701465816, 7701466578, 7701468491, 7701473365, M345611, M855991, 4409162, 9112098, 91160212, 7701462809, 7701463111, 7701463397, 7701464736, 7701465816, 7701466578, 7701468491, 7701473365, 4409162, 9112098, 91160212, 30855991, 3287751, 3343093, 3344251, 3344827, 3345626<\/p>\n","protected":false},"excerpt":{"rendered":"<p>INA Vesipumppu 538 0057 10  VOLVO,SUZUKI,OPEL,V40 Kombi VW,S40 I VS,480 E,440 K 445,460 L 464,340-360 343, 345,340-360 Stufenheck 344,SAMURAI SJ<\/p>\n","protected":false},"featured_media":0,"template":"","meta":{"site-sidebar-layout":"default","site-content-layout":"default","ast-global-header-display":"","ast-main-header-display":"","ast-hfb-above-header-display":"","ast-hfb-below-header-display":"","ast-hfb-mobile-header-display":"","site-post-title":"","ast-breadcrumbs-content":"","ast-featured-img":"","footer-sml-layout":"","theme-transparent-header-meta":"","adv-header-id-meta":"","stick-header-meta":"","header-above-stick-meta":"","header-main-stick-meta":"","header-below-stick-meta":""},"pwb-brand":[564],"product_cat":[279],"product_tag":[],"class_list":{"0":"post-106090","1":"product","2":"type-product","3":"status-publish","5":"pwb-brand-ina","6":"product_cat-vesipumppu","7":"desktop-align-left","8":"tablet-align-left","9":"mobile-align-left","11":"first","12":"instock","13":"product-type-external"},"brands":[{"id":564,"name":"INA","slug":"ina"}],"_links":{"self":[{"href":"https:\/\/www.autonvaraosahaku.fi\/index.php?rest_route=\/wp\/v2\/product\/106090","targetHints":{"allow":["GET"]}}],"collection":[{"href":"https:\/\/www.autonvaraosahaku.fi\/index.php?rest_route=\/wp\/v2\/product"}],"about":[{"href":"https:\/\/www.autonvaraosahaku.fi\/index.php?rest_route=\/wp\/v2\/types\/product"}],"wp:attachment":[{"href":"https:\/\/www.autonvaraosahaku.fi\/index.php?rest_route=%2Fwp%2Fv2%2Fmedia&parent=106090"}],"wp:term":[{"taxonomy":"pwb-brand","embeddable":true,"href":"https:\/\/www.autonvaraosahaku.fi\/index.php?rest_route=%2Fwp%2Fv2%2Fpwb-brand&post=106090"},{"taxonomy":"product_cat","embeddable":true,"href":"https:\/\/www.autonvaraosahaku.fi\/index.php?rest_route=%2Fwp%2Fv2%2Fproduct_cat&post=106090"},{"taxonomy":"product_tag","embeddable":true,"href":"https:\/\/www.autonvaraosahaku.fi\/index.php?rest_route=%2Fwp%2Fv2%2Fproduct_tag&post=106090"}],"curies":[{"name":"wp","href":"https:\/\/api.w.org\/{rel}","templated":true}]}}