{"id":106098,"date":"2021-02-21T23:11:32","date_gmt":"2021-02-21T23:11:32","guid":{"rendered":"https:\/\/www.autonvaraosahaku.fi\/?product=ina-559-0057-10-jakoketju"},"modified":"2021-02-21T23:11:34","modified_gmt":"2021-02-21T23:11:34","slug":"ina-559-0057-10-jakoketju","status":"publish","type":"product","link":"https:\/\/www.autonvaraosahaku.fi\/?product=ina-559-0057-10-jakoketju","title":{"rendered":"INA 559 0057 10 Jakoketju"},"content":{"rendered":"<p>Tarvittava kappalem\u00e4\u00e4r\u00e4: 1; OPEL: CORSA D,CORSA C F08, F68,ASTRA H Caravan L35,MERIVA,ASTRA G CC F48_, F08_,ASTRA H L48,ASTRA G Caravan F35_,CORSA B 73_, 78_, 79_,ASTRA H GTC L08,AGILA A H00,TIGRA TwinTop,COMBO Kasten\/Kombi,ASTRA G Stufenheck F69_,COMBO Tour,CORSA D Van,CORSA C Kasten F08, W5L; VAUXHALL: CORSA Mk III D L_8,INSIGNIA Mk I A,ASTRA Mk V H CC,INSIGNIA Mk I A Estate,CORSA Mk II C W5L, F08,ASTRA Mk V H Estate,ZAFIRA Mk III P12,INSIGNIA Mk I A Sedan,CORSA Mk I B,MERIVA Mk I A,CORSAVAN Mk II C,MERIVA Mk II B,TIGRA Convertible,AGILA Mk I A,ASTRA Mk VI J Sedan,ASTRAVAN Mk V H,COMBO TOUR Mk II C F25,COMBO Mk II C Kasten\/Kombi F25; 5636248, 5636360, 5636946, 5636965, 5636966, 636378, 636807, 636808, 636821, 6606022, 6606023, 6606027<\/p>\n","protected":false},"excerpt":{"rendered":"<p>INA Jakoketjusarja 559 0057 10  OPEL,VAUXHALL,CORSA D,CORSA C F08, F68,ASTRA H Caravan L35,MERIVA,ASTRA G CC F48_, F08_,ASTRA H L48<\/p>\n","protected":false},"featured_media":0,"template":"","meta":{"site-sidebar-layout":"default","site-content-layout":"default","ast-global-header-display":"","ast-main-header-display":"","ast-hfb-above-header-display":"","ast-hfb-below-header-display":"","ast-hfb-mobile-header-display":"","site-post-title":"","ast-breadcrumbs-content":"","ast-featured-img":"","footer-sml-layout":"","theme-transparent-header-meta":"","adv-header-id-meta":"","stick-header-meta":"","header-above-stick-meta":"","header-main-stick-meta":"","header-below-stick-meta":""},"pwb-brand":[564],"product_cat":[60],"product_tag":[],"class_list":{"0":"post-106098","1":"product","2":"type-product","3":"status-publish","5":"pwb-brand-ina","6":"product_cat-jakoketju","7":"desktop-align-left","8":"tablet-align-left","9":"mobile-align-left","11":"first","12":"instock","13":"product-type-external"},"brands":[{"id":564,"name":"INA","slug":"ina"}],"_links":{"self":[{"href":"https:\/\/www.autonvaraosahaku.fi\/index.php?rest_route=\/wp\/v2\/product\/106098","targetHints":{"allow":["GET"]}}],"collection":[{"href":"https:\/\/www.autonvaraosahaku.fi\/index.php?rest_route=\/wp\/v2\/product"}],"about":[{"href":"https:\/\/www.autonvaraosahaku.fi\/index.php?rest_route=\/wp\/v2\/types\/product"}],"wp:attachment":[{"href":"https:\/\/www.autonvaraosahaku.fi\/index.php?rest_route=%2Fwp%2Fv2%2Fmedia&parent=106098"}],"wp:term":[{"taxonomy":"pwb-brand","embeddable":true,"href":"https:\/\/www.autonvaraosahaku.fi\/index.php?rest_route=%2Fwp%2Fv2%2Fpwb-brand&post=106098"},{"taxonomy":"product_cat","embeddable":true,"href":"https:\/\/www.autonvaraosahaku.fi\/index.php?rest_route=%2Fwp%2Fv2%2Fproduct_cat&post=106098"},{"taxonomy":"product_tag","embeddable":true,"href":"https:\/\/www.autonvaraosahaku.fi\/index.php?rest_route=%2Fwp%2Fv2%2Fproduct_tag&post=106098"}],"curies":[{"name":"wp","href":"https:\/\/api.w.org\/{rel}","templated":true}]}}