{"id":106103,"date":"2021-02-21T23:11:32","date_gmt":"2021-02-21T23:11:32","guid":{"rendered":"https:\/\/www.autonvaraosahaku.fi\/?product=ina-529-0050-21-moniurahihna"},"modified":"2021-02-21T23:11:35","modified_gmt":"2021-02-21T23:11:35","slug":"ina-529-0050-21-moniurahihna","status":"publish","type":"product","link":"https:\/\/www.autonvaraosahaku.fi\/?product=ina-529-0050-21-moniurahihna","title":{"rendered":"INA 529 0050 21 Moniurahihna"},"content":{"rendered":"<p>Pituus 1 (mm): 2035; kiiloja: 7; Hihnapy\u00f6r\u00e4t: V\u00e4lihihnapy\u00f6r\u00e4ll\u00e4; Huomioi huolto-ohjeet: ; Huomioi asennusohje: ; Apulaitteet: angetr. Agg.: Generator; MERCEDES-BENZ: E-CLASS W211,E-CLASS T-Model S211,E-CLASS W212,M-CLASS W164,E-CLASS T-Model S212,S-CLASS W221,CLS C219,R-CLASS W251, V251,G-CLASS W463,GL-CLASS X164,G-CLASS Cabrio W463; 0009067400, 0009970196, 0019937596, 0029934296, 0131546402, 0131547002, 0141541302, 1372020119, 1562020919, 19937596, 444961, 6281500060, 6281540102, 6421500860, 6422000070, 6422000970, 6422001070, 6422001370, 6422002370, 6422002570, 6429970292, A0009067400, A0009970196, A0019937596, A0029934296, A0131546402, A0131547002, A0141541302, A1372020119, A1562020919, A6281500060, A6281540102, A6421500860, A6422000070, A6422000970, A6422001070, A6422001370, A6422002370, A6422002570, A6429970292, OM642NCV23<\/p>\n","protected":false},"excerpt":{"rendered":"<p>INA Moniurahihnasarja 529 0050 21  MERCEDES-BENZ,E-CLASS W211,E-CLASS T-Model S211,E-CLASS W212,M-CLASS W164,E-CLASS T-Model S212,S-CLASS W221<\/p>\n","protected":false},"featured_media":0,"template":"","meta":{"site-sidebar-layout":"default","site-content-layout":"default","ast-global-header-display":"","ast-main-header-display":"","ast-hfb-above-header-display":"","ast-hfb-below-header-display":"","ast-hfb-mobile-header-display":"","site-post-title":"","ast-breadcrumbs-content":"","ast-featured-img":"","footer-sml-layout":"","theme-transparent-header-meta":"","adv-header-id-meta":"","stick-header-meta":"","header-above-stick-meta":"","header-main-stick-meta":"","header-below-stick-meta":""},"pwb-brand":[564],"product_cat":[23],"product_tag":[],"class_list":{"0":"post-106103","1":"product","2":"type-product","3":"status-publish","5":"pwb-brand-ina","6":"product_cat-moniurahihna","7":"desktop-align-left","8":"tablet-align-left","9":"mobile-align-left","11":"first","12":"instock","13":"product-type-external"},"brands":[{"id":564,"name":"INA","slug":"ina"}],"_links":{"self":[{"href":"https:\/\/www.autonvaraosahaku.fi\/index.php?rest_route=\/wp\/v2\/product\/106103","targetHints":{"allow":["GET"]}}],"collection":[{"href":"https:\/\/www.autonvaraosahaku.fi\/index.php?rest_route=\/wp\/v2\/product"}],"about":[{"href":"https:\/\/www.autonvaraosahaku.fi\/index.php?rest_route=\/wp\/v2\/types\/product"}],"wp:attachment":[{"href":"https:\/\/www.autonvaraosahaku.fi\/index.php?rest_route=%2Fwp%2Fv2%2Fmedia&parent=106103"}],"wp:term":[{"taxonomy":"pwb-brand","embeddable":true,"href":"https:\/\/www.autonvaraosahaku.fi\/index.php?rest_route=%2Fwp%2Fv2%2Fpwb-brand&post=106103"},{"taxonomy":"product_cat","embeddable":true,"href":"https:\/\/www.autonvaraosahaku.fi\/index.php?rest_route=%2Fwp%2Fv2%2Fproduct_cat&post=106103"},{"taxonomy":"product_tag","embeddable":true,"href":"https:\/\/www.autonvaraosahaku.fi\/index.php?rest_route=%2Fwp%2Fv2%2Fproduct_tag&post=106103"}],"curies":[{"name":"wp","href":"https:\/\/api.w.org\/{rel}","templated":true}]}}