{"id":106134,"date":"2021-02-21T23:11:44","date_gmt":"2021-02-21T23:11:44","guid":{"rendered":"https:\/\/www.autonvaraosahaku.fi\/?product=ina-420-0118-10-hydraulinen-venttiilinnostin"},"modified":"2021-02-21T23:11:45","modified_gmt":"2021-02-21T23:11:45","slug":"ina-420-0118-10-hydraulinen-venttiilinnostin","status":"publish","type":"product","link":"https:\/\/www.autonvaraosahaku.fi\/?product=ina-420-0118-10-hydraulinen-venttiilinnostin","title":{"rendered":"INA 420 0118 10 Hydraulinen venttiilinnostin"},"content":{"rendered":"<p>K\u00e4ytt\u00f6: Hydraulinen; Korkeus (mm): 26,50; L\u00e4pimitta [mm]: 32,00; Tarvittava kappalem\u00e4\u00e4r\u00e4: 16; CHEVROLET: CAPTIVA C100, C140,NUBIRA Kombi,EPICA KL1_,LACETTI J200,REZZO,NUBIRA Stufenheck,LACETTI Kombi J200,CHEVY,LACETTI Stufenheck,CHEVY Kombi,CHEVY Stufenheck; DAEWOO: REZZO KLAU,EVANDA KLAL,LACETTI Schr\u00e4gheck KLAN,NUBIRA Stufenheck KLAN,NUBIRA Wagon KLAN,NUBIRA Wagon KLAJ,LEGANZA KLAV,NUBIRA Stufenheck KLAJ,NUBIRA KLAJ,LACETTI J150  Stufenheck,NUBIRA J150,NUBIRA Stufenheck J150,NUBIRA Kombi J150; SAAB: 9-3 YS3F,9-5 Kombi YS3E,9-3 Kombi YS3F,9-3 YS3D,9-5 YS3E,9-3 Cabriolet YS3F; OPEL: CORSA C F08, F68,ZAFIRA B A05,ASTRA H Caravan L35,MERIVA,ZAFIRA A F75_,ASTRA G CC F48_, F08_,ASTRA H L48,ASTRA G Caravan F35_,CORSA B 73_, 78_, 79_,VECTRA C Caravan,ASTRA H GTC L08,SIGNUM,VECTRA C,ZAFIRA TOURER C P12,VECTRA B 36_,ASTRA F CC 53_, 54_, 58_, 59_,OMEGA B Caravan 21_, 22_, 23_,OMEGA B 25_, 26_, 27_,VECTRA C GTS,ANTARA,TIGRA TwinTop,VECTRA B Caravan 31_,ASTRA H TwinTop L67,ASTRA G Cabriolet F67,ASTRA F Caravan 51_, 52_,FRONTERA B 6B_,ASTRA G Coupe F07_,COMBO Kasten\/Kombi,ASTRA G Stufenheck F69_,ZAFIRA B Van,CALIBRA A 85_,VECTRA B CC 38_,COMBO Tour,VECTRA A 86_, 87_,CORSA CLASSIC Stufenheck,ASTRA F Cabriolet 53_B,ASTRA F 56_, 57_,KADETT E CC 33_, 34_, 43_, 44_,SINTRA,TIGRA 95_,FRONTERA A 5_MWL4,VECTRA A CC 88_, 89_,COMBO 71_,CORSA C Utility Pick-up,ASTRA F CLASSIC CC,SPEEDSTER,ASTRA F CLASSIC Stufenheck,ASTRA F CLASSIC Caravan,ASTRA G Kasten F70,CORSA B Kombi F35,CORSA B Utility Pick-up,ASTRA F Van 55_,ASTRA G CLASSIC Caravan F35,ASTRA G CLASSIC T; VAUXHALL: CALIBRA,ZAFIRA Mk II B M75,ASTRA Mk V H CC,VECTRA Mk II C CC,ZAFIRA Mk I A F75,CORSA Mk II C W5L, F08,ASTRA Mk V H Estate,ZAFIRA Mk III P12,VECTRA Mk II C Estate,ASTRA Mk V H Convertible,ASTRA Mk IV G CC,VECTRA Mk II C,ANTARA J26, H26,ASTRA Mk III F CC,FRONTERA Mk II B,CORSA Mk I B,MERIVA Mk I A,SIGNUM,ASTRA Mk IV G Sedan,OMEGA B,ASTRA Mk II CC,TIGRA Convertible,VECTRA B CC,FRONTERA Mk I A,CAVALIER Mk III 87,VX220,VECTRA B Estate,VECTRA B,ASTRA Mk III F Estate,COMBO Mk I B,ASTRAVAN Mk IV G,ASTRA Mk IV G Coupe F67,CAVALIER Mk III CC,TIGRA Mk I F07,OMEGA B Estate,COMBO TOUR Mk II C F25,ASTRA Mk IV G Convertible,COMBO Mk II C Kasten\/Kombi F25,ASTRA Mk IV G Estate; 24419109, 24419109, 55556244, 90570967, 93390134, 8905709670, 8931740760, 09117903, 09117904, 09117905, 24419109, 5640021, 640000, 640003, 640004, 640008, 640009, 640010, 640020, 640056, 640057, 640067, 640520, 640521, 90324449, 90348473, 90486843, 90486863, 90501024, 90502514, 90510511, 90511241, 90542783, 90570967, 9117903, 9117904, 9117905, 93174076, 93184457, 90502514, 90570967, 93174076, 9542978, 1289185Z10, 09117903, 09117904, 09117905, 90324449, 90348473, 90486843, 90486863, 90501024, 90502514, 90510511, 90511241, 90542783, 90570967, 9117903, 9117904, 9117905; Venttiilinnostin<\/p>\n","protected":false},"excerpt":{"rendered":"<p>INA Hydraulinen Venttiilinnostin 420 0118 10 Venttiilinnostin CHEVROLET,DAEWOO,SAAB,CAPTIVA C100, C140,NUBIRA Kombi,EPICA KL1_,LACETTI J200,REZZO<\/p>\n","protected":false},"featured_media":0,"template":"","meta":{"site-sidebar-layout":"default","site-content-layout":"default","ast-global-header-display":"","ast-main-header-display":"","ast-hfb-above-header-display":"","ast-hfb-below-header-display":"","ast-hfb-mobile-header-display":"","site-post-title":"","ast-breadcrumbs-content":"","ast-featured-img":"","footer-sml-layout":"","theme-transparent-header-meta":"","adv-header-id-meta":"","stick-header-meta":"","header-above-stick-meta":"","header-main-stick-meta":"","header-below-stick-meta":""},"pwb-brand":[564],"product_cat":[126],"product_tag":[],"class_list":{"0":"post-106134","1":"product","2":"type-product","3":"status-publish","5":"pwb-brand-ina","6":"product_cat-hydraulinen-venttiilinnostin","7":"desktop-align-left","8":"tablet-align-left","9":"mobile-align-left","11":"first","12":"instock","13":"product-type-external"},"brands":[{"id":564,"name":"INA","slug":"ina"}],"_links":{"self":[{"href":"https:\/\/www.autonvaraosahaku.fi\/index.php?rest_route=\/wp\/v2\/product\/106134","targetHints":{"allow":["GET"]}}],"collection":[{"href":"https:\/\/www.autonvaraosahaku.fi\/index.php?rest_route=\/wp\/v2\/product"}],"about":[{"href":"https:\/\/www.autonvaraosahaku.fi\/index.php?rest_route=\/wp\/v2\/types\/product"}],"wp:attachment":[{"href":"https:\/\/www.autonvaraosahaku.fi\/index.php?rest_route=%2Fwp%2Fv2%2Fmedia&parent=106134"}],"wp:term":[{"taxonomy":"pwb-brand","embeddable":true,"href":"https:\/\/www.autonvaraosahaku.fi\/index.php?rest_route=%2Fwp%2Fv2%2Fpwb-brand&post=106134"},{"taxonomy":"product_cat","embeddable":true,"href":"https:\/\/www.autonvaraosahaku.fi\/index.php?rest_route=%2Fwp%2Fv2%2Fproduct_cat&post=106134"},{"taxonomy":"product_tag","embeddable":true,"href":"https:\/\/www.autonvaraosahaku.fi\/index.php?rest_route=%2Fwp%2Fv2%2Fproduct_tag&post=106134"}],"curies":[{"name":"wp","href":"https:\/\/api.w.org\/{rel}","templated":true}]}}