{"id":106139,"date":"2021-02-21T23:11:44","date_gmt":"2021-02-21T23:11:44","guid":{"rendered":"https:\/\/www.autonvaraosahaku.fi\/?product=ina-423-0055-10-hydraulinen-venttiilinnostin"},"modified":"2021-02-21T23:11:46","modified_gmt":"2021-02-21T23:11:46","slug":"ina-423-0055-10-hydraulinen-venttiilinnostin","status":"publish","type":"product","link":"https:\/\/www.autonvaraosahaku.fi\/?product=ina-423-0055-10-hydraulinen-venttiilinnostin","title":{"rendered":"INA 423 0055 10 Hydraulinen venttiilinnostin"},"content":{"rendered":"<p>Tarvittava kappalem\u00e4\u00e4r\u00e4: 16; VOLVO: V40 Kombi VW,V50 MW,V70 III BW,C30,S40 II MS,S40 I VS,C70 II Cabriolet,S80 II AS; SUZUKI: GRAND VITARA I FT; LANCIA: PHEDRA 179,ZETA 220; FORD: FOCUS II Kombi DA_,MONDEO IV Turnier BA7,FOCUS II DA_,S-MAX WA6,FOCUS C-MAX,GALAXY WA6,KUGA I,C-MAX DM2,MONDEO IV BA7,FOCUS II Stufenheck DA_,FOCUS II Cabriolet,MONDEO IV Stufenheck BA7; FIAT: SCUDO 270_,ULYSSE 179AX,SCUDO Kasten 270_,ULYSSE 220,SCUDO Kasten 220L,SCUDO Combinato 220P,SCUDO Pritsche\/Fahrgestell 270_,SCUDO Pritsche\/Fahrgestell 220_; CITRO\u00cbN: XSARA PICASSO N68,C5 III Break TD_,C4 Picasso I UD_,C4 Grand Picasso I UA_,C8 EA_, EB_,C4 I LC_,C5 II Break RE_,C5 I DC_,C5 I Break DE_,C5 III RD_,C4 Coupe LA_,C5 II RC_,JUMPY,JUMPY Kasten,EVASION 22, U6,C4 Stufenheck L,JUMPY U6U,JUMPY Kasten BS_, BT_, BY_, BZ_,JUMPY Pritsche\/Fahrgestell BU_, BV_, BW_, BX_; PEUGEOT: 307 SW 3H,307 CC 3B,407 SW 6E_,307 3A\/C,308 SW,807 E,308 4A_, 4C_,307 Break 3E,607 9D, 9U,407 6D_,406 Break 8E\/F,308 CC,406 Coupe 8C,406 8B,806 221,407 Coupe 6C_,EXPERT Tepee VF3V_,EXPERT Kasten VF3A_, VF3U_, VF3X_,EXPERT Kasten 222,EXPERT 224,EXPERT Pritsche\/Fahrgestell 223,EXPERT Pritsche\/Fahrgestell; 9651263480, 1331285, 3M5Q6500AB, 0903J4, 9651263480, 1289067J00000, 30711897, 30725160, 8653752<\/p>\n","protected":false},"excerpt":{"rendered":"<p>INA Tarvikesarja, Vipupainin 423 0055 10  VOLVO,SUZUKI,LANCIA,V40 Kombi VW,V50 MW,V70 III BW,C30,S40 II MS,S40 I VS,C70 II Cabriolet,S80 II AS<\/p>\n","protected":false},"featured_media":0,"template":"","meta":{"site-sidebar-layout":"default","site-content-layout":"default","ast-global-header-display":"","ast-main-header-display":"","ast-hfb-above-header-display":"","ast-hfb-below-header-display":"","ast-hfb-mobile-header-display":"","site-post-title":"","ast-breadcrumbs-content":"","ast-featured-img":"","footer-sml-layout":"","theme-transparent-header-meta":"","adv-header-id-meta":"","stick-header-meta":"","header-above-stick-meta":"","header-main-stick-meta":"","header-below-stick-meta":""},"pwb-brand":[564],"product_cat":[126],"product_tag":[],"class_list":{"0":"post-106139","1":"product","2":"type-product","3":"status-publish","5":"pwb-brand-ina","6":"product_cat-hydraulinen-venttiilinnostin","7":"desktop-align-left","8":"tablet-align-left","9":"mobile-align-left","11":"first","12":"instock","13":"product-type-external"},"brands":[{"id":564,"name":"INA","slug":"ina"}],"_links":{"self":[{"href":"https:\/\/www.autonvaraosahaku.fi\/index.php?rest_route=\/wp\/v2\/product\/106139","targetHints":{"allow":["GET"]}}],"collection":[{"href":"https:\/\/www.autonvaraosahaku.fi\/index.php?rest_route=\/wp\/v2\/product"}],"about":[{"href":"https:\/\/www.autonvaraosahaku.fi\/index.php?rest_route=\/wp\/v2\/types\/product"}],"wp:attachment":[{"href":"https:\/\/www.autonvaraosahaku.fi\/index.php?rest_route=%2Fwp%2Fv2%2Fmedia&parent=106139"}],"wp:term":[{"taxonomy":"pwb-brand","embeddable":true,"href":"https:\/\/www.autonvaraosahaku.fi\/index.php?rest_route=%2Fwp%2Fv2%2Fpwb-brand&post=106139"},{"taxonomy":"product_cat","embeddable":true,"href":"https:\/\/www.autonvaraosahaku.fi\/index.php?rest_route=%2Fwp%2Fv2%2Fproduct_cat&post=106139"},{"taxonomy":"product_tag","embeddable":true,"href":"https:\/\/www.autonvaraosahaku.fi\/index.php?rest_route=%2Fwp%2Fv2%2Fproduct_tag&post=106139"}],"curies":[{"name":"wp","href":"https:\/\/api.w.org\/{rel}","templated":true}]}}