{"id":10617,"date":"2021-02-21T14:09:18","date_gmt":"2021-02-21T14:09:18","guid":{"rendered":"https:\/\/www.autonvaraosahaku.fi\/?product=meyle-326-623-0017-iskunvaimennin"},"modified":"2021-02-21T14:09:20","modified_gmt":"2021-02-21T14:09:20","slug":"meyle-326-623-0017-iskunvaimennin","status":"publish","type":"product","link":"https:\/\/www.autonvaraosahaku.fi\/?product=meyle-326-623-0017-iskunvaimennin","title":{"rendered":"MEYLE 326 623 0017 Iskunvaimennin"},"content":{"rendered":"<p>Asennuspuoli: Etuakseli, oikea; Iskunvaimennin tyyppi: Kaasupaine; Iskunvaimennusj\u00e4rjestelm\u00e4: Kaksiputki; Iskunvaimennin malli: Joustintuki; Iskunvaimennin asennustapa: Tappi ylh\u00e4\u00e4ll\u00e4; Suositellun tarvikkeen tuotenumero: 314 640 0001; parilliset tuotenumerot: 326 623 0018; lis\u00e4tieto: ORIGINAL Quality; Alustarakenne: f\u00fcr Fahrzeuge mit Standard Fahrwerk; BMW: 3 E46,3 Touring E46,3 Compact E46,3 Coupe E46,3 Cabriolet E46; 31311095912, 31311096854, 31316750790, 31316759096, 31316759098, 31316759562; Iskarit,Iskunvaimennin<\/p>\n","protected":false},"excerpt":{"rendered":"<p>MEYLE Iskunvaimentimet 326 623 0017 Iskarit,Iskunvaimennin BMW,3 E46,3 Touring E46,3 Compact E46,3 Coupe E46,3 Cabriolet E46<\/p>\n","protected":false},"featured_media":0,"template":"","meta":{"site-sidebar-layout":"default","site-content-layout":"default","ast-global-header-display":"","ast-main-header-display":"","ast-hfb-above-header-display":"","ast-hfb-below-header-display":"","ast-hfb-mobile-header-display":"","site-post-title":"","ast-breadcrumbs-content":"","ast-featured-img":"","footer-sml-layout":"","theme-transparent-header-meta":"","adv-header-id-meta":"","stick-header-meta":"","header-above-stick-meta":"","header-main-stick-meta":"","header-below-stick-meta":""},"pwb-brand":[84],"product_cat":[80],"product_tag":[],"class_list":{"0":"post-10617","1":"product","2":"type-product","3":"status-publish","5":"pwb-brand-meyle","6":"product_cat-iskunvaimennin","7":"desktop-align-left","8":"tablet-align-left","9":"mobile-align-left","11":"first","12":"instock","13":"product-type-external"},"brands":[{"id":84,"name":"MEYLE","slug":"meyle"}],"_links":{"self":[{"href":"https:\/\/www.autonvaraosahaku.fi\/index.php?rest_route=\/wp\/v2\/product\/10617","targetHints":{"allow":["GET"]}}],"collection":[{"href":"https:\/\/www.autonvaraosahaku.fi\/index.php?rest_route=\/wp\/v2\/product"}],"about":[{"href":"https:\/\/www.autonvaraosahaku.fi\/index.php?rest_route=\/wp\/v2\/types\/product"}],"wp:attachment":[{"href":"https:\/\/www.autonvaraosahaku.fi\/index.php?rest_route=%2Fwp%2Fv2%2Fmedia&parent=10617"}],"wp:term":[{"taxonomy":"pwb-brand","embeddable":true,"href":"https:\/\/www.autonvaraosahaku.fi\/index.php?rest_route=%2Fwp%2Fv2%2Fpwb-brand&post=10617"},{"taxonomy":"product_cat","embeddable":true,"href":"https:\/\/www.autonvaraosahaku.fi\/index.php?rest_route=%2Fwp%2Fv2%2Fproduct_cat&post=10617"},{"taxonomy":"product_tag","embeddable":true,"href":"https:\/\/www.autonvaraosahaku.fi\/index.php?rest_route=%2Fwp%2Fv2%2Fproduct_tag&post=10617"}],"curies":[{"name":"wp","href":"https:\/\/api.w.org\/{rel}","templated":true}]}}