{"id":106180,"date":"2021-02-21T23:11:56","date_gmt":"2021-02-21T23:11:56","guid":{"rendered":"https:\/\/www.autonvaraosahaku.fi\/?product=ina-422-0144-10-hydraulinen-venttiilinnostin"},"modified":"2021-02-21T23:11:59","modified_gmt":"2021-02-21T23:11:59","slug":"ina-422-0144-10-hydraulinen-venttiilinnostin","status":"publish","type":"product","link":"https:\/\/www.autonvaraosahaku.fi\/?product=ina-422-0144-10-hydraulinen-venttiilinnostin","title":{"rendered":"INA 422 0144 10 Hydraulinen venttiilinnostin"},"content":{"rendered":"<p>Tarvittava kappalem\u00e4\u00e4r\u00e4: 24; MERCEDES-BENZ: C-CLASS W203,E-CLASS W211,C-CLASS W204,C-CLASS T-Model S204,C-CLASS T-Model S203,E-CLASS T-Model S211,E-CLASS W212,B-CLASS W246, W242,C-CLASS Coupe CL203,E-CLASS T-Model S212,GLK-CLASS X204,SLK R171,A-CLASS W176,CLK C209,SPRINTER 3,5-t Kasten 906,S-CLASS W221,R-CLASS W251, V251,M-CLASS W166,G-CLASS W463,E-CLASS Coupe C207,CLK Cabriolet A209,CLA Coupe C117,C-CLASS Coupe C204,SPRINTER 3,5-t Bus 906,SPRINTER 3-t Kasten 906,SLK R172,E-CLASS Cabriolet A207,CLC-CLASS CL203,CLS C218,SPRINTER 3,5-t Pritsche\/Fahrgestell 906,S-CLASS Coupe C216,SPRINTER 3-t Bus 906,CLS Shooting Brake X218,S-CLASS W222, V222, X222,SPRINTER 5-t Pritsche\/Fahrgestell 906,GL-CLASS X166,SL R231,SPRINTER 3-t Pritsche\/Fahrgestell 906,C-CLASS T-Model S205,C-CLASS W205,V-CLASS W447,GLA-CLASS X156,E-CLASS W213,VITO Tourer W447,CLA Shooting Brake X117,GLC X253,E-CLASS T-Model S213,VITO Kasten W447,GLE W166,C-CLASS Coupe C205,GLC Coupe C253,GLE Coupe C292,AMG GT \/ GT S C190,SLC R172,GLS X166,C-C; 2760500000, 2760500233, 2760501400, A2760500000, A2760500233, A2760501400; Vipupainin, Moottorin S\u00e4\u00e4t\u00f6<\/p>\n","protected":false},"excerpt":{"rendered":"<p>INA Keinuvipu 422 0144 10 Vipupainin, Moottorin S\u00e4\u00e4t\u00f6 MERCEDES-BENZ,C-CLASS W203,E-CLASS W211,C-CLASS W204,C-CLASS T-Model S204,C-CLASS T-Model S203<\/p>\n","protected":false},"featured_media":0,"template":"","meta":{"site-sidebar-layout":"default","site-content-layout":"default","ast-global-header-display":"","ast-main-header-display":"","ast-hfb-above-header-display":"","ast-hfb-below-header-display":"","ast-hfb-mobile-header-display":"","site-post-title":"","ast-breadcrumbs-content":"","ast-featured-img":"","footer-sml-layout":"","theme-transparent-header-meta":"","adv-header-id-meta":"","stick-header-meta":"","header-above-stick-meta":"","header-main-stick-meta":"","header-below-stick-meta":""},"pwb-brand":[564],"product_cat":[126],"product_tag":[],"class_list":{"0":"post-106180","1":"product","2":"type-product","3":"status-publish","5":"pwb-brand-ina","6":"product_cat-hydraulinen-venttiilinnostin","7":"desktop-align-left","8":"tablet-align-left","9":"mobile-align-left","11":"first","12":"instock","13":"product-type-external"},"brands":[{"id":564,"name":"INA","slug":"ina"}],"_links":{"self":[{"href":"https:\/\/www.autonvaraosahaku.fi\/index.php?rest_route=\/wp\/v2\/product\/106180","targetHints":{"allow":["GET"]}}],"collection":[{"href":"https:\/\/www.autonvaraosahaku.fi\/index.php?rest_route=\/wp\/v2\/product"}],"about":[{"href":"https:\/\/www.autonvaraosahaku.fi\/index.php?rest_route=\/wp\/v2\/types\/product"}],"wp:attachment":[{"href":"https:\/\/www.autonvaraosahaku.fi\/index.php?rest_route=%2Fwp%2Fv2%2Fmedia&parent=106180"}],"wp:term":[{"taxonomy":"pwb-brand","embeddable":true,"href":"https:\/\/www.autonvaraosahaku.fi\/index.php?rest_route=%2Fwp%2Fv2%2Fpwb-brand&post=106180"},{"taxonomy":"product_cat","embeddable":true,"href":"https:\/\/www.autonvaraosahaku.fi\/index.php?rest_route=%2Fwp%2Fv2%2Fproduct_cat&post=106180"},{"taxonomy":"product_tag","embeddable":true,"href":"https:\/\/www.autonvaraosahaku.fi\/index.php?rest_route=%2Fwp%2Fv2%2Fproduct_tag&post=106180"}],"curies":[{"name":"wp","href":"https:\/\/api.w.org\/{rel}","templated":true}]}}