{"id":106182,"date":"2021-02-21T23:11:56","date_gmt":"2021-02-21T23:11:56","guid":{"rendered":"https:\/\/www.autonvaraosahaku.fi\/?product=ina-535-0202-10-laturin-vapaakytkin"},"modified":"2021-02-21T23:11:59","modified_gmt":"2021-02-21T23:11:59","slug":"ina-535-0202-10-laturin-vapaakytkin","status":"publish","type":"product","link":"https:\/\/www.autonvaraosahaku.fi\/?product=ina-535-0202-10-laturin-vapaakytkin","title":{"rendered":"INA 535 0202 10 Laturin vapaakytkin"},"content":{"rendered":"<p>Rihloja (kpl): 6; Ensimm\u00e4isen uran v\u00e4li [mm]: 13,65; Leveys (mm): 40,1; L\u00e4pimitta 1\/l\u00e4pimitta 2 [mm]: 53,7\/17,0; valmistenumerolle: F-563424.XX, F-580007.XX; Korvaava tuote\/korvaava tiedote 2: Erikoisty\u00f6kalu tarpeen asennuksessa; Apulaitteet: angetr. Agg.: Generator; CHEVROLET: ORLANDO J309,CRUZE J300,CRUZE Station Wagon J308,AVEO Schr\u00e4gheck T300,CRUZE Schr\u00e4gheck J305,TRAX,AVEO Stufenheck T300; OPEL: ZAFIRA B A05,ASTRA J Sports Tourer,INSIGNIA Caravan,ASTRA J,ZAFIRA TOURER C P12,ADAM,INSIGNIA,INSIGNIA Stufenheck,ASTRA GTC J,ASTRA J Stufenheck,CASCADA W13; BMW: 3 E46,3 Touring E91,3 E90,5 E60,5 Touring E61,3 Touring E46,X3 E83,3 Compact E46,3 Coupe E46,3 Coupe E92,3 Cabriolet E46,3 Cabriolet E93,7 E65, E66, E67,6 Cabriolet E64; VAUXHALL: CORSA Mk III D L_8,INSIGNIA Mk I A,ZAFIRA Mk II B M75,ADAM,INSIGNIA Mk I A Estate,ZAFIRA Mk III P12,ASTRA Mk VI J CC,INSIGNIA Mk I A Sedan,ASTRA Mk VI J,ASTRA Mk VI J Sedan,ASTRA Mk VI J Estate; 12312248296, 12312248297, 12317789980, 12317789983, 12317797521, 12317797522, 12317797660, 12317797661, 12317799204, 12317800308, 12317802928, 12317802929, 12318517261, 2248296, 2248297, 7789980, 7789983, 7797521, 7797522, 7797660, 7797661, 7799204, 7800308, 7802928, 7802929, 8517261, 24103629, 13500577, 13579666, 13581885, 13595628, 55567951, 55580126, 12312248296, 12312248297, 12317789980, 12317789983, 12317797521, 12317797522, 12317797660, 12317797661, 12317799204, 12317800308, 12317802928, 12317802929, 12318517261, 2248296, 2248297, 7789980, 7789983, 7797521, 7797522, 7797660, 7797661, 7799204, 7800308, 7802928, 7802929, 8517261, 1202120, 1202190, 1202235, 1202244, 1202263, 1202284, 1202310, 1202435, 1204178, 1204180, 1204292, 1204654, 1202120, 1202190, 1202235, 1202244, 1202263, 1202284, 1202310, 1202435, 1204178, 1204180, 1204292, 1204654; Laturin Hihnapy\u00f6r\u00e4,Vapaakytkin<\/p>\n","protected":false},"excerpt":{"rendered":"<p>INA Laturin Vapaakytkin 535 0202 10 Laturin Hihnapy\u00f6r\u00e4,Vapaakytkin CHEVROLET,OPEL,BMW,ORLANDO J309,CRUZE J300,CRUZE Station Wagon J308<\/p>\n","protected":false},"featured_media":0,"template":"","meta":{"site-sidebar-layout":"default","site-content-layout":"default","ast-global-header-display":"","ast-main-header-display":"","ast-hfb-above-header-display":"","ast-hfb-below-header-display":"","ast-hfb-mobile-header-display":"","site-post-title":"","ast-breadcrumbs-content":"","ast-featured-img":"","footer-sml-layout":"","theme-transparent-header-meta":"","adv-header-id-meta":"","stick-header-meta":"","header-above-stick-meta":"","header-main-stick-meta":"","header-below-stick-meta":""},"pwb-brand":[564],"product_cat":[443],"product_tag":[],"class_list":{"0":"post-106182","1":"product","2":"type-product","3":"status-publish","5":"pwb-brand-ina","6":"product_cat-laturin-vapaakytkin","7":"desktop-align-left","8":"tablet-align-left","9":"mobile-align-left","11":"first","12":"instock","13":"product-type-external"},"brands":[{"id":564,"name":"INA","slug":"ina"}],"_links":{"self":[{"href":"https:\/\/www.autonvaraosahaku.fi\/index.php?rest_route=\/wp\/v2\/product\/106182","targetHints":{"allow":["GET"]}}],"collection":[{"href":"https:\/\/www.autonvaraosahaku.fi\/index.php?rest_route=\/wp\/v2\/product"}],"about":[{"href":"https:\/\/www.autonvaraosahaku.fi\/index.php?rest_route=\/wp\/v2\/types\/product"}],"wp:attachment":[{"href":"https:\/\/www.autonvaraosahaku.fi\/index.php?rest_route=%2Fwp%2Fv2%2Fmedia&parent=106182"}],"wp:term":[{"taxonomy":"pwb-brand","embeddable":true,"href":"https:\/\/www.autonvaraosahaku.fi\/index.php?rest_route=%2Fwp%2Fv2%2Fpwb-brand&post=106182"},{"taxonomy":"product_cat","embeddable":true,"href":"https:\/\/www.autonvaraosahaku.fi\/index.php?rest_route=%2Fwp%2Fv2%2Fproduct_cat&post=106182"},{"taxonomy":"product_tag","embeddable":true,"href":"https:\/\/www.autonvaraosahaku.fi\/index.php?rest_route=%2Fwp%2Fv2%2Fproduct_tag&post=106182"}],"curies":[{"name":"wp","href":"https:\/\/api.w.org\/{rel}","templated":true}]}}